{"id":7104,"date":"2016-03-30T09:36:59","date_gmt":"2016-03-30T09:36:59","guid":{"rendered":"https:\/\/www.hotel-weingarten.it\/de\/?page_id=7104"},"modified":"2016-08-04T10:29:05","modified_gmt":"2016-08-04T10:29:05","slug":"golf-club-lana","status":"publish","type":"page","link":"https:\/\/hotel-weingarten.it\/de\/hotel-am-kalterer-see\/golf-in-suedtirol\/golf-club-lana\/","title":{"rendered":"Golf Club Lana"},"content":{"rendered":"[vc_row type=&#8220;in_container&#8220; full_screen_row_position=&#8220;middle&#8220; scene_position=&#8220;center&#8220; text_color=&#8220;dark&#8220; text_align=&#8220;left&#8220; overlay_strength=&#8220;0.3&#8243;][vc_column column_padding=&#8220;no-extra-padding&#8220; column_padding_position=&#8220;all&#8220; background_color_opacity=&#8220;1&#8243; background_hover_color_opacity=&#8220;1&#8243; width=&#8220;1\/1&#8243; tablet_text_alignment=&#8220;default&#8220; phone_text_alignment=&#8220;default&#8220;][page_submenu sticky=&#8220;true&#8220; bg_color=&#8220;#303644&#8243; link_color=&#8220;#ffffff&#8220;][page_link link_url=&#8220;..\/dolomiti-golf-club-sarnonico\/&#8220; title=&#8220;Dolomiti Golf Club Sarnonico&#8220; tab_id=&#8220;1458296313262-0&#8243; id=&#8220;a5ea34bd-f6be-2&#8243;] [\/page_link][\/page_submenu][\/vc_column][\/vc_row][vc_row type=&#8220;in_container&#8220; full_screen_row_position=&#8220;middle&#8220; scene_position=&#8220;center&#8220; text_color=&#8220;dark&#8220; text_align=&#8220;left&#8220; top_padding=&#8220;100&#8243; bottom_padding=&#8220;100&#8243; overlay_strength=&#8220;0.3&#8243;][vc_column column_padding=&#8220;no-extra-padding&#8220; column_padding_position=&#8220;all&#8220; background_color_opacity=&#8220;1&#8243; background_hover_color_opacity=&#8220;1&#8243; width=&#8220;1\/4&#8243; tablet_text_alignment=&#8220;default&#8220; phone_text_alignment=&#8220;default&#8220;][\/vc_column][vc_column column_padding=&#8220;no-extra-padding&#8220; column_padding_position=&#8220;all&#8220; background_color_opacity=&#8220;1&#8243; background_hover_color_opacity=&#8220;1&#8243; top_margin=&#8220;200px&#8220; bottom_margin=&#8220;200px&#8220; width=&#8220;1\/2&#8243; tablet_text_alignment=&#8220;default&#8220; phone_text_alignment=&#8220;default&#8220;][split_line_heading]\n<h1 class=\"docData;DOCY;v5;2444;BAiAAgAABoQCAAADygMAAAXYAwAAAAAAAAAAAAAAAAAAAAAAAAAAAAAAAAAAAAAAAAAAAAAAAAAAAAAAAAAAAAAAAAAAAAAAAAAAAAAAAAAAAAAAAAAAAAAAAAAAAAAAAAAAAAAAAAAAAAAAAAAAAAAAAAAAAAAAAAAAAAAAAAAAAAAAAAAAAAAAAAAAAAAAAAAAAAAAAAAAAAAAAAAAAAAAAAAAAAAAAAAAAAAAAAAAAAAAAAAAAAAAAAAAAAAAAAAAAAAAAAAAAAAAAAAAAAAAAAAAAAAAAAAAAAAAAAAAAAAAAAAAAAAAAAAAAAAAAAAAAAAAAAAAAAAAAAAAAAAAAAAAAAAAAAAAAAAAAAAAAAAAAAAAAAAAAAAAAAAAAAAAAAAAAAAAAAAAAAAAAAAAAAAAAAAAAAAAAAAAAAAAAAAAAAAAAAAAAAAAAAAAAAAAAAAAAAAAAAAAAAAAAAAAAAAAAAAAAAAAAAAAAAAAAAAAAAAAAAAAAAAAAAAAAAAAAAAAAAAAAAAAAAAAAAAAAAAAAAAAAAAAAAAAAAAAAAAAAAAAAAAAAAAAAAAAAAAAAAAAAAAAAAAAAAAAAAAAAAAAAAAAAAAAAAAAAAAAAAAAAAAAAAAAAAAAAAAAAAAAAAAAAAAAAAAAAAAAAAAAAAAAAAAAAAAAAAAAAAAAAAAAAAAAAAAAAAAAAAAAAAAAAAAAAAAAAAAAAAAAAAAAAAAAAAAAAAAAAAAAAAAAAAAAAAAAAAAAAAAAAAAAAAAAAAAAAAAAAAAAAAAAAAAAAAAAAAAAAAAAAAAAAAAAAAAAAAAAAAAAAAAAAAAAAAAAAAAAAAAAAAAAAAAAAAAAAABCAQAAAI4AAAABIgAAABUGBAAAADYANQABBgAAAAAJBgAAAAAaBgAAAAAbBgAAAAACYgAAAAU\/AAAAAQAAAAAINQAAAAAwAAAAQgBpAGsAZQAgAHQAbwB1AHIAcwAgAGkAbgAgAEEAbAB0AG8AIABBAGQAaQBnAGUABQoAAAABAAAAAAgAAAAABQoAAAABAAAAAAgAAAAAAKoAAAABIgAAABUGBAAAADYANgABBgAAAAAJBgAAAAAaBgAAAAAbBgAAAAACfgAAAAU1AAAAAQAAAAAIKwAAAAAmAAAAVQBuACAAbQBvAG4AZABvACAAYQAgAHAAbwByAHQAYQB0AGEAIAAFIQAAAAEAAAAACBcAAAAAEgAAAGQAaQAgAHAAZQBkAGEAbABlAAUKAAAAAQAAAAAIAAAAAAUKAAAAAQAAAAAIAAAAAAoAAAAAAAAAABEAAAAAsAUAAADcAAAAAAEAAQYSAAAAAgUAAAAAAwUAAAAABAUAAAAABQEBBgEABwEACAEACQYbAAAACgWghgEACwEBHAEADAUAAAAAHQEADQUAAAAADgYIAAAAAAEBAQP\/\/\/8ZAQEbBn0AAAAAFAAAAAADAAAAAQUAAAAAAgXmRAAAAwEAARQAAAAAAwAAAAEFAAAAAAIF5kQAAAMBAAIUAAAAAAMAAAABBQAAAAACBeZEAAADAQADFAAAAAADAAAAAQUAAAAAAgXmRAAAAwEACxQAAAAAAwAAAAEFAAAAAAIF5kQAAAMBAAHRAAAAAAEAAQEAAgEAAwEABAYeAAAAVABpAG0AZQBzACAATgBlAHcAIABSAG8AbQBhAG4ABQYKAAAAQQByAGkAYQBsAAcGCgAAAEEAcgBpAGEAbAAGBgoAAABBAHIAaQBhAGwAEwEBCAQUAAAACgEADAEADgUAAAAADwEAEAEAEQEAEgUAAAAAFAEAFQEAFgQWAAAAFwEAGAEAGQYKAAAAZQBuAC0AVQBTABoGCgAAAGUAbgAtAFUAUwAbBgoAAABlAG4ALQBVAFMAHAYCAAAAAAAeAQAC9AMAAAD1AQAAAQQAAAA2ADUAAhgAAABIAGUAYQBkAGkAbgBnAF8AMgAwAF8AMQAJAQAAAAMDBAAAADUAOQAEBAAAADYAMAAF0QAAAAABAQEBAAIBAAMBAAQGCgAAAEEAcgBpAGEAbAAFBgoAAABBAHIAaQBhAGwABwYMAAAAVABhAGgAbwBtAGEABgYcAAAAQQBuAGQAYQBsAGUAIABTAGEAbgBzACAAVQBJABMBAQgEJAAAAAoBAAwBAA4FAAAAAA8BABABABEBABIFAAAAABQBARUBABYEJAAAABcBABgBABkGCgAAAGkAdAAtAEkAVAAaBgoAAABlAG4ALQBVAFMAGwYKAAAAZQBuAC0AVQBTABwGAgAAAAAAHgEABtwAAAAAAQABBhIAAAACBQAAAAADBQAAAAAEBQAAAAAFAQEGAQAHAQEIAQAJBhsAAAAKBaCGAQALAQEcAQAMBaR1BgAdAQANBdI6AwAOBggAAAAAAQEBA\/\/\/\/xkBARsGfQAAAAAUAAAAAAMAAAABBQAAAAACBeZEAAADAQABFAAAAAADAAAAAQUAAAAAAgXmRAAAAwEAAhQAAAAAAwAAAAEFAAAAAAIF5kQAAAMBAAMUAAAAAAMAAAABBQAAAAACBeZEAAADAQALFAAAAAADAAAAAQUAAAAAAgXmRAAAAwEAAPUBAAABBAAAADYANgACGAAAAEgAZQBhAGQAaQBuAGcAXwAyADAAXwAyAAkBAAAAAwMEAAAANQA5AAQEAAAANgAwAAXRAAAAAAEBAQEAAgEAAwEABAYKAAAAQQByAGkAYQBsAAUGCgAAAEEAcgBpAGEAbAAHBgwAAABUAGEAaABvAG0AYQAGBhwAAABBAG4AZABhAGwAZQAgAFMAYQBuAHMAIABVAEkAEwEBCAQgAAAACgEADAEADgUAAAAADwEAEAEAEQEAEgUAAAAAFAEBFQEAFgQgAAAAFwEAGAEAGQYKAAAAaQB0AC0ASQBUABoGCgAAAGUAbgAtAFUAUwAbBgoAAABlAG4ALQBVAFMAHAYCAAAAAAAeAQAG3AAAAAABAAEGEgAAAAIFAAAAAAMFAAAAAAQFAAAAAAUBAQYBAAcBAQgBAAkGGwAAAAoFoIYBAAsBARwBAAwFCWIFAB0BAA0F0joDAA4GCAAAAAABAQED\/\/\/\/GQEBGwZ9AAAAABQAAAAAAwAAAAEFAAAAAAIF5kQAAAMBAAEUAAAAAAMAAAABBQAAAAACBeZEAAADAQACFAAAAAADAAAAAQUAAAAAAgXmRAAAAwEAAxQAAAAAAwAAAAEFAAAAAAIF5kQAAAMBAAsUAAAAAAMAAAABBQAAAAACBeZEAAADAQA=\">Golf Club Lana<\/h1>\n[\/split_line_heading][vc_column_text]\n<p class=\"docData;DOCY;v5;4521;BAiAAgAABoQCAAADxg0AAAXUDQAAAAAAAAAAAAAAAAAAAAAAAAAAAAAAAAAAAAAAAAAAAAAAAAAAAAAAAAAAAAAAAAAAAAAAAAAAAAAAAAAAAAAAAAAAAAAAAAAAAAAAAAAAAAAAAAAAAAAAAAAAAAAAAAAAAAAAAAAAAAAAAAAAAAAAAAAAAAAAAAAAAAAAAAAAAAAAAAAAAAAAAAAAAAAAAAAAAAAAAAAAAAAAAAAAAAAAAAAAAAAAAAAAAAAAAAAAAAAAAAAAAAAAAAAAAAAAAAAAAAAAAAAAAAAAAAAAAAAAAAAAAAAAAAAAAAAAAAAAAAAAAAAAAAAAAAAAAAAAAAAAAAAAAAAAAAAAAAAAAAAAAAAAAAAAAAAAAAAAAAAAAAAAAAAAAAAAAAAAAAAAAAAAAAAAAAAAAAAAAAAAAAAAAAAAAAAAAAAAAAAAAAAAAAAAAAAAAAAAAAAAAAAAAAAAAAAAAAAAAAAAAAAAAAAAAAAAAAAAAAAAAAAAAAAAAAAAAAAAAAAAAAAAAAAAAAAAAAAAAAAAAAAAAAAAAAAAAAAAAAAAAAAAAAAAAAAAAAAAAAAAAAAAAAAAAAAAAAAAAAAAAAAAAAAAAAAAAAAAAAAAAAAAAAAAAAAAAAAAAAAAAAAAAAAAAAAAAAAAAAAAAAAAAAAAAAAAAAAAAAAAAAAAAAAAAAAAAAAAAAAAAAAAAAAAAAAAAAAAAAAAAAAAAAAAAAAAAAAAAAAAAAAAAAAAAAAAAAAAAAAAAAAAAAAAAAAAAAAAAAAAAAAAAAAAAAAAAAAAAAAAAAAAAAAAAAAAAAAAAAAAAAAAAAAAAAAAAAAAAAAAAAAAAAAAAAA+CwAAAN4DAAABMgAAABUGBAAAADYAMgABBgAAAAAJBgAAAAAaBhAAAAAZBgoAAABkAGUALQBEAEUAGwYAAAAAAqIDAAAFTQAAAAEQAAAAGQYKAAAAZABlAC0ARABFAAgzAAAAAC4AAAA5ACwAIAAyADUALAAgADMANQAsACAAMgA3ADkAMwA6ACAATgBlAGkAbgAsACAABS0AAAABEAAAABkGCgAAAGQAZQAtAEQARQAIEwAAAAAOAAAAZABhAHMAIABpAHMAdAAFUQAAAAEQAAAAGQYKAAAAZABlAC0ARABFAAg3AAAAADIAAAAgAGsAZQBpAG4AZQAgAFMAYQBmAGUALQBLAG8AbQBiAGkAbgBhAHQAaQBvAG4ALAAgAAUbAQAAARAAAAAZBgoAAABkAGUALQBEAEUACAEBAAAA\/AAAAGQAYQBzACAAcwBpAG4AZAAgAHYAaQBlAGwAbQBlAGgAcgAgAGQAaQBlACAARQBjAGsAZABhAHQAZQBuACAAegB1AG0AIABHAG8AbABmAHAAbABhAHQAegAgAGkAbgAgAEwAYQBuAGEAOgAgAGUAaQBuACAATgBlAHUAbgAtAEwAbwBjAGgALQBQAGwAYQB0AHoALAAgAGUAdAB3AGEAIAAyADUAIABLAGkAbABvAG0AZQB0AGUAcgAgAGUAbgB0AGYAZQByAG4AdAAgAHYAbwBtACAASABvAHQAZQBsACAAVwBlAGkAbgBnAGEAcgB0AGUAbgAgAGkAbgAgAAUtAAAAARAAAAAZBgoAAABkAGUALQBEAEUACBMAAAAADgAAAEsAYQBsAHQAZQByAG4ABUMBAAABEAAAABkGCgAAAGQAZQAtAEQARQAIKQEAAAAkAQAALgAgAFcAbwBsAGwAZQBuACAAUwBpAGUAIABQAGEAcgAgAHMAcABpAGUAbABlAG4ALAAgAGQA\/AByAGYAZQBuACAAUwBpAGUAIABzAGkAYwBoACAAYQB1AGYAIABkAGkAZQBzAGUAbQAgAHcAZQBpAHQAbADkAHUAZgBpAGcAZQBuACAAUABsAGEAdAB6ACAAZwBlAHIAYQBkAGUAIABlAGkAbgBtAGEAbAAgADMANQAgAFMAYwBoAGwA5ABnAGUAIABlAHIAbABhAHUAYgBlAG4AIAATICAAYQB1AGYAIABlAGkAbgBlAHIAIABHAGUAcwBhAG0AdABsAOQAbgBnAGUAIAB2AG8AbgAgADIANwA5ADMAIABNAGUAdABlAHIAbgAuAAUKAAAAAQAAAAAIAAAAAAUaAAAAARAAAAAZBgoAAABkAGUALQBEAEUACAAAAAAABAMAAAEyAAAAFQYEAAAANgAyAAEGAAAAAAkGAAAAABoGEAAAABkGCgAAAGQAZQAtAEQARQAbBgAAAAACyAIAAAWdAQAAARAAAAAZBgoAAABkAGUALQBEAEUACIMBAAAAfgEAAFcAaQBlACAAcwBvACAAaADkAHUAZgBpAGcAIABlAHIAawBsAOQAcgBlAG4AIABlAGkAbgAgAHAAYQBhAHIAIABEAGEAdABlAG4AIAB6AHcAYQByACAAdgBpAGUAbAAsACAAYgBlAGkAIAB3AGUAaQB0AGUAbQAgAGEAYgBlAHIAIABuAGkAYwBoAHQAIABhAGwAbABlAHMALAAgAHYAbwByACAAYQBsAGwAZQBtACAAZABhAG4AbgAsACAAdwBlAG4AbgAgAG0AYQBuACAAdgBvAG4AIABlAGkAbgBlAG0AIABkAGUAcgAgAHMAYwBoAPYAbgBzAHQAZQBuACAARwBvAGwAZgBwAGwA5AB0AHoAZQAgAGkAbgAgAFMA\/ABkAHQAaQByAG8AbAAgAHMAcAByAGkAYwBoAHQALgAgAEcAZQBsAGUAZwBlAG4AIAB1AG4AdABlAHIAaABhAGwAYgAgAGQAZQByACAAUgB1AGkAbgBlACAAZABlAHIAIAAFNQAAAAEQAAAAGQYKAAAAZABlAC0ARABFAAgbAAAAABYAAABCAHIAYQBuAGQAaQBzAGIAdQByAGcABbkAAAABEAAAABkGCgAAAGQAZQAtAEQARQAInwAAAACaAAAAIAB6AGkAZQBoAHQAIABzAGkAYwBoACAAZABlAHIAIABQAGwAYQB0AHoAIABkAHUAcgBjAGgAIABkAGkAZQAgAGEAdQBzAGcAZQBkAGUAaABuAHQAZQBuACAAQQBwAGYAZQBsAHcAaQBlAHMAZQBuACAAZABlAHMAIABCAHUAcgBnAGcAcgBhAGYAZQBuAGEAbQB0AGUAcwAuAAUKAAAAAQAAAAAIAAAAAAUaAAAAARAAAAAZBgoAAABkAGUALQBEAEUACAAAAAAATQQAAAEyAAAAFQYEAAAANgAyAAEGAAAAAAkGAAAAABoGEAAAABkGCgAAAGQAZQAtAEQARQAbBgAAAAACEQQAAAXtAAAAARAAAAAZBgoAAABkAGUALQBEAEUACNMAAAAAzgAAAEQAaQBlACAAbABhAG4AZABzAGMAaABhAGYAdABsAGkAYwBoAGUAbgAgAEIAZQBzAG8AbgBkAGUAcgBoAGUAaQB0AGUAbgAgAGQAaQBlAHMAZQByACAARwBlAGcAZQBuAGQAIABoAGEAYgBlAG4AIABkAGkAZQAgAGIAZQBpAGQAZQBuACAAUABsAGEAdAB6AC0AUABsAGEAbgBlAHIAIABFAG4AcgBpAGMAbwAgAEwAZQBlACAAdQBuAGQAIABNAGkAYwBoAGEAZQBsACAABSsAAAABEAAAABkGCgAAAGQAZQAtAEQARQAIEQAAAAAMAAAAUABpAG4AbgBlAHIABV8BAAABEAAAABkGCgAAAGQAZQAtAEQARQAIRQEAAABAAQAAIABiAGUAcwB0AGUAbgBzACAAegB1ACAAbgB1AHQAegBlAG4AIABnAGUAdwB1AHMAcwB0ACwAIAB1AG0AIABlAGkAbgBlAG4AIABnAGEAbgB6ACAAYgBlAHMAbwBuAGQAZQByAGUAbgAgAEcAbwBsAGYAcABsAGEAdAB6ACAAegB1ACAAcwBjAGgAYQBmAGYAZQBuAC4AIABEAGkAZQBzAGUAcgAgAHcAYQByAHQAZQB0ACAAbgBpAGMAaAB0ACAAbgB1AHIAIABtAGkAdAAgAHMAZQBpAG4AZQBuACAAbgBlAHUAbgAgAEwA9gBjAGgAZQByAG4AIABhAHUAZgAgAFMAaQBlACwAIABzAG8AbgBkAGUAcgBuACAAbQBpAHQAIABhAGwAbABlAG0ALAAgAHcAYQBzACAAZABhAHMAIAAFMwAAAAEQAAAAGQYKAAAAZABlAC0ARABFAAgZAAAAABQAAABHAG8AbABmAGUAcgBoAGUAcgB6AAUhAQAAARAAAAAZBgoAAABkAGUALQBEAEUACAcBAAAAAgEAACAAYgBlAGcAZQBoAHIAdAA6ACAAZQBpAG4AZQBtACAAUAByAG8ALQBTAGgAbwBwACwAIABkAGUAbQAgAEMAbAB1AGIAaABhAHUAcwAsACAAZQBpAG4AZQBtACAAUgBlAHMAdABhAHUAcgBhAG4AdAAgAHUAbgBkACAAZQBpAG4AZQByACAAZwBhAG4AegBlAG4AIABSAGUAaQBoAGUAIAB2AG8AbgAgAFQAdQByAG4AaQBlAHIAZQBuACAAZgD8AHIAIABTAHAAaQBlAGwAZQByACAAYQBsAGwAZQByACAATABlAGkAcwB0AHUAbgBnAHMAawBsAGEAcwBzAGUAbgAuAAUKAAAAAQAAAAAIAAAAAAUKAAAAAQAAAAAIAAAAAAUKAAAACAUAAAANAAAAAAoAAAAAAAAAABEAAAAA0QMAAADcAAAAAAEAAQYSAAAAAgUAAAAAAwUAAAAABAUAAAAABQEBBgEABwEACAEACQYbAAAACgWLpQEACwEBHAEADAUAAAAAHQEADQVuTgQADgYIAAAAAAEBAQP\/\/\/8ZAQEbBn0AAAAAFAAAAAADAAAAAQUAAAAAAgXmRAAAAwEAARQAAAAAAwAAAAEFAAAAAAIF5kQAAAMBAAIUAAAAAAMAAAABBQAAAAACBeZEAAADAQADFAAAAAADAAAAAQUAAAAAAgXmRAAAAwEACxQAAAAAAwAAAAEFAAAAAAIF5kQAAAMBAAHNAAAAAAEAAQEAAgEAAwEABAYOAAAAQwBhAGwAaQBiAHIAaQAFBg4AAABDAGEAbABpAGIAcgBpAAcGDgAAAEMAYQBsAGkAYgByAGkABgYOAAAAQwBhAGwAaQBiAHIAaQATAQEIBBYAAAAKAQAMAQAOBQAAAAAPAQAQAQARAQASBQAAAAAUAQAVAQAWBBYAAAAXAQAYAQAZBgoAAABkAGUALQBEAEUAGgYKAAAAYQByAC0AUwBBABsGCgAAAGUAbgAtAFUAUwAcBgIAAAAAAB4BAAIZAgAAABQCAAABBAAAADYAMgACGAAAAFQAZQB4AHQAXwAyADAAXwBiAG8AZAB5AAkBAAAAAwMEAAAANQA4AAX5AAAAAAEAAQEAAgEAAwEABAYeAAAAVABpAG0AZQBzACAATgBlAHcAIABSAG8AbQBhAG4ABQYeAAAAVABpAG0AZQBzACAATgBlAHcAIABSAG8AbQBhAG4ABwYMAAAAVABhAGgAbwBtAGEABgYcAAAAQQBuAGQAYQBsAGUAIABTAGEAbgBzACAAVQBJABMBAQgEGAAAAAoBAAwBAA4FAAAAAA8BABABABEBABIFAAAAABQBABUBABYEGAAAABcBABgBABkGCgAAAGkAdAAtAEkAVAAaBgoAAABlAG4ALQBVAFMAGwYKAAAAZQBuAC0AVQBTABwGAgAAAAAAHgEABtwAAAAAAQABBhIAAAACBQAAAAADBQAAAAAEBQAAAAAFAQEGAQAHAQAIAQAJBhsAAAAKBfBJAgALAQEcAQAMBQAAAAAdAQANBdI6AwAOBggAAAAAAQEBA\/\/\/\/xkBARsGfQAAAAAUAAAAAAMAAAABBQAAAAACBeZEAAADAQABFAAAAAADAAAAAQUAAAAAAgXmRAAAAwEAAhQAAAAAAwAAAAEFAAAAAAIF5kQAAAMBAAMUAAAAAAMAAAABBQAAAAACBeZEAAADAQALFAAAAAADAAAAAQUAAAAAAgXmRAAAAwEA\">9, 25, 35, 2793: Nein, das ist keine Safe-Kombination, das sind vielmehr die Eckdaten zum Golfplatz in Lana: ein Neun-Loch-Platz, etwa 25 Kilometer entfernt vom Hotel Weingarten in Kaltern. Wollen Sie Par spielen, d\u00fcrfen Sie sich auf diesem weitl\u00e4ufigen Platz gerade einmal 35 Schl\u00e4ge erlauben \u2013 auf einer Gesamtl\u00e4nge von 2793 Metern.<\/p>\n<p>Wie so h\u00e4ufig erkl\u00e4ren ein paar Daten zwar viel, bei weitem aber nicht alles, vor allem dann, wenn man von einem der sch\u00f6nsten Golfpl\u00e4tze in S\u00fcdtirol spricht. Gelegen unterhalb der Ruine der Brandisburg zieht sich der Platz durch die ausgedehnten Apfelwiesen des Burggrafenamtes.<\/p>\n<p>Die landschaftlichen Besonderheiten dieser Gegend haben die beiden Platz-Planer Enrico Lee und Michael Pinner bestens zu nutzen gewusst, um einen ganz besonderen Golfplatz zu schaffen. Dieser wartet nicht nur mit seinen neun L\u00f6chern auf Sie, sondern mit allem, was das Golferherz begehrt: einem Pro-Shop, dem Clubhaus, einem Restaurant und einer ganzen Reihe von Turnieren f\u00fcr Spieler aller Leistungsklassen.[\/vc_column_text][\/vc_column][vc_column column_padding=&#8220;no-extra-padding&#8220; column_padding_position=&#8220;all&#8220; background_color_opacity=&#8220;1&#8243; background_hover_color_opacity=&#8220;1&#8243; width=&#8220;1\/4&#8243; tablet_text_alignment=&#8220;default&#8220; phone_text_alignment=&#8220;default&#8220;][\/vc_column][\/vc_row][vc_row type=&#8220;full_width_content&#8220; full_screen_row_position=&#8220;middle&#8220; scene_position=&#8220;center&#8220; text_color=&#8220;dark&#8220; text_align=&#8220;left&#8220; overlay_strength=&#8220;0.3&#8243;][vc_column column_padding=&#8220;no-extra-padding&#8220; column_padding_position=&#8220;all&#8220; background_color_opacity=&#8220;1&#8243; background_hover_color_opacity=&#8220;1&#8243; width=&#8220;1\/1&#8243; tablet_text_alignment=&#8220;default&#8220; phone_text_alignment=&#8220;default&#8220;][vc_raw_html]JTNDaWZyYW1lJTIwc3JjJTNEJTIyaHR0cHMlM0ElMkYlMkZ3d3cuZ29vZ2xlLmNvbSUyRm1hcHMlMkZlbWJlZCUzRnBiJTNEJTIxMW0yOCUyMTFtMTIlMjExbTMlMjExZDg3ODY3LjY0OTI1MzI5NDY0JTIxMmQxMS4xNTY0MTU5ODgyMzQ1ODglMjEzZDQ2LjUxMDgwMTYxODk1MDAzJTIxMm0zJTIxMWYwJTIxMmYwJTIxM2YwJTIxM20yJTIxMWkxMDI0JTIxMmk3NjglMjE0ZjEzLjElMjE0bTEzJTIxM2UwJTIxNG01JTIxMXMweDQ3ODI4NGJmNWE2NjkxNzUlMjUzQTB4NTVmMWEwOGYxNTQ5MTUzJTIxMnNIb3RlbCUyQldlaW5nYXJ0ZW4lMjUyQyUyQkNhbGRhcm8lMjUyQyUyQkJaJTIxM20yJTIxMWQ0Ni40MjUyMTUwOTk5OTk5OTYlMjEyZDExLjI1MjY5MTIlMjE0bTUlMjExczB4NDc4MmJkOGM1YTA2YzFlZCUyNTNBMHg4YmQwMDFjZDQ0MGZmNTEwJTIxMnNMYW5hJTJCR29sZiUyQlMuci5sLiUyNTJDJTJCTGFuYSUyQkJaJTIxM20yJTIxMWQ0Ni41OTU2MDU0JTIxMmQxMS4xNjIyODkzJTIxNWUwJTIxM20yJTIxMXNpdCUyMTJzaXQlMjE0djE0NTMzNzU2NTc0MTAlMjIlMjB3aWR0aCUzRCUyMjEwMCUyNSUyMiUyMGhlaWdodCUzRCUyMjYwMCUyMiUyMGZyYW1lYm9yZGVyJTNEJTIyMCUyMiUyMHN0eWxlJTNEJTIyYm9yZGVyJTNBMCUyMiUyMGFsbG93ZnVsbHNjcmVlbiUzRSUzQyUyRmlmcmFtZSUzRQ==[\/vc_raw_html][\/vc_column][\/vc_row][vc_row type=&#8220;full_width_content&#8220; full_screen_row_position=&#8220;middle&#8220; scene_position=&#8220;center&#8220; text_color=&#8220;light&#8220; text_align=&#8220;center&#8220; color_overlay=&#8220;#9c9a73&#8243; overlay_strength=&#8220;1&#8243;][vc_column column_padding=&#8220;no-extra-padding&#8220; column_padding_position=&#8220;all&#8220; background_color_opacity=&#8220;1&#8243; background_hover_color_opacity=&#8220;1&#8243; width=&#8220;1\/1&#8243; tablet_text_alignment=&#8220;default&#8220; phone_text_alignment=&#8220;default&#8220;][vc_column_text css=&#8220;.vc_custom_1459847391248{border-top-width: 1px !important;padding-top: 10% !important;}&#8220;]\n<h2>Sie golfen f\u00fcr Ihr Leben gern?<\/h2>\n[\/vc_column_text][vc_column_text css=&#8220;.vc_custom_1464181847550{padding-top: 50px !important;padding-bottom: 10% !important;}&#8220;]<a class=\"nectar-button n-sc-button large see-through-2 has-icon\"  href=\"\/?page_id=6862\" data-color-override=\"false\" data-hover-color-override=\"false\" data-hover-text-color-override=\"#fff\"><span>Setzen Sie noch eines drauf: Golfen Sie in S\u00fcdtirol!<\/span><i class=\"icon-button-arrow\"><\/i><\/a>[\/vc_column_text][\/vc_column][\/vc_row]\n","protected":false},"excerpt":{"rendered":"<p>[vc_row type=&#8220;in_container&#8220; full_screen_row_position=&#8220;middle&#8220; scene_position=&#8220;center&#8220; text_color=&#8220;dark&#8220; text_align=&#8220;left&#8220; overlay_strength=&#8220;0.3&#8243;][vc_column column_padding=&#8220;no-extra-padding&#8220; column_padding_position=&#8220;all&#8220; background_color_opacity=&#8220;1&#8243; background_hover_color_opacity=&#8220;1&#8243; width=&#8220;1\/1&#8243; tablet_text_alignment=&#8220;default&#8220; phone_text_alignment=&#8220;default&#8220;][page_submenu sticky=&#8220;true&#8220; bg_color=&#8220;#303644&#8243; link_color=&#8220;#ffffff&#8220;][page_link link_url=&#8220;..\/dolomiti-golf-club-sarnonico\/&#8220; title=&#8220;Dolomiti Golf Club Sarnonico&#8220; tab_id=&#8220;1458296313262-0&#8243; id=&#8220;a5ea34bd-f6be-2&#8243;] [\/page_link][\/page_submenu][\/vc_column][\/vc_row][vc_row type=&#8220;in_container&#8220; full_screen_row_position=&#8220;middle&#8220; scene_position=&#8220;center&#8220; text_color=&#8220;dark&#8220; text_align=&#8220;left&#8220;&#8230;<\/p>\n","protected":false},"author":6,"featured_media":0,"parent":7106,"menu_order":0,"comment_status":"closed","ping_status":"closed","template":"","meta":{"footnotes":""},"class_list":["post-7104","page","type-page","status-publish"],"yoast_head":"<!-- This site is optimized with the Yoast SEO plugin v27.4 - https:\/\/yoast.com\/product\/yoast-seo-wordpress\/ -->\n<title>Golf Club Lana - Hotel Weingarten<\/title>\n<meta name=\"robots\" content=\"index, follow, max-snippet:-1, max-image-preview:large, max-video-preview:-1\" \/>\n<link rel=\"canonical\" href=\"https:\/\/hotel-weingarten.it\/de\/hotel-am-kalterer-see\/golf-in-suedtirol\/golf-club-lana\/\" \/>\n<meta property=\"og:locale\" content=\"de_DE\" \/>\n<meta property=\"og:type\" content=\"article\" \/>\n<meta property=\"og:title\" content=\"Golf Club Lana - Hotel Weingarten\" \/>\n<meta property=\"og:description\" content=\"[vc_row type=&#8220;in_container&#8220; full_screen_row_position=&#8220;middle&#8220; scene_position=&#8220;center&#8220; text_color=&#8220;dark&#8220; text_align=&#8220;left&#8220; overlay_strength=&#8220;0.3&#8243;][vc_column column_padding=&#8220;no-extra-padding&#8220; column_padding_position=&#8220;all&#8220; background_color_opacity=&#8220;1&#8243; background_hover_color_opacity=&#8220;1&#8243; width=&#8220;1\/1&#8243; tablet_text_alignment=&#8220;default&#8220; phone_text_alignment=&#8220;default&#8220;][page_submenu sticky=&#8220;true&#8220; bg_color=&#8220;#303644&#8243; link_color=&#8220;#ffffff&#8220;][page_link link_url=&#8220;..\/dolomiti-golf-club-sarnonico\/&#8220; title=&#8220;Dolomiti Golf Club Sarnonico&#8220; tab_id=&#8220;1458296313262-0&#8243; id=&#8220;a5ea34bd-f6be-2&#8243;] [\/page_link][\/page_submenu][\/vc_column][\/vc_row][vc_row type=&#8220;in_container&#8220; full_screen_row_position=&#8220;middle&#8220; scene_position=&#8220;center&#8220; text_color=&#8220;dark&#8220; text_align=&#8220;left&#8220;...\" \/>\n<meta property=\"og:url\" content=\"https:\/\/hotel-weingarten.it\/de\/hotel-am-kalterer-see\/golf-in-suedtirol\/golf-club-lana\/\" \/>\n<meta property=\"og:site_name\" content=\"Hotel Weingarten\" \/>\n<meta property=\"article:publisher\" content=\"https:\/\/www.facebook.com\/Hotel.Weingarten\/\" \/>\n<meta property=\"article:modified_time\" content=\"2016-08-04T10:29:05+00:00\" \/>\n<meta name=\"twitter:card\" content=\"summary_large_image\" \/>\n<meta name=\"twitter:label1\" content=\"Gesch\u00e4tzte Lesezeit\" \/>\n\t<meta name=\"twitter:data1\" content=\"3\u00a0Minuten\" \/>\n<script type=\"application\/ld+json\" class=\"yoast-schema-graph\">{\"@context\":\"https:\\\/\\\/schema.org\",\"@graph\":[{\"@type\":\"WebPage\",\"@id\":\"https:\\\/\\\/hotel-weingarten.it\\\/de\\\/hotel-am-kalterer-see\\\/golf-in-suedtirol\\\/golf-club-lana\\\/\",\"url\":\"https:\\\/\\\/hotel-weingarten.it\\\/de\\\/hotel-am-kalterer-see\\\/golf-in-suedtirol\\\/golf-club-lana\\\/\",\"name\":\"Golf Club Lana - Hotel Weingarten\",\"isPartOf\":{\"@id\":\"https:\\\/\\\/hotel-weingarten.it\\\/de\\\/#website\"},\"datePublished\":\"2016-03-30T09:36:59+00:00\",\"dateModified\":\"2016-08-04T10:29:05+00:00\",\"breadcrumb\":{\"@id\":\"https:\\\/\\\/hotel-weingarten.it\\\/de\\\/hotel-am-kalterer-see\\\/golf-in-suedtirol\\\/golf-club-lana\\\/#breadcrumb\"},\"inLanguage\":\"de\",\"potentialAction\":[{\"@type\":\"ReadAction\",\"target\":[\"https:\\\/\\\/hotel-weingarten.it\\\/de\\\/hotel-am-kalterer-see\\\/golf-in-suedtirol\\\/golf-club-lana\\\/\"]}]},{\"@type\":\"BreadcrumbList\",\"@id\":\"https:\\\/\\\/hotel-weingarten.it\\\/de\\\/hotel-am-kalterer-see\\\/golf-in-suedtirol\\\/golf-club-lana\\\/#breadcrumb\",\"itemListElement\":[{\"@type\":\"ListItem\",\"position\":1,\"name\":\"Home\",\"item\":\"https:\\\/\\\/hotel-weingarten.it\\\/de\\\/\"},{\"@type\":\"ListItem\",\"position\":2,\"name\":\"Hotel Am Kalterer See\",\"item\":\"https:\\\/\\\/hotel-weingarten.it\\\/de\\\/hotel-am-kalterer-see\\\/\"},{\"@type\":\"ListItem\",\"position\":3,\"name\":\"Golf in S\u00fcdtirol\",\"item\":\"https:\\\/\\\/hotel-weingarten.it\\\/de\\\/hotel-am-kalterer-see\\\/golf-in-suedtirol\\\/\"},{\"@type\":\"ListItem\",\"position\":4,\"name\":\"Golf Club Lana\"}]},{\"@type\":\"WebSite\",\"@id\":\"https:\\\/\\\/hotel-weingarten.it\\\/de\\\/#website\",\"url\":\"https:\\\/\\\/hotel-weingarten.it\\\/de\\\/\",\"name\":\"Hotel Weingarten\",\"description\":\"\",\"potentialAction\":[{\"@type\":\"SearchAction\",\"target\":{\"@type\":\"EntryPoint\",\"urlTemplate\":\"https:\\\/\\\/hotel-weingarten.it\\\/de\\\/?s={search_term_string}\"},\"query-input\":{\"@type\":\"PropertyValueSpecification\",\"valueRequired\":true,\"valueName\":\"search_term_string\"}}],\"inLanguage\":\"de\"}]}<\/script>\n<!-- \/ Yoast SEO plugin. -->","yoast_head_json":{"title":"Golf Club Lana - Hotel Weingarten","robots":{"index":"index","follow":"follow","max-snippet":"max-snippet:-1","max-image-preview":"max-image-preview:large","max-video-preview":"max-video-preview:-1"},"canonical":"https:\/\/hotel-weingarten.it\/de\/hotel-am-kalterer-see\/golf-in-suedtirol\/golf-club-lana\/","og_locale":"de_DE","og_type":"article","og_title":"Golf Club Lana - Hotel Weingarten","og_description":"[vc_row type=&#8220;in_container&#8220; full_screen_row_position=&#8220;middle&#8220; scene_position=&#8220;center&#8220; text_color=&#8220;dark&#8220; text_align=&#8220;left&#8220; overlay_strength=&#8220;0.3&#8243;][vc_column column_padding=&#8220;no-extra-padding&#8220; column_padding_position=&#8220;all&#8220; background_color_opacity=&#8220;1&#8243; background_hover_color_opacity=&#8220;1&#8243; width=&#8220;1\/1&#8243; tablet_text_alignment=&#8220;default&#8220; phone_text_alignment=&#8220;default&#8220;][page_submenu sticky=&#8220;true&#8220; bg_color=&#8220;#303644&#8243; link_color=&#8220;#ffffff&#8220;][page_link link_url=&#8220;..\/dolomiti-golf-club-sarnonico\/&#8220; title=&#8220;Dolomiti Golf Club Sarnonico&#8220; tab_id=&#8220;1458296313262-0&#8243; id=&#8220;a5ea34bd-f6be-2&#8243;] [\/page_link][\/page_submenu][\/vc_column][\/vc_row][vc_row type=&#8220;in_container&#8220; full_screen_row_position=&#8220;middle&#8220; scene_position=&#8220;center&#8220; text_color=&#8220;dark&#8220; text_align=&#8220;left&#8220;...","og_url":"https:\/\/hotel-weingarten.it\/de\/hotel-am-kalterer-see\/golf-in-suedtirol\/golf-club-lana\/","og_site_name":"Hotel Weingarten","article_publisher":"https:\/\/www.facebook.com\/Hotel.Weingarten\/","article_modified_time":"2016-08-04T10:29:05+00:00","twitter_card":"summary_large_image","twitter_misc":{"Gesch\u00e4tzte Lesezeit":"3\u00a0Minuten"},"schema":{"@context":"https:\/\/schema.org","@graph":[{"@type":"WebPage","@id":"https:\/\/hotel-weingarten.it\/de\/hotel-am-kalterer-see\/golf-in-suedtirol\/golf-club-lana\/","url":"https:\/\/hotel-weingarten.it\/de\/hotel-am-kalterer-see\/golf-in-suedtirol\/golf-club-lana\/","name":"Golf Club Lana - Hotel Weingarten","isPartOf":{"@id":"https:\/\/hotel-weingarten.it\/de\/#website"},"datePublished":"2016-03-30T09:36:59+00:00","dateModified":"2016-08-04T10:29:05+00:00","breadcrumb":{"@id":"https:\/\/hotel-weingarten.it\/de\/hotel-am-kalterer-see\/golf-in-suedtirol\/golf-club-lana\/#breadcrumb"},"inLanguage":"de","potentialAction":[{"@type":"ReadAction","target":["https:\/\/hotel-weingarten.it\/de\/hotel-am-kalterer-see\/golf-in-suedtirol\/golf-club-lana\/"]}]},{"@type":"BreadcrumbList","@id":"https:\/\/hotel-weingarten.it\/de\/hotel-am-kalterer-see\/golf-in-suedtirol\/golf-club-lana\/#breadcrumb","itemListElement":[{"@type":"ListItem","position":1,"name":"Home","item":"https:\/\/hotel-weingarten.it\/de\/"},{"@type":"ListItem","position":2,"name":"Hotel Am Kalterer See","item":"https:\/\/hotel-weingarten.it\/de\/hotel-am-kalterer-see\/"},{"@type":"ListItem","position":3,"name":"Golf in S\u00fcdtirol","item":"https:\/\/hotel-weingarten.it\/de\/hotel-am-kalterer-see\/golf-in-suedtirol\/"},{"@type":"ListItem","position":4,"name":"Golf Club Lana"}]},{"@type":"WebSite","@id":"https:\/\/hotel-weingarten.it\/de\/#website","url":"https:\/\/hotel-weingarten.it\/de\/","name":"Hotel Weingarten","description":"","potentialAction":[{"@type":"SearchAction","target":{"@type":"EntryPoint","urlTemplate":"https:\/\/hotel-weingarten.it\/de\/?s={search_term_string}"},"query-input":{"@type":"PropertyValueSpecification","valueRequired":true,"valueName":"search_term_string"}}],"inLanguage":"de"}]}},"_links":{"self":[{"href":"https:\/\/hotel-weingarten.it\/de\/wp-json\/wp\/v2\/pages\/7104","targetHints":{"allow":["GET"]}}],"collection":[{"href":"https:\/\/hotel-weingarten.it\/de\/wp-json\/wp\/v2\/pages"}],"about":[{"href":"https:\/\/hotel-weingarten.it\/de\/wp-json\/wp\/v2\/types\/page"}],"author":[{"embeddable":true,"href":"https:\/\/hotel-weingarten.it\/de\/wp-json\/wp\/v2\/users\/6"}],"replies":[{"embeddable":true,"href":"https:\/\/hotel-weingarten.it\/de\/wp-json\/wp\/v2\/comments?post=7104"}],"version-history":[{"count":0,"href":"https:\/\/hotel-weingarten.it\/de\/wp-json\/wp\/v2\/pages\/7104\/revisions"}],"up":[{"embeddable":true,"href":"https:\/\/hotel-weingarten.it\/de\/wp-json\/wp\/v2\/pages\/7106"}],"wp:attachment":[{"href":"https:\/\/hotel-weingarten.it\/de\/wp-json\/wp\/v2\/media?parent=7104"}],"curies":[{"name":"wp","href":"https:\/\/api.w.org\/{rel}","templated":true}]}}