{"id":7144,"date":"2016-04-05T08:20:37","date_gmt":"2016-04-05T08:20:37","guid":{"rendered":"https:\/\/www.hotel-weingarten.it\/de\/?page_id=7144"},"modified":"2022-04-08T07:36:24","modified_gmt":"2022-04-08T07:36:24","slug":"rund-um-den-gardasee","status":"publish","type":"page","link":"https:\/\/hotel-weingarten.it\/de\/umgebung\/auto-und-motoradtouren\/rund-um-den-gardasee\/","title":{"rendered":"Rund um den Gardasee"},"content":{"rendered":"[vc_row type=&#8220;in_container&#8220; full_screen_row_position=&#8220;middle&#8220; column_margin=&#8220;default&#8220; column_direction=&#8220;default&#8220; column_direction_tablet=&#8220;default&#8220; column_direction_phone=&#8220;default&#8220; scene_position=&#8220;center&#8220; text_color=&#8220;dark&#8220; text_align=&#8220;left&#8220; row_border_radius=&#8220;none&#8220; row_border_radius_applies=&#8220;bg&#8220; overflow=&#8220;visible&#8220; overlay_strength=&#8220;0.3&#8243; gradient_direction=&#8220;left_to_right&#8220; shape_divider_position=&#8220;bottom&#8220; bg_image_animation=&#8220;none&#8220;][vc_column column_padding=&#8220;no-extra-padding&#8220; column_padding_tablet=&#8220;inherit&#8220; column_padding_phone=&#8220;inherit&#8220; column_padding_position=&#8220;all&#8220; column_element_spacing=&#8220;default&#8220; background_color_opacity=&#8220;1&#8243; background_hover_color_opacity=&#8220;1&#8243; column_shadow=&#8220;none&#8220; column_border_radius=&#8220;none&#8220; column_link_target=&#8220;_self&#8220; column_position=&#8220;default&#8220; gradient_direction=&#8220;left_to_right&#8220; overlay_strength=&#8220;0.3&#8243; width=&#8220;1\/1&#8243; tablet_width_inherit=&#8220;default&#8220; tablet_text_alignment=&#8220;default&#8220; phone_text_alignment=&#8220;default&#8220; animation_type=&#8220;default&#8220; bg_image_animation=&#8220;none&#8220; border_type=&#8220;simple&#8220; column_border_width=&#8220;none&#8220; column_border_style=&#8220;solid&#8220;][page_submenu alignment=&#8220;center&#8220; sticky=&#8220;true&#8220; bg_color=&#8220;#303644&#8243; link_color=&#8220;#ffffff&#8220;][page_link title=&#8220;\u00dcber Andalo und Molveno an den Gardasee&#8220; tab_id=&#8220;1649402835642-5&#8243; link_url=&#8220;https:\/\/hotel-weingarten.it\/de\/umgebung\/auto-und-motoradtouren\/ueber-andalo-und-molveno-an-den-gardasee\/&#8220; id=&#8220;1649402835642-1&#8243;][\/page_link][page_link title=&#8220;\u00dcber Jaufenpass und Penser Joch&#8220; tab_id=&#8220;1649402835628-0&#8243; link_url=&#8220;https:\/\/hotel-weingarten.it\/de\/umgebung\/auto-und-motoradtouren\/ueber-jaufenpass-und-penser-joch\/&#8220; id=&#8220;1649402835628-7&#8243;][\/page_link][page_link link_url=&#8220;https:\/\/hotel-weingarten.it\/de\/umgebung\/auto-und-motoradtouren\/paesse-rundtour-im-westen-mendel-tonale-und-stilfser-joch\/&#8220; title=&#8220;Mendel, Tonale und Stilfser Joch&#8220; tab_id=&#8220;1649402835576-1&#8243; id=&#8220;1649402835575-8&#8243;] [\/page_link][page_link link_url=&#8220;https:\/\/hotel-weingarten.it\/de\/umgebung\/auto-und-motoradtouren\/auf-rundtour-durch-das-herz-der-dolomiten\/&#8220; title=&#8220;Durch das Herz der Dolomiten&#8220; tab_id=&#8220;1649402835599-7&#8243; id=&#8220;1649402835598-7&#8243;] [\/page_link][page_link title=&#8220;Das Herz S\u00fcdtirols&#8220; tab_id=&#8220;1649402835611-3&#8243; link_url=&#8220;https:\/\/hotel-weingarten.it\/de\/umgebung\/auto-und-motoradtouren\/durch-die-dolomiten-und-das-herz-suedtirols\/&#8220; id=&#8220;1649402835611-1&#8243;][\/page_link][page_link title=&#8220;Rund um den Gardasee&#8220; id=&#8220;1649402937867-6&#8243; tab_id=&#8220;1649402937868-3&#8243; link_url=&#8220;https:\/\/hotel-weingarten.it\/de\/umgebung\/auto-und-motoradtouren\/rund-um-den-gardasee\/&#8220;][\/page_link][\/page_submenu][\/vc_column][\/vc_row][vc_row type=&#8220;in_container&#8220; scene_position=&#8220;center&#8220; text_color=&#8220;dark&#8220; text_align=&#8220;left&#8220; top_padding=&#8220;100&#8243; bottom_padding=&#8220;100&#8243; overlay_strength=&#8220;0.3&#8243;][vc_column column_padding=&#8220;no-extra-padding&#8220; column_padding_position=&#8220;all&#8220; background_color_opacity=&#8220;1&#8243; background_hover_color_opacity=&#8220;1&#8243; width=&#8220;1\/4&#8243;][\/vc_column][vc_column column_padding=&#8220;no-extra-padding&#8220; column_padding_position=&#8220;all&#8220; background_color_opacity=&#8220;1&#8243; background_hover_color_opacity=&#8220;1&#8243; top_margin=&#8220;200px&#8220; bottom_margin=&#8220;200px&#8220; width=&#8220;1\/2&#8243;][split_line_heading]\n<h1 class=\"docData;DOCY;v5;2444;BAiAAgAABoQCAAADygMAAAXYAwAAAAAAAAAAAAAAAAAAAAAAAAAAAAAAAAAAAAAAAAAAAAAAAAAAAAAAAAAAAAAAAAAAAAAAAAAAAAAAAAAAAAAAAAAAAAAAAAAAAAAAAAAAAAAAAAAAAAAAAAAAAAAAAAAAAAAAAAAAAAAAAAAAAAAAAAAAAAAAAAAAAAAAAAAAAAAAAAAAAAAAAAAAAAAAAAAAAAAAAAAAAAAAAAAAAAAAAAAAAAAAAAAAAAAAAAAAAAAAAAAAAAAAAAAAAAAAAAAAAAAAAAAAAAAAAAAAAAAAAAAAAAAAAAAAAAAAAAAAAAAAAAAAAAAAAAAAAAAAAAAAAAAAAAAAAAAAAAAAAAAAAAAAAAAAAAAAAAAAAAAAAAAAAAAAAAAAAAAAAAAAAAAAAAAAAAAAAAAAAAAAAAAAAAAAAAAAAAAAAAAAAAAAAAAAAAAAAAAAAAAAAAAAAAAAAAAAAAAAAAAAAAAAAAAAAAAAAAAAAAAAAAAAAAAAAAAAAAAAAAAAAAAAAAAAAAAAAAAAAAAAAAAAAAAAAAAAAAAAAAAAAAAAAAAAAAAAAAAAAAAAAAAAAAAAAAAAAAAAAAAAAAAAAAAAAAAAAAAAAAAAAAAAAAAAAAAAAAAAAAAAAAAAAAAAAAAAAAAAAAAAAAAAAAAAAAAAAAAAAAAAAAAAAAAAAAAAAAAAAAAAAAAAAAAAAAAAAAAAAAAAAAAAAAAAAAAAAAAAAAAAAAAAAAAAAAAAAAAAAAAAAAAAAAAAAAAAAAAAAAAAAAAAAAAAAAAAAAAAAAAAAAAAAAAAAAAAAAAAAAAAAAAAAAAAAAAAAAAAAAAAAAAAAAAAAABCAQAAAI4AAAABIgAAABUGBAAAADYANQABBgAAAAAJBgAAAAAaBgAAAAAbBgAAAAACYgAAAAU\/AAAAAQAAAAAINQAAAAAwAAAAQgBpAGsAZQAgAHQAbwB1AHIAcwAgAGkAbgAgAEEAbAB0AG8AIABBAGQAaQBnAGUABQoAAAABAAAAAAgAAAAABQoAAAABAAAAAAgAAAAAAKoAAAABIgAAABUGBAAAADYANgABBgAAAAAJBgAAAAAaBgAAAAAbBgAAAAACfgAAAAU1AAAAAQAAAAAIKwAAAAAmAAAAVQBuACAAbQBvAG4AZABvACAAYQAgAHAAbwByAHQAYQB0AGEAIAAFIQAAAAEAAAAACBcAAAAAEgAAAGQAaQAgAHAAZQBkAGEAbABlAAUKAAAAAQAAAAAIAAAAAAUKAAAAAQAAAAAIAAAAAAoAAAAAAAAAABEAAAAAsAUAAADcAAAAAAEAAQYSAAAAAgUAAAAAAwUAAAAABAUAAAAABQEBBgEABwEACAEACQYbAAAACgWghgEACwEBHAEADAUAAAAAHQEADQUAAAAADgYIAAAAAAEBAQP\/\/\/8ZAQEbBn0AAAAAFAAAAAADAAAAAQUAAAAAAgXmRAAAAwEAARQAAAAAAwAAAAEFAAAAAAIF5kQAAAMBAAIUAAAAAAMAAAABBQAAAAACBeZEAAADAQADFAAAAAADAAAAAQUAAAAAAgXmRAAAAwEACxQAAAAAAwAAAAEFAAAAAAIF5kQAAAMBAAHRAAAAAAEAAQEAAgEAAwEABAYeAAAAVABpAG0AZQBzACAATgBlAHcAIABSAG8AbQBhAG4ABQYKAAAAQQByAGkAYQBsAAcGCgAAAEEAcgBpAGEAbAAGBgoAAABBAHIAaQBhAGwAEwEBCAQUAAAACgEADAEADgUAAAAADwEAEAEAEQEAEgUAAAAAFAEAFQEAFgQWAAAAFwEAGAEAGQYKAAAAZQBuAC0AVQBTABoGCgAAAGUAbgAtAFUAUwAbBgoAAABlAG4ALQBVAFMAHAYCAAAAAAAeAQAC9AMAAAD1AQAAAQQAAAA2ADUAAhgAAABIAGUAYQBkAGkAbgBnAF8AMgAwAF8AMQAJAQAAAAMDBAAAADUAOQAEBAAAADYAMAAF0QAAAAABAQEBAAIBAAMBAAQGCgAAAEEAcgBpAGEAbAAFBgoAAABBAHIAaQBhAGwABwYMAAAAVABhAGgAbwBtAGEABgYcAAAAQQBuAGQAYQBsAGUAIABTAGEAbgBzACAAVQBJABMBAQgEJAAAAAoBAAwBAA4FAAAAAA8BABABABEBABIFAAAAABQBARUBABYEJAAAABcBABgBABkGCgAAAGkAdAAtAEkAVAAaBgoAAABlAG4ALQBVAFMAGwYKAAAAZQBuAC0AVQBTABwGAgAAAAAAHgEABtwAAAAAAQABBhIAAAACBQAAAAADBQAAAAAEBQAAAAAFAQEGAQAHAQEIAQAJBhsAAAAKBaCGAQALAQEcAQAMBaR1BgAdAQANBdI6AwAOBggAAAAAAQEBA\/\/\/\/xkBARsGfQAAAAAUAAAAAAMAAAABBQAAAAACBeZEAAADAQABFAAAAAADAAAAAQUAAAAAAgXmRAAAAwEAAhQAAAAAAwAAAAEFAAAAAAIF5kQAAAMBAAMUAAAAAAMAAAABBQAAAAACBeZEAAADAQALFAAAAAADAAAAAQUAAAAAAgXmRAAAAwEAAPUBAAABBAAAADYANgACGAAAAEgAZQBhAGQAaQBuAGcAXwAyADAAXwAyAAkBAAAAAwMEAAAANQA5AAQEAAAANgAwAAXRAAAAAAEBAQEAAgEAAwEABAYKAAAAQQByAGkAYQBsAAUGCgAAAEEAcgBpAGEAbAAHBgwAAABUAGEAaABvAG0AYQAGBhwAAABBAG4AZABhAGwAZQAgAFMAYQBuAHMAIABVAEkAEwEBCAQgAAAACgEADAEADgUAAAAADwEAEAEAEQEAEgUAAAAAFAEBFQEAFgQgAAAAFwEAGAEAGQYKAAAAaQB0AC0ASQBUABoGCgAAAGUAbgAtAFUAUwAbBgoAAABlAG4ALQBVAFMAHAYCAAAAAAAeAQAG3AAAAAABAAEGEgAAAAIFAAAAAAMFAAAAAAQFAAAAAAUBAQYBAAcBAQgBAAkGGwAAAAoFoIYBAAsBARwBAAwFCWIFAB0BAA0F0joDAA4GCAAAAAABAQED\/\/\/\/GQEBGwZ9AAAAABQAAAAAAwAAAAEFAAAAAAIF5kQAAAMBAAEUAAAAAAMAAAABBQAAAAACBeZEAAADAQACFAAAAAADAAAAAQUAAAAAAgXmRAAAAwEAAxQAAAAAAwAAAAEFAAAAAAIF5kQAAAMBAAsUAAAAAAMAAAABBQAAAAACBeZEAAADAQA=\">Rund um den Gardasee<\/h1>\n[\/split_line_heading][vc_column_text]\n<p class=\"western\">Der Gardasee ist nicht nur der gr\u00f6\u00dfte See Italiens, sondern auch eines der beliebtesten Wochenendziele von G\u00e4sten aus dem s\u00fcddeutschen Raum. Vom Hotel Weingarten aus kann man ihn bequem in einem Tagesausflug erleben &#8211; und sogar umrunden.<\/p>\n<p>Die Fahrt geht vom Hotel Weingarten durch das \u00dcberetsch hinunter in das S\u00fcdtiroler Unterland. Bei Auer biegt man auf die Brennerautobahn ab und f\u00e4hrt Richtung Trient. Um die Fahrt landschaftlich reizvoller zu machen, verl\u00e4sst man die Autobahn in Trient und erreicht Vigolo Baselga, das am Eingang zum Ledrotal liegt.<\/p>\n<p>Durch dieses malerische Tal und vorbei an Dro gelangt man nach Riva del Garda. Dort muss man sich dann f\u00fcr eines der beiden Seeufer entscheiden. W\u00e4hlt man das rechte, geht die Fahrt weiter nach Limone, Desenzano und schlie\u00dflich Peschiera.<\/p>\n<p>Von diesem s\u00fcdlichsten Punkt aus wendet man sich nach Bardolino und Malcesine, schlie\u00dft die Runde um den See demnach am anderen Seeufer ab. Wieder am n\u00f6rdlichen Ende des Gardasees angelangt, f\u00e4hrt man \u00fcber Mori nach Rovereto und nimmt dort wieder die Brennerautobahn, um zur\u00fcck zum Hotel Weingarten zu gelangen.[\/vc_column_text][\/vc_column][vc_column column_padding=&#8220;no-extra-padding&#8220; column_padding_position=&#8220;all&#8220; background_color_opacity=&#8220;1&#8243; background_hover_color_opacity=&#8220;1&#8243; width=&#8220;1\/4&#8243;][\/vc_column][\/vc_row][vc_row type=&#8220;full_width_content&#8220; scene_position=&#8220;center&#8220; text_color=&#8220;dark&#8220; text_align=&#8220;left&#8220; overlay_strength=&#8220;0.3&#8243;][vc_column column_padding=&#8220;no-extra-padding&#8220; column_padding_position=&#8220;all&#8220; background_color_opacity=&#8220;1&#8243; background_hover_color_opacity=&#8220;1&#8243; width=&#8220;1\/1&#8243;][vc_raw_html]JTNDaWZyYW1lJTIwc3JjJTNEJTIyaHR0cHMlM0ElMkYlMkZ3d3cuZ29vZ2xlLmNvbSUyRm1hcHMlMkZlbWJlZCUzRnBiJTNEJTIxMW02MCUyMTFtMTIlMjExbTMlMjExZDcxMDQ0Ny4zMzUwMjk4MjE3JTIxMmQxMC4zMzE4MTk2ODEwNzg1OTYlMjEzZDQ1LjkyNzYwNDExMzY5MzEzNSUyMTJtMyUyMTFmMCUyMTJmMCUyMTNmMCUyMTNtMiUyMTFpMTAyNCUyMTJpNzY4JTIxNGYxMy4xJTIxNG00NSUyMTNlMCUyMTRtNSUyMTFzMHg0NzgyODRiZjVhNjY5MTc1JTI1M0EweDU1ZjFhMDhmMTU0OTE1MyUyMTJzSG90ZWwlMkJXZWluZ2FydGVuJTI1MkMlMkJQaWFuaXp6YSUyQmRpJTJCU290dG8lMjUyQyUyQjklMjUyQyUyQjM5MDUyJTJCQ2FsZGFybyUyNTJDJTJCQm9semFubyUyQkJaJTIxM20yJTIxMWQ0Ni40MjUyMTUwOTk5OTk5OTYlMjEyZDExLjI1MjY5MTIlMjE0bTUlMjExczB4NDc4MjcxYzQ4M2JhNmYxOSUyNTNBMHgyNjA3MDk4ODJlNmRkZDkxJTIxMnNWaWdvbG8lMkJCYXNlbGdhJTI1MkMlMkJUTiUyMTNtMiUyMTFkNDYuMDgxMjM1NiUyMTJkMTEuMDQ1MzA4NCUyMTRtNSUyMTFzMHg0NzgyMTMwY2JlMjAwYjA5JTI1M0EweDliOGQ3YWVkMDI0NDViYWElMjEyc0RybyUyNTJDJTJCVE4lMjEzbTIlMjExZDQ1Ljk2MDM2Njc5OTk5OTk5NiUyMTJkMTAuOTEwMTk3MyUyMTRtNSUyMTFzMHg0NzgyMTZkYjAyYmZkOGQxJTI1M0EweGZhZGViMWI2NjZmNjgzNzAlMjEyc1JpdmElMkJkZWwlMkJHYXJkYSUyNTJDJTJCVE4lMjEzbTIlMjExZDQ1Ljg4OTIxNDIlMjEyZDEwLjg0MzA2OTYlMjE0bTMlMjEzbTIlMjExZDQ1Ljg2ODg5ODMlMjEyZDEwLjgzNDQwMTMlMjE0bTMlMjEzbTIlMjExZDQ1LjYwMzAxODclMjEyZDEwLjUwNjcxNjI5OTk5OTk5OSUyMTRtNSUyMTFzMHg0NzgxZWJkNTM0MDVhMGExJTI1M0EweDQ2YWU4MTEyMWRmNTE2OTYlMjEyc1Blc2NoaWVyYSUyQmRlbCUyQkdhcmRhJTI1MkMlMkJWUiUyMTNtMiUyMTFkNDUuNDM5NjM4NSUyMTJkMTAuNjg2NTQ0OSUyMTRtNSUyMTFzMHg0NzgyODRiZjVhNjY5MTc1JTI1M0EweDU1ZjFhMDhmMTU0OTE1MyUyMTJzSG90ZWwlMkJXZWluZ2FydGVuJTI1MkMlMkJab25hJTJCSW5kdXN0cmlhbGUlMkJBcnRpZ2lhbmFsZSUyQkJaJTIxM20yJTIxMWQ0Ni40MjUyMTUwOTk5OTk5OTYlMjEyZDExLjI1MjY5MTIlMjE1ZTAlMjEzbTIlMjExc2l0JTIxMnNpdCUyMTR2MTQ1MzgwNTE4ODE5MiUyMiUyMHdpZHRoJTNEJTIyMTAwJTI1JTIyJTIwaGVpZ2h0JTNEJTIyNjAwJTIyJTIwZnJhbWVib3JkZXIlM0QlMjIwJTIyJTIwc3R5bGUlM0QlMjJib3JkZXIlM0EwJTIyJTIwYWxsb3dmdWxsc2NyZWVuJTNFJTNDJTJGaWZyYW1lJTNF[\/vc_raw_html][\/vc_column][\/vc_row][vc_row type=&#8220;full_width_content&#8220; scene_position=&#8220;center&#8220; text_color=&#8220;light&#8220; text_align=&#8220;center&#8220; color_overlay=&#8220;#9c9a73&#8243; overlay_strength=&#8220;1&#8243;][vc_column column_padding=&#8220;no-extra-padding&#8220; column_padding_position=&#8220;all&#8220; background_color_opacity=&#8220;1&#8243; background_hover_color_opacity=&#8220;1&#8243; width=&#8220;1\/1&#8243;][vc_column_text css=&#8220;.vc_custom_1459844286767{border-top-width: 1px !important;padding-top: 10% !important;}&#8220;]\n<h2>Planen Sie Ihren n\u00e4chsten Erlebnisurlaub?<\/h2>\n[\/vc_column_text][vc_column_text css=&#8220;.vc_custom_1464609968275{padding-top: 50px !important;padding-bottom: 10% !important;}&#8220;]<a class=\"nectar-button n-sc-button large see-through-2 has-icon\"  href=\"\/?page_id=6862\" data-color-override=\"false\" data-hover-color-override=\"false\" data-hover-text-color-override=\"#fff\"><span>Das Hotel Weingarten Sie!<\/span><i class=\"icon-button-arrow\"><\/i><\/a>[\/vc_column_text][\/vc_column][\/vc_row]\n","protected":false},"excerpt":{"rendered":"<p>[vc_row type=&#8220;in_container&#8220; full_screen_row_position=&#8220;middle&#8220; column_margin=&#8220;default&#8220; column_direction=&#8220;default&#8220; column_direction_tablet=&#8220;default&#8220; column_direction_phone=&#8220;default&#8220; scene_position=&#8220;center&#8220; text_color=&#8220;dark&#8220; text_align=&#8220;left&#8220; row_border_radius=&#8220;none&#8220; row_border_radius_applies=&#8220;bg&#8220; overflow=&#8220;visible&#8220; overlay_strength=&#8220;0.3&#8243; gradient_direction=&#8220;left_to_right&#8220; shape_divider_position=&#8220;bottom&#8220; bg_image_animation=&#8220;none&#8220;][vc_column column_padding=&#8220;no-extra-padding&#8220; column_padding_tablet=&#8220;inherit&#8220; column_padding_phone=&#8220;inherit&#8220; column_padding_position=&#8220;all&#8220; column_element_spacing=&#8220;default&#8220; background_color_opacity=&#8220;1&#8243; background_hover_color_opacity=&#8220;1&#8243; column_shadow=&#8220;none&#8220; column_border_radius=&#8220;none&#8220; column_link_target=&#8220;_self&#8220; column_position=&#8220;default&#8220; gradient_direction=&#8220;left_to_right&#8220; overlay_strength=&#8220;0.3&#8243;&#8230;<\/p>\n","protected":false},"author":6,"featured_media":0,"parent":7086,"menu_order":0,"comment_status":"closed","ping_status":"closed","template":"","meta":{"footnotes":""},"class_list":["post-7144","page","type-page","status-publish"],"yoast_head":"<!-- This site is optimized with the Yoast SEO plugin v27.4 - https:\/\/yoast.com\/product\/yoast-seo-wordpress\/ -->\n<title>Rund um den Gardasee - Hotel Weingarten<\/title>\n<meta name=\"robots\" content=\"index, follow, max-snippet:-1, max-image-preview:large, max-video-preview:-1\" \/>\n<link rel=\"canonical\" href=\"https:\/\/hotel-weingarten.it\/de\/umgebung\/auto-und-motoradtouren\/rund-um-den-gardasee\/\" \/>\n<meta property=\"og:locale\" content=\"de_DE\" \/>\n<meta property=\"og:type\" content=\"article\" \/>\n<meta property=\"og:title\" content=\"Rund um den Gardasee - Hotel Weingarten\" \/>\n<meta property=\"og:description\" content=\"[vc_row type=&#8220;in_container&#8220; full_screen_row_position=&#8220;middle&#8220; column_margin=&#8220;default&#8220; column_direction=&#8220;default&#8220; column_direction_tablet=&#8220;default&#8220; column_direction_phone=&#8220;default&#8220; scene_position=&#8220;center&#8220; text_color=&#8220;dark&#8220; text_align=&#8220;left&#8220; row_border_radius=&#8220;none&#8220; row_border_radius_applies=&#8220;bg&#8220; overflow=&#8220;visible&#8220; overlay_strength=&#8220;0.3&#8243; gradient_direction=&#8220;left_to_right&#8220; shape_divider_position=&#8220;bottom&#8220; bg_image_animation=&#8220;none&#8220;][vc_column column_padding=&#8220;no-extra-padding&#8220; column_padding_tablet=&#8220;inherit&#8220; column_padding_phone=&#8220;inherit&#8220; column_padding_position=&#8220;all&#8220; column_element_spacing=&#8220;default&#8220; background_color_opacity=&#8220;1&#8243; background_hover_color_opacity=&#8220;1&#8243; column_shadow=&#8220;none&#8220; column_border_radius=&#8220;none&#8220; column_link_target=&#8220;_self&#8220; column_position=&#8220;default&#8220; gradient_direction=&#8220;left_to_right&#8220; overlay_strength=&#8220;0.3&#8243;...\" \/>\n<meta property=\"og:url\" content=\"https:\/\/hotel-weingarten.it\/de\/umgebung\/auto-und-motoradtouren\/rund-um-den-gardasee\/\" \/>\n<meta property=\"og:site_name\" content=\"Hotel Weingarten\" \/>\n<meta property=\"article:publisher\" content=\"https:\/\/www.facebook.com\/Hotel.Weingarten\/\" \/>\n<meta property=\"article:modified_time\" content=\"2022-04-08T07:36:24+00:00\" \/>\n<meta name=\"twitter:card\" content=\"summary_large_image\" \/>\n<meta name=\"twitter:label1\" content=\"Gesch\u00e4tzte Lesezeit\" \/>\n\t<meta name=\"twitter:data1\" content=\"4\u00a0Minuten\" \/>\n<script type=\"application\/ld+json\" class=\"yoast-schema-graph\">{\"@context\":\"https:\\\/\\\/schema.org\",\"@graph\":[{\"@type\":\"WebPage\",\"@id\":\"https:\\\/\\\/hotel-weingarten.it\\\/de\\\/umgebung\\\/auto-und-motoradtouren\\\/rund-um-den-gardasee\\\/\",\"url\":\"https:\\\/\\\/hotel-weingarten.it\\\/de\\\/umgebung\\\/auto-und-motoradtouren\\\/rund-um-den-gardasee\\\/\",\"name\":\"Rund um den Gardasee - Hotel Weingarten\",\"isPartOf\":{\"@id\":\"https:\\\/\\\/hotel-weingarten.it\\\/de\\\/#website\"},\"datePublished\":\"2016-04-05T08:20:37+00:00\",\"dateModified\":\"2022-04-08T07:36:24+00:00\",\"breadcrumb\":{\"@id\":\"https:\\\/\\\/hotel-weingarten.it\\\/de\\\/umgebung\\\/auto-und-motoradtouren\\\/rund-um-den-gardasee\\\/#breadcrumb\"},\"inLanguage\":\"de\",\"potentialAction\":[{\"@type\":\"ReadAction\",\"target\":[\"https:\\\/\\\/hotel-weingarten.it\\\/de\\\/umgebung\\\/auto-und-motoradtouren\\\/rund-um-den-gardasee\\\/\"]}]},{\"@type\":\"BreadcrumbList\",\"@id\":\"https:\\\/\\\/hotel-weingarten.it\\\/de\\\/umgebung\\\/auto-und-motoradtouren\\\/rund-um-den-gardasee\\\/#breadcrumb\",\"itemListElement\":[{\"@type\":\"ListItem\",\"position\":1,\"name\":\"Home\",\"item\":\"https:\\\/\\\/hotel-weingarten.it\\\/de\\\/\"},{\"@type\":\"ListItem\",\"position\":2,\"name\":\"Umgebung\",\"item\":\"https:\\\/\\\/hotel-weingarten.it\\\/de\\\/umgebung\\\/\"},{\"@type\":\"ListItem\",\"position\":3,\"name\":\"Auto- und Motorradtouren durch S\u00fcdtirol\",\"item\":\"https:\\\/\\\/hotel-weingarten.it\\\/de\\\/umgebung\\\/auto-und-motoradtouren\\\/\"},{\"@type\":\"ListItem\",\"position\":4,\"name\":\"Rund um den Gardasee\"}]},{\"@type\":\"WebSite\",\"@id\":\"https:\\\/\\\/hotel-weingarten.it\\\/de\\\/#website\",\"url\":\"https:\\\/\\\/hotel-weingarten.it\\\/de\\\/\",\"name\":\"Hotel Weingarten\",\"description\":\"\",\"potentialAction\":[{\"@type\":\"SearchAction\",\"target\":{\"@type\":\"EntryPoint\",\"urlTemplate\":\"https:\\\/\\\/hotel-weingarten.it\\\/de\\\/?s={search_term_string}\"},\"query-input\":{\"@type\":\"PropertyValueSpecification\",\"valueRequired\":true,\"valueName\":\"search_term_string\"}}],\"inLanguage\":\"de\"}]}<\/script>\n<!-- \/ Yoast SEO plugin. -->","yoast_head_json":{"title":"Rund um den Gardasee - Hotel Weingarten","robots":{"index":"index","follow":"follow","max-snippet":"max-snippet:-1","max-image-preview":"max-image-preview:large","max-video-preview":"max-video-preview:-1"},"canonical":"https:\/\/hotel-weingarten.it\/de\/umgebung\/auto-und-motoradtouren\/rund-um-den-gardasee\/","og_locale":"de_DE","og_type":"article","og_title":"Rund um den Gardasee - Hotel Weingarten","og_description":"[vc_row type=&#8220;in_container&#8220; full_screen_row_position=&#8220;middle&#8220; column_margin=&#8220;default&#8220; column_direction=&#8220;default&#8220; column_direction_tablet=&#8220;default&#8220; column_direction_phone=&#8220;default&#8220; scene_position=&#8220;center&#8220; text_color=&#8220;dark&#8220; text_align=&#8220;left&#8220; row_border_radius=&#8220;none&#8220; row_border_radius_applies=&#8220;bg&#8220; overflow=&#8220;visible&#8220; overlay_strength=&#8220;0.3&#8243; gradient_direction=&#8220;left_to_right&#8220; shape_divider_position=&#8220;bottom&#8220; bg_image_animation=&#8220;none&#8220;][vc_column column_padding=&#8220;no-extra-padding&#8220; column_padding_tablet=&#8220;inherit&#8220; column_padding_phone=&#8220;inherit&#8220; column_padding_position=&#8220;all&#8220; column_element_spacing=&#8220;default&#8220; background_color_opacity=&#8220;1&#8243; background_hover_color_opacity=&#8220;1&#8243; column_shadow=&#8220;none&#8220; column_border_radius=&#8220;none&#8220; column_link_target=&#8220;_self&#8220; column_position=&#8220;default&#8220; gradient_direction=&#8220;left_to_right&#8220; overlay_strength=&#8220;0.3&#8243;...","og_url":"https:\/\/hotel-weingarten.it\/de\/umgebung\/auto-und-motoradtouren\/rund-um-den-gardasee\/","og_site_name":"Hotel Weingarten","article_publisher":"https:\/\/www.facebook.com\/Hotel.Weingarten\/","article_modified_time":"2022-04-08T07:36:24+00:00","twitter_card":"summary_large_image","twitter_misc":{"Gesch\u00e4tzte Lesezeit":"4\u00a0Minuten"},"schema":{"@context":"https:\/\/schema.org","@graph":[{"@type":"WebPage","@id":"https:\/\/hotel-weingarten.it\/de\/umgebung\/auto-und-motoradtouren\/rund-um-den-gardasee\/","url":"https:\/\/hotel-weingarten.it\/de\/umgebung\/auto-und-motoradtouren\/rund-um-den-gardasee\/","name":"Rund um den Gardasee - Hotel Weingarten","isPartOf":{"@id":"https:\/\/hotel-weingarten.it\/de\/#website"},"datePublished":"2016-04-05T08:20:37+00:00","dateModified":"2022-04-08T07:36:24+00:00","breadcrumb":{"@id":"https:\/\/hotel-weingarten.it\/de\/umgebung\/auto-und-motoradtouren\/rund-um-den-gardasee\/#breadcrumb"},"inLanguage":"de","potentialAction":[{"@type":"ReadAction","target":["https:\/\/hotel-weingarten.it\/de\/umgebung\/auto-und-motoradtouren\/rund-um-den-gardasee\/"]}]},{"@type":"BreadcrumbList","@id":"https:\/\/hotel-weingarten.it\/de\/umgebung\/auto-und-motoradtouren\/rund-um-den-gardasee\/#breadcrumb","itemListElement":[{"@type":"ListItem","position":1,"name":"Home","item":"https:\/\/hotel-weingarten.it\/de\/"},{"@type":"ListItem","position":2,"name":"Umgebung","item":"https:\/\/hotel-weingarten.it\/de\/umgebung\/"},{"@type":"ListItem","position":3,"name":"Auto- und Motorradtouren durch S\u00fcdtirol","item":"https:\/\/hotel-weingarten.it\/de\/umgebung\/auto-und-motoradtouren\/"},{"@type":"ListItem","position":4,"name":"Rund um den Gardasee"}]},{"@type":"WebSite","@id":"https:\/\/hotel-weingarten.it\/de\/#website","url":"https:\/\/hotel-weingarten.it\/de\/","name":"Hotel Weingarten","description":"","potentialAction":[{"@type":"SearchAction","target":{"@type":"EntryPoint","urlTemplate":"https:\/\/hotel-weingarten.it\/de\/?s={search_term_string}"},"query-input":{"@type":"PropertyValueSpecification","valueRequired":true,"valueName":"search_term_string"}}],"inLanguage":"de"}]}},"_links":{"self":[{"href":"https:\/\/hotel-weingarten.it\/de\/wp-json\/wp\/v2\/pages\/7144","targetHints":{"allow":["GET"]}}],"collection":[{"href":"https:\/\/hotel-weingarten.it\/de\/wp-json\/wp\/v2\/pages"}],"about":[{"href":"https:\/\/hotel-weingarten.it\/de\/wp-json\/wp\/v2\/types\/page"}],"author":[{"embeddable":true,"href":"https:\/\/hotel-weingarten.it\/de\/wp-json\/wp\/v2\/users\/6"}],"replies":[{"embeddable":true,"href":"https:\/\/hotel-weingarten.it\/de\/wp-json\/wp\/v2\/comments?post=7144"}],"version-history":[{"count":0,"href":"https:\/\/hotel-weingarten.it\/de\/wp-json\/wp\/v2\/pages\/7144\/revisions"}],"up":[{"embeddable":true,"href":"https:\/\/hotel-weingarten.it\/de\/wp-json\/wp\/v2\/pages\/7086"}],"wp:attachment":[{"href":"https:\/\/hotel-weingarten.it\/de\/wp-json\/wp\/v2\/media?parent=7144"}],"curies":[{"name":"wp","href":"https:\/\/api.w.org\/{rel}","templated":true}]}}