{"id":7179,"date":"2016-04-05T09:42:09","date_gmt":"2016-04-05T09:42:09","guid":{"rendered":"https:\/\/www.hotel-weingarten.it\/de\/?page_id=7179"},"modified":"2022-04-08T07:30:59","modified_gmt":"2022-04-08T07:30:59","slug":"ueber-jaufenpass-und-penser-joch","status":"publish","type":"page","link":"https:\/\/hotel-weingarten.it\/de\/umgebung\/auto-und-motoradtouren\/ueber-jaufenpass-und-penser-joch\/","title":{"rendered":"\u00dcber Jaufenpass und Penser Joch"},"content":{"rendered":"[vc_row type=&#8220;in_container&#8220; full_screen_row_position=&#8220;middle&#8220; column_margin=&#8220;default&#8220; column_direction=&#8220;default&#8220; column_direction_tablet=&#8220;default&#8220; column_direction_phone=&#8220;default&#8220; scene_position=&#8220;center&#8220; text_color=&#8220;dark&#8220; text_align=&#8220;left&#8220; row_border_radius=&#8220;none&#8220; row_border_radius_applies=&#8220;bg&#8220; overflow=&#8220;visible&#8220; overlay_strength=&#8220;0.3&#8243; gradient_direction=&#8220;left_to_right&#8220; shape_divider_position=&#8220;bottom&#8220; bg_image_animation=&#8220;none&#8220;][vc_column column_padding=&#8220;no-extra-padding&#8220; column_padding_tablet=&#8220;inherit&#8220; column_padding_phone=&#8220;inherit&#8220; column_padding_position=&#8220;all&#8220; column_element_spacing=&#8220;default&#8220; background_color_opacity=&#8220;1&#8243; background_hover_color_opacity=&#8220;1&#8243; column_shadow=&#8220;none&#8220; column_border_radius=&#8220;none&#8220; column_link_target=&#8220;_self&#8220; column_position=&#8220;default&#8220; gradient_direction=&#8220;left_to_right&#8220; overlay_strength=&#8220;0.3&#8243; width=&#8220;1\/1&#8243; tablet_width_inherit=&#8220;default&#8220; tablet_text_alignment=&#8220;default&#8220; phone_text_alignment=&#8220;default&#8220; animation_type=&#8220;default&#8220; bg_image_animation=&#8220;none&#8220; border_type=&#8220;simple&#8220; column_border_width=&#8220;none&#8220; column_border_style=&#8220;solid&#8220;][page_submenu alignment=&#8220;center&#8220; sticky=&#8220;true&#8220; bg_color=&#8220;#303644&#8243; link_color=&#8220;#ffffff&#8220;][page_link title=&#8220;\u00dcber Andalo und Molveno an den Gardasee&#8220; tab_id=&#8220;1649402835642-5&#8243; link_url=&#8220;https:\/\/hotel-weingarten.it\/de\/umgebung\/auto-und-motoradtouren\/ueber-andalo-und-molveno-an-den-gardasee\/&#8220; id=&#8220;1649402835642-1&#8243;][\/page_link][page_link title=&#8220;\u00dcber Jaufenpass und Penser Joch&#8220; tab_id=&#8220;1649402835628-0&#8243; link_url=&#8220;https:\/\/hotel-weingarten.it\/de\/umgebung\/auto-und-motoradtouren\/ueber-jaufenpass-und-penser-joch\/&#8220; id=&#8220;1649402835628-7&#8243;][\/page_link][page_link link_url=&#8220;https:\/\/hotel-weingarten.it\/de\/umgebung\/auto-und-motoradtouren\/paesse-rundtour-im-westen-mendel-tonale-und-stilfser-joch\/&#8220; title=&#8220;Mendel, Tonale und Stilfser Joch&#8220; tab_id=&#8220;1649402835576-1&#8243; id=&#8220;1649402835575-8&#8243;] [\/page_link][page_link link_url=&#8220;https:\/\/hotel-weingarten.it\/de\/umgebung\/auto-und-motoradtouren\/auf-rundtour-durch-das-herz-der-dolomiten\/&#8220; title=&#8220;Durch das Herz der Dolomiten&#8220; tab_id=&#8220;1649402835599-7&#8243; id=&#8220;1649402835598-7&#8243;] [\/page_link][page_link title=&#8220;Das Herz S\u00fcdtirols&#8220; tab_id=&#8220;1649402835611-3&#8243; link_url=&#8220;https:\/\/hotel-weingarten.it\/de\/umgebung\/auto-und-motoradtouren\/durch-die-dolomiten-und-das-herz-suedtirols\/&#8220; id=&#8220;1649402835611-1&#8243;][\/page_link][page_link title=&#8220;Rund um den Gardasee&#8220; id=&#8220;1649402937867-6&#8243; tab_id=&#8220;1649402937868-3&#8243; link_url=&#8220;https:\/\/hotel-weingarten.it\/de\/umgebung\/auto-und-motoradtouren\/rund-um-den-gardasee\/&#8220;][\/page_link][\/page_submenu][\/vc_column][\/vc_row][vc_row type=&#8220;in_container&#8220; scene_position=&#8220;center&#8220; text_color=&#8220;dark&#8220; text_align=&#8220;left&#8220; top_padding=&#8220;100&#8243; bottom_padding=&#8220;100&#8243; overlay_strength=&#8220;0.3&#8243;][vc_column column_padding=&#8220;no-extra-padding&#8220; column_padding_position=&#8220;all&#8220; background_color_opacity=&#8220;1&#8243; background_hover_color_opacity=&#8220;1&#8243; width=&#8220;1\/4&#8243;][\/vc_column][vc_column column_padding=&#8220;no-extra-padding&#8220; column_padding_position=&#8220;all&#8220; background_color_opacity=&#8220;1&#8243; background_hover_color_opacity=&#8220;1&#8243; top_margin=&#8220;200px&#8220; bottom_margin=&#8220;200px&#8220; width=&#8220;1\/2&#8243;][split_line_heading]\n<h1 class=\"western\">Apfelwiesen und Hochgebirge:<\/h1>\n<h1 class=\"western\">\u00dcber Jaufenpass und Penser Joch<\/h1>\n[\/split_line_heading][vc_column_text]\n<p class=\"western\">Einer unserer k\u00fcrzesten Tourenvorschl\u00e4ge ist zugleich einer der landschaftlich abwechslungsreichsten. Die Tour f\u00fchrt uns von den Apfelwiesen des Burggrafenamtes bis hinauf \u00fcber die Baumgrenze ins Hochgebirge.<\/p>\n<p>Vom Hotel Weingarten f\u00e4hrt man zun\u00e4chst Richtung Bozen. Kurz vor der Stadt zweigt man nach links ab und nimmt die Schnellstra\u00dfe MeBo durch das gesamte Burggrafenamt bis in die Kurstadt Meran. Ein Stopp dort lohnt sich ohne Zweifel: zum Entspannen, zum Flanieren, zum Genie\u00dfen.<\/p>\n<p>Von Meran aus f\u00e4hrt man durch das Passeiertal auf den Jaufenpass: eine fahrerisch wie landschaftlich ebenso abwechslungsreiche wie abenteuerliche Strecke.<\/p>\n<p>Vom Jaufen geht\u2019s wieder Kurve um Kurve bergab bis in die Fuggerstadt Sterzing, die f\u00fcr unsere Tour auch als Weggabelung dient. Von hier biegen wir n\u00e4mlich auf die Stra\u00dfe auf das Penser Joch ein. \u00dcber den Pass geht\u2019s ins Sarntal und von dort \u00fcber Bozen wieder zur\u00fcck ins Hotel Weingarten.[\/vc_column_text][\/vc_column][vc_column column_padding=&#8220;no-extra-padding&#8220; column_padding_position=&#8220;all&#8220; background_color_opacity=&#8220;1&#8243; background_hover_color_opacity=&#8220;1&#8243; width=&#8220;1\/4&#8243;][\/vc_column][\/vc_row][vc_row type=&#8220;full_width_content&#8220; scene_position=&#8220;center&#8220; text_color=&#8220;dark&#8220; text_align=&#8220;left&#8220; overlay_strength=&#8220;0.3&#8243;][vc_column column_padding=&#8220;no-extra-padding&#8220; column_padding_position=&#8220;all&#8220; background_color_opacity=&#8220;1&#8243; background_hover_color_opacity=&#8220;1&#8243; width=&#8220;1\/1&#8243;][vc_raw_html]JTNDaWZyYW1lJTIwc3JjJTNEJTIyaHR0cHMlM0ElMkYlMkZ3d3cuZ29vZ2xlLmNvbSUyRm1hcHMlMkZlbWJlZCUzRnBiJTNEJTIxMW01MiUyMTFtMTIlMjExbTMlMjExZDM1MDUxMC41OTg3NjM0NDY0NCUyMTJkMTEuMDQ3NzQzODIxODAzMzc4JTIxM2Q0Ni42NTkwNzMxNzU2MTg3MyUyMTJtMyUyMTFmMCUyMTJmMCUyMTNmMCUyMTNtMiUyMTFpMTAyNCUyMTJpNzY4JTIxNGYxMy4xJTIxNG0zNyUyMTNlMCUyMTRtNSUyMTFzMHg0NzgyODRiZjVhNjY5MTc1JTI1M0EweDU1ZjFhMDhmMTU0OTE1MyUyMTJzSG90ZWwlMkJXZWluZ2FydGVuJTI1MkMlMkJab25hJTJCSW5kdXN0cmlhbGUlMkJBcnRpZ2lhbmFsZSUyQkJaJTIxM20yJTIxMWQ0Ni40MjUyMTUwOTk5OTk5OTYlMjEyZDExLjI1MjY5MTIlMjE0bTUlMjExczB4NDc4MmJiZDQ2MGMwY2Y4MSUyNTNBMHg1NjYzMGI0ZjA1YmQ1ZmYzJTIxMnNSaWZpYW5vJTJCQlolMjEzbTIlMjExZDQ2LjcwMzEwMDUlMjEyZDExLjE4MDY3NTElMjE0bTUlMjExczB4NDc4MmIyNzIwZTEwNDdlNSUyNTNBMHhhMmVkMjRkZjhmMWUxZTZkJTIxMnNQYXNzbyUyQkdpb3ZvJTI1MkMlMkJTYW4lMkJMZW9uYXJkbyUyQmluJTJCUGFzc2lyaWElMjUyQyUyQkJaJTIxM20yJTIxMWQ0Ni44MzMzMzMzJTIxMmQxMS4zMTY2NjY2OTk5OTk5OTklMjE0bTUlMjExczB4NDc5ZDUzNDA5MTJiNGZlZCUyNTNBMHhlY2NmOTFkZTI5ZDZmY2Y5JTIxMnNWaXBpdGVubyUyQkJaJTIxM20yJTIxMWQ0Ni44OTI2NzI0OTk5OTk5OTYlMjEyZDExLjQzMzYxODU5OTk5OTk5OSUyMTRtNSUyMTFzMHg0NzgyYWI5Mzc1NjQ4NTVkJTI1M0EweDUxYWMwOWI1OTU3ZDc4OTclMjEyc1Bhc3NvJTJCZGklMkJQZW5uZXMlMjUyQyUyQlBhc3NvJTJCUGVubmVzJTI1MkMlMkJCb2x6YW5vJTJCQlolMjEzbTIlMjExZDQ2LjgxODk0ODI5OTk5OTk5NSUyMTJkMTEuNDQwNDg1NyUyMTRtNSUyMTFzMHg0NzgyODRiZjVhNjY5MTc1JTI1M0EweDU1ZjFhMDhmMTU0OTE1MyUyMTJzSG90ZWwlMkJXZWluZ2FydGVuJTI1MkMlMkJab25hJTJCSW5kdXN0cmlhbGUlMkJBcnRpZ2lhbmFsZSUyQkJaJTIxM20yJTIxMWQ0Ni40MjUyMTUwOTk5OTk5OTYlMjEyZDExLjI1MjY5MTIlMjE1ZTAlMjEzbTIlMjExc2l0JTIxMnNpdCUyMTR2MTQ1MzgwNTQ5MTY4OCUyMiUyMHdpZHRoJTNEJTIyMTAwJTI1JTIyJTIwaGVpZ2h0JTNEJTIyNjAwJTIyJTIwZnJhbWVib3JkZXIlM0QlMjIwJTIyJTIwc3R5bGUlM0QlMjJib3JkZXIlM0EwJTIyJTIwYWxsb3dmdWxsc2NyZWVuJTNFJTNDJTJGaWZyYW1lJTNF[\/vc_raw_html][\/vc_column][\/vc_row][vc_row type=&#8220;full_width_content&#8220; scene_position=&#8220;center&#8220; text_color=&#8220;light&#8220; text_align=&#8220;center&#8220; color_overlay=&#8220;#9c9a73&#8243; overlay_strength=&#8220;1&#8243;][vc_column column_padding=&#8220;no-extra-padding&#8220; column_padding_position=&#8220;all&#8220; background_color_opacity=&#8220;1&#8243; background_hover_color_opacity=&#8220;1&#8243; width=&#8220;1\/1&#8243;][vc_column_text css=&#8220;.vc_custom_1459849256700{border-top-width: 1px !important;padding-top: 10% !important;}&#8220;]\n<h2>Sie wollen alle Winkel S\u00fcdtirols erkunden?<\/h2>\n[\/vc_column_text][vc_column_text css=&#8220;.vc_custom_1464613188896{padding-top: 50px !important;padding-bottom: 10% !important;}&#8220;]<a class=\"nectar-button n-sc-button large see-through-2 has-icon\"  href=\"\/?page_id=6862\" data-color-override=\"false\" data-hover-color-override=\"false\" data-hover-text-color-override=\"#fff\"><span>Dann tun Sie das am besten vom Hotel Weingarten aus!<\/span><i class=\"icon-button-arrow\"><\/i><\/a>[\/vc_column_text][\/vc_column][\/vc_row]\n","protected":false},"excerpt":{"rendered":"<p>[vc_row type=&#8220;in_container&#8220; full_screen_row_position=&#8220;middle&#8220; column_margin=&#8220;default&#8220; column_direction=&#8220;default&#8220; column_direction_tablet=&#8220;default&#8220; column_direction_phone=&#8220;default&#8220; scene_position=&#8220;center&#8220; text_color=&#8220;dark&#8220; text_align=&#8220;left&#8220; row_border_radius=&#8220;none&#8220; row_border_radius_applies=&#8220;bg&#8220; overflow=&#8220;visible&#8220; overlay_strength=&#8220;0.3&#8243; gradient_direction=&#8220;left_to_right&#8220; shape_divider_position=&#8220;bottom&#8220; bg_image_animation=&#8220;none&#8220;][vc_column column_padding=&#8220;no-extra-padding&#8220; column_padding_tablet=&#8220;inherit&#8220; column_padding_phone=&#8220;inherit&#8220; column_padding_position=&#8220;all&#8220; column_element_spacing=&#8220;default&#8220; background_color_opacity=&#8220;1&#8243; background_hover_color_opacity=&#8220;1&#8243; column_shadow=&#8220;none&#8220; column_border_radius=&#8220;none&#8220; column_link_target=&#8220;_self&#8220; column_position=&#8220;default&#8220; gradient_direction=&#8220;left_to_right&#8220; overlay_strength=&#8220;0.3&#8243;&#8230;<\/p>\n","protected":false},"author":6,"featured_media":0,"parent":7086,"menu_order":0,"comment_status":"closed","ping_status":"closed","template":"","meta":{"footnotes":""},"class_list":["post-7179","page","type-page","status-publish"],"yoast_head":"<!-- This site is optimized with the Yoast SEO plugin v27.4 - https:\/\/yoast.com\/product\/yoast-seo-wordpress\/ -->\n<title>\u00dcber Jaufenpass und Penser Joch - Hotel Weingarten<\/title>\n<meta name=\"robots\" content=\"index, follow, max-snippet:-1, max-image-preview:large, max-video-preview:-1\" \/>\n<link rel=\"canonical\" href=\"https:\/\/hotel-weingarten.it\/de\/umgebung\/auto-und-motoradtouren\/ueber-jaufenpass-und-penser-joch\/\" \/>\n<meta property=\"og:locale\" content=\"de_DE\" \/>\n<meta property=\"og:type\" content=\"article\" \/>\n<meta property=\"og:title\" content=\"\u00dcber Jaufenpass und Penser Joch - Hotel Weingarten\" \/>\n<meta property=\"og:description\" content=\"[vc_row type=&#8220;in_container&#8220; full_screen_row_position=&#8220;middle&#8220; column_margin=&#8220;default&#8220; column_direction=&#8220;default&#8220; column_direction_tablet=&#8220;default&#8220; column_direction_phone=&#8220;default&#8220; scene_position=&#8220;center&#8220; text_color=&#8220;dark&#8220; text_align=&#8220;left&#8220; row_border_radius=&#8220;none&#8220; row_border_radius_applies=&#8220;bg&#8220; overflow=&#8220;visible&#8220; overlay_strength=&#8220;0.3&#8243; gradient_direction=&#8220;left_to_right&#8220; shape_divider_position=&#8220;bottom&#8220; bg_image_animation=&#8220;none&#8220;][vc_column column_padding=&#8220;no-extra-padding&#8220; column_padding_tablet=&#8220;inherit&#8220; column_padding_phone=&#8220;inherit&#8220; column_padding_position=&#8220;all&#8220; column_element_spacing=&#8220;default&#8220; background_color_opacity=&#8220;1&#8243; background_hover_color_opacity=&#8220;1&#8243; column_shadow=&#8220;none&#8220; column_border_radius=&#8220;none&#8220; column_link_target=&#8220;_self&#8220; column_position=&#8220;default&#8220; gradient_direction=&#8220;left_to_right&#8220; overlay_strength=&#8220;0.3&#8243;...\" \/>\n<meta property=\"og:url\" content=\"https:\/\/hotel-weingarten.it\/de\/umgebung\/auto-und-motoradtouren\/ueber-jaufenpass-und-penser-joch\/\" \/>\n<meta property=\"og:site_name\" content=\"Hotel Weingarten\" \/>\n<meta property=\"article:publisher\" content=\"https:\/\/www.facebook.com\/Hotel.Weingarten\/\" \/>\n<meta property=\"article:modified_time\" content=\"2022-04-08T07:30:59+00:00\" \/>\n<meta name=\"twitter:card\" content=\"summary_large_image\" \/>\n<meta name=\"twitter:label1\" content=\"Gesch\u00e4tzte Lesezeit\" \/>\n\t<meta name=\"twitter:data1\" content=\"4\u00a0Minuten\" \/>\n<script type=\"application\/ld+json\" class=\"yoast-schema-graph\">{\"@context\":\"https:\\\/\\\/schema.org\",\"@graph\":[{\"@type\":\"WebPage\",\"@id\":\"https:\\\/\\\/hotel-weingarten.it\\\/de\\\/umgebung\\\/auto-und-motoradtouren\\\/ueber-jaufenpass-und-penser-joch\\\/\",\"url\":\"https:\\\/\\\/hotel-weingarten.it\\\/de\\\/umgebung\\\/auto-und-motoradtouren\\\/ueber-jaufenpass-und-penser-joch\\\/\",\"name\":\"\u00dcber Jaufenpass und Penser Joch - Hotel Weingarten\",\"isPartOf\":{\"@id\":\"https:\\\/\\\/hotel-weingarten.it\\\/de\\\/#website\"},\"datePublished\":\"2016-04-05T09:42:09+00:00\",\"dateModified\":\"2022-04-08T07:30:59+00:00\",\"breadcrumb\":{\"@id\":\"https:\\\/\\\/hotel-weingarten.it\\\/de\\\/umgebung\\\/auto-und-motoradtouren\\\/ueber-jaufenpass-und-penser-joch\\\/#breadcrumb\"},\"inLanguage\":\"de\",\"potentialAction\":[{\"@type\":\"ReadAction\",\"target\":[\"https:\\\/\\\/hotel-weingarten.it\\\/de\\\/umgebung\\\/auto-und-motoradtouren\\\/ueber-jaufenpass-und-penser-joch\\\/\"]}]},{\"@type\":\"BreadcrumbList\",\"@id\":\"https:\\\/\\\/hotel-weingarten.it\\\/de\\\/umgebung\\\/auto-und-motoradtouren\\\/ueber-jaufenpass-und-penser-joch\\\/#breadcrumb\",\"itemListElement\":[{\"@type\":\"ListItem\",\"position\":1,\"name\":\"Home\",\"item\":\"https:\\\/\\\/hotel-weingarten.it\\\/de\\\/\"},{\"@type\":\"ListItem\",\"position\":2,\"name\":\"Umgebung\",\"item\":\"https:\\\/\\\/hotel-weingarten.it\\\/de\\\/umgebung\\\/\"},{\"@type\":\"ListItem\",\"position\":3,\"name\":\"Auto- und Motorradtouren durch S\u00fcdtirol\",\"item\":\"https:\\\/\\\/hotel-weingarten.it\\\/de\\\/umgebung\\\/auto-und-motoradtouren\\\/\"},{\"@type\":\"ListItem\",\"position\":4,\"name\":\"\u00dcber Jaufenpass und Penser Joch\"}]},{\"@type\":\"WebSite\",\"@id\":\"https:\\\/\\\/hotel-weingarten.it\\\/de\\\/#website\",\"url\":\"https:\\\/\\\/hotel-weingarten.it\\\/de\\\/\",\"name\":\"Hotel Weingarten\",\"description\":\"\",\"potentialAction\":[{\"@type\":\"SearchAction\",\"target\":{\"@type\":\"EntryPoint\",\"urlTemplate\":\"https:\\\/\\\/hotel-weingarten.it\\\/de\\\/?s={search_term_string}\"},\"query-input\":{\"@type\":\"PropertyValueSpecification\",\"valueRequired\":true,\"valueName\":\"search_term_string\"}}],\"inLanguage\":\"de\"}]}<\/script>\n<!-- \/ Yoast SEO plugin. -->","yoast_head_json":{"title":"\u00dcber Jaufenpass und Penser Joch - Hotel Weingarten","robots":{"index":"index","follow":"follow","max-snippet":"max-snippet:-1","max-image-preview":"max-image-preview:large","max-video-preview":"max-video-preview:-1"},"canonical":"https:\/\/hotel-weingarten.it\/de\/umgebung\/auto-und-motoradtouren\/ueber-jaufenpass-und-penser-joch\/","og_locale":"de_DE","og_type":"article","og_title":"\u00dcber Jaufenpass und Penser Joch - Hotel Weingarten","og_description":"[vc_row type=&#8220;in_container&#8220; full_screen_row_position=&#8220;middle&#8220; column_margin=&#8220;default&#8220; column_direction=&#8220;default&#8220; column_direction_tablet=&#8220;default&#8220; column_direction_phone=&#8220;default&#8220; scene_position=&#8220;center&#8220; text_color=&#8220;dark&#8220; text_align=&#8220;left&#8220; row_border_radius=&#8220;none&#8220; row_border_radius_applies=&#8220;bg&#8220; overflow=&#8220;visible&#8220; overlay_strength=&#8220;0.3&#8243; gradient_direction=&#8220;left_to_right&#8220; shape_divider_position=&#8220;bottom&#8220; bg_image_animation=&#8220;none&#8220;][vc_column column_padding=&#8220;no-extra-padding&#8220; column_padding_tablet=&#8220;inherit&#8220; column_padding_phone=&#8220;inherit&#8220; column_padding_position=&#8220;all&#8220; column_element_spacing=&#8220;default&#8220; background_color_opacity=&#8220;1&#8243; background_hover_color_opacity=&#8220;1&#8243; column_shadow=&#8220;none&#8220; column_border_radius=&#8220;none&#8220; column_link_target=&#8220;_self&#8220; column_position=&#8220;default&#8220; gradient_direction=&#8220;left_to_right&#8220; overlay_strength=&#8220;0.3&#8243;...","og_url":"https:\/\/hotel-weingarten.it\/de\/umgebung\/auto-und-motoradtouren\/ueber-jaufenpass-und-penser-joch\/","og_site_name":"Hotel Weingarten","article_publisher":"https:\/\/www.facebook.com\/Hotel.Weingarten\/","article_modified_time":"2022-04-08T07:30:59+00:00","twitter_card":"summary_large_image","twitter_misc":{"Gesch\u00e4tzte Lesezeit":"4\u00a0Minuten"},"schema":{"@context":"https:\/\/schema.org","@graph":[{"@type":"WebPage","@id":"https:\/\/hotel-weingarten.it\/de\/umgebung\/auto-und-motoradtouren\/ueber-jaufenpass-und-penser-joch\/","url":"https:\/\/hotel-weingarten.it\/de\/umgebung\/auto-und-motoradtouren\/ueber-jaufenpass-und-penser-joch\/","name":"\u00dcber Jaufenpass und Penser Joch - Hotel Weingarten","isPartOf":{"@id":"https:\/\/hotel-weingarten.it\/de\/#website"},"datePublished":"2016-04-05T09:42:09+00:00","dateModified":"2022-04-08T07:30:59+00:00","breadcrumb":{"@id":"https:\/\/hotel-weingarten.it\/de\/umgebung\/auto-und-motoradtouren\/ueber-jaufenpass-und-penser-joch\/#breadcrumb"},"inLanguage":"de","potentialAction":[{"@type":"ReadAction","target":["https:\/\/hotel-weingarten.it\/de\/umgebung\/auto-und-motoradtouren\/ueber-jaufenpass-und-penser-joch\/"]}]},{"@type":"BreadcrumbList","@id":"https:\/\/hotel-weingarten.it\/de\/umgebung\/auto-und-motoradtouren\/ueber-jaufenpass-und-penser-joch\/#breadcrumb","itemListElement":[{"@type":"ListItem","position":1,"name":"Home","item":"https:\/\/hotel-weingarten.it\/de\/"},{"@type":"ListItem","position":2,"name":"Umgebung","item":"https:\/\/hotel-weingarten.it\/de\/umgebung\/"},{"@type":"ListItem","position":3,"name":"Auto- und Motorradtouren durch S\u00fcdtirol","item":"https:\/\/hotel-weingarten.it\/de\/umgebung\/auto-und-motoradtouren\/"},{"@type":"ListItem","position":4,"name":"\u00dcber Jaufenpass und Penser Joch"}]},{"@type":"WebSite","@id":"https:\/\/hotel-weingarten.it\/de\/#website","url":"https:\/\/hotel-weingarten.it\/de\/","name":"Hotel Weingarten","description":"","potentialAction":[{"@type":"SearchAction","target":{"@type":"EntryPoint","urlTemplate":"https:\/\/hotel-weingarten.it\/de\/?s={search_term_string}"},"query-input":{"@type":"PropertyValueSpecification","valueRequired":true,"valueName":"search_term_string"}}],"inLanguage":"de"}]}},"_links":{"self":[{"href":"https:\/\/hotel-weingarten.it\/de\/wp-json\/wp\/v2\/pages\/7179","targetHints":{"allow":["GET"]}}],"collection":[{"href":"https:\/\/hotel-weingarten.it\/de\/wp-json\/wp\/v2\/pages"}],"about":[{"href":"https:\/\/hotel-weingarten.it\/de\/wp-json\/wp\/v2\/types\/page"}],"author":[{"embeddable":true,"href":"https:\/\/hotel-weingarten.it\/de\/wp-json\/wp\/v2\/users\/6"}],"replies":[{"embeddable":true,"href":"https:\/\/hotel-weingarten.it\/de\/wp-json\/wp\/v2\/comments?post=7179"}],"version-history":[{"count":0,"href":"https:\/\/hotel-weingarten.it\/de\/wp-json\/wp\/v2\/pages\/7179\/revisions"}],"up":[{"embeddable":true,"href":"https:\/\/hotel-weingarten.it\/de\/wp-json\/wp\/v2\/pages\/7086"}],"wp:attachment":[{"href":"https:\/\/hotel-weingarten.it\/de\/wp-json\/wp\/v2\/media?parent=7179"}],"curies":[{"name":"wp","href":"https:\/\/api.w.org\/{rel}","templated":true}]}}