{"id":7181,"date":"2016-04-05T09:47:53","date_gmt":"2016-04-05T09:47:53","guid":{"rendered":"https:\/\/www.hotel-weingarten.it\/de\/?page_id=7181"},"modified":"2022-04-08T07:35:38","modified_gmt":"2022-04-08T07:35:38","slug":"durch-die-dolomiten-und-das-herz-suedtirols","status":"publish","type":"page","link":"https:\/\/hotel-weingarten.it\/de\/umgebung\/auto-und-motoradtouren\/durch-die-dolomiten-und-das-herz-suedtirols\/","title":{"rendered":"Durch die Dolomiten und das Herz S\u00fcdtirols"},"content":{"rendered":"[vc_row type=&#8220;in_container&#8220; full_screen_row_position=&#8220;middle&#8220; column_margin=&#8220;default&#8220; column_direction=&#8220;default&#8220; column_direction_tablet=&#8220;default&#8220; column_direction_phone=&#8220;default&#8220; scene_position=&#8220;center&#8220; text_color=&#8220;dark&#8220; text_align=&#8220;left&#8220; row_border_radius=&#8220;none&#8220; row_border_radius_applies=&#8220;bg&#8220; overflow=&#8220;visible&#8220; overlay_strength=&#8220;0.3&#8243; gradient_direction=&#8220;left_to_right&#8220; shape_divider_position=&#8220;bottom&#8220; bg_image_animation=&#8220;none&#8220;][vc_column column_padding=&#8220;no-extra-padding&#8220; column_padding_tablet=&#8220;inherit&#8220; column_padding_phone=&#8220;inherit&#8220; column_padding_position=&#8220;all&#8220; column_element_spacing=&#8220;default&#8220; background_color_opacity=&#8220;1&#8243; background_hover_color_opacity=&#8220;1&#8243; column_shadow=&#8220;none&#8220; column_border_radius=&#8220;none&#8220; column_link_target=&#8220;_self&#8220; column_position=&#8220;default&#8220; gradient_direction=&#8220;left_to_right&#8220; overlay_strength=&#8220;0.3&#8243; width=&#8220;1\/1&#8243; tablet_width_inherit=&#8220;default&#8220; tablet_text_alignment=&#8220;default&#8220; phone_text_alignment=&#8220;default&#8220; animation_type=&#8220;default&#8220; bg_image_animation=&#8220;none&#8220; border_type=&#8220;simple&#8220; column_border_width=&#8220;none&#8220; column_border_style=&#8220;solid&#8220;][page_submenu alignment=&#8220;center&#8220; sticky=&#8220;true&#8220; bg_color=&#8220;#303644&#8243; link_color=&#8220;#ffffff&#8220;][page_link title=&#8220;\u00dcber Andalo und Molveno an den Gardasee&#8220; tab_id=&#8220;1649402835642-5&#8243; link_url=&#8220;https:\/\/hotel-weingarten.it\/de\/umgebung\/auto-und-motoradtouren\/ueber-andalo-und-molveno-an-den-gardasee\/&#8220; id=&#8220;1649402835642-1&#8243;][\/page_link][page_link title=&#8220;\u00dcber Jaufenpass und Penser Joch&#8220; tab_id=&#8220;1649402835628-0&#8243; link_url=&#8220;https:\/\/hotel-weingarten.it\/de\/umgebung\/auto-und-motoradtouren\/ueber-jaufenpass-und-penser-joch\/&#8220; id=&#8220;1649402835628-7&#8243;][\/page_link][page_link link_url=&#8220;https:\/\/hotel-weingarten.it\/de\/umgebung\/auto-und-motoradtouren\/paesse-rundtour-im-westen-mendel-tonale-und-stilfser-joch\/&#8220; title=&#8220;Mendel, Tonale und Stilfser Joch&#8220; tab_id=&#8220;1649402835576-1&#8243; id=&#8220;1649402835575-8&#8243;] [\/page_link][page_link link_url=&#8220;https:\/\/hotel-weingarten.it\/de\/umgebung\/auto-und-motoradtouren\/auf-rundtour-durch-das-herz-der-dolomiten\/&#8220; title=&#8220;Durch das Herz der Dolomiten&#8220; tab_id=&#8220;1649402835599-7&#8243; id=&#8220;1649402835598-7&#8243;] [\/page_link][page_link title=&#8220;Das Herz S\u00fcdtirols&#8220; tab_id=&#8220;1649402835611-3&#8243; link_url=&#8220;https:\/\/hotel-weingarten.it\/de\/umgebung\/auto-und-motoradtouren\/durch-die-dolomiten-und-das-herz-suedtirols\/&#8220; id=&#8220;1649402835611-1&#8243;][\/page_link][page_link title=&#8220;Rund um den Gardasee&#8220; id=&#8220;1649402937867-6&#8243; tab_id=&#8220;1649402937868-3&#8243; link_url=&#8220;https:\/\/hotel-weingarten.it\/de\/umgebung\/auto-und-motoradtouren\/rund-um-den-gardasee\/&#8220;][\/page_link][\/page_submenu][\/vc_column][\/vc_row][vc_row type=&#8220;in_container&#8220; scene_position=&#8220;center&#8220; text_color=&#8220;dark&#8220; text_align=&#8220;left&#8220; top_padding=&#8220;100&#8243; bottom_padding=&#8220;100&#8243; overlay_strength=&#8220;0.3&#8243;][vc_column column_padding=&#8220;no-extra-padding&#8220; column_padding_position=&#8220;all&#8220; background_color_opacity=&#8220;1&#8243; background_hover_color_opacity=&#8220;1&#8243; width=&#8220;1\/4&#8243;][\/vc_column][vc_column column_padding=&#8220;no-extra-padding&#8220; column_padding_position=&#8220;all&#8220; background_color_opacity=&#8220;1&#8243; background_hover_color_opacity=&#8220;1&#8243; top_margin=&#8220;200px&#8220; bottom_margin=&#8220;200px&#8220; width=&#8220;1\/2&#8243;][split_line_heading]\n<h1 class=\"western\">Durch die Dolomiten und das Herz S\u00fcdtirols<\/h1>\n[\/split_line_heading][vc_column_text]\n<p class=\"western\">Diese Rundtour gibt einen Einblick in die Dolomiten und das Herz S\u00fcdtirols gleicherma\u00dfen. Sie f\u00fchrt \u00fcber mehrere P\u00e4sse durch das Weltnaturerbe Dolomiten, streift aber auch den Norden S\u00fcdtirols und f\u00fchrt durch das Sarntal, eines der urigsten T\u00e4ler des Landes.<\/p>\n<p>Los geht\u2019s wie gewohnt am Hotel Weingarten und mit der Fahrt nach und durch Bozen. An der n\u00f6rdlichen Stadtgrenze biegt man nach rechts ins Eggental ab, um \u2013 vorbei an Rosengarten und Latemar \u2013 auf den Karerpass zu gelangen. An der Stra\u00dfe lohnt ein Stopp am Karersee, einem der beliebtesten Fotomotive S\u00fcdtirols.<\/p>\n<p>Vom Karerpass f\u00e4hrt man hinunter ins Fassatal nach Canazei und von dort wieder bergauf. Wenige Kilometer hinter Canazei hat man die erste wichtige Routenentscheidung zu treffen. Erste Option ist der lange, in jedem Fall aber lohnende Weg nach rechts \u00fcber das Pordoijoch ins Gadertal und von dort \u00fcber das Gr\u00f6dner Joch nach Wolkenstein und St. Ulrich in Gr\u00f6den. Dorthin f\u00fchrt uns auch die zweite Option, die auf k\u00fcrzerer Strecke und am Fu\u00dfe des Langkofels \u00fcber das Sellajoch f\u00fchrt.<\/p>\n<p>Durch Gr\u00f6den geht die Fahrt ins Eisacktal, wo Routenentscheidung Nummer zwei wartet. Wer genug gesehen hat, biegt Richtung S\u00fcden und f\u00e4hrt \u00fcber Bozen direkt ins Hotel Weingarten zur\u00fcck. Wer allerdings noch Lust auf ein paar zus\u00e4tzliche Highlights hat, wendet sich nach Norden Richtung Sterzing. Von der sehenswerten Fuggerstadt biegt man auf die kurvenreiche Penser-Joch-Stra\u00dfe und gelangt \u00fcber das Joch ins Sarntal, das geographisch im Herzen S\u00fcdtirols liegt.<\/p>\n<p>Durch das Sarntal geht\u2019s dann hinaus nach Bozen und von dort zur\u00fcck nach Kaltern.[\/vc_column_text][\/vc_column][vc_column column_padding=&#8220;no-extra-padding&#8220; column_padding_position=&#8220;all&#8220; background_color_opacity=&#8220;1&#8243; background_hover_color_opacity=&#8220;1&#8243; width=&#8220;1\/4&#8243;][\/vc_column][\/vc_row][vc_row type=&#8220;full_width_content&#8220; scene_position=&#8220;center&#8220; text_color=&#8220;dark&#8220; text_align=&#8220;left&#8220; overlay_strength=&#8220;0.3&#8243;][vc_column column_padding=&#8220;no-extra-padding&#8220; column_padding_position=&#8220;all&#8220; background_color_opacity=&#8220;1&#8243; background_hover_color_opacity=&#8220;1&#8243; width=&#8220;1\/1&#8243;][vc_raw_html]JTNDaWZyYW1lJTIwc3JjJTNEJTIyaHR0cHMlM0ElMkYlMkZ3d3cuZ29vZ2xlLmNvbSUyRm1hcHMlMkZlbWJlZCUzRnBiJTNEJTIxMW03MCUyMTFtMTIlMjExbTMlMjExZDI5NTY3MC4wNDEyNjUwMDYxJTIxMmQxMS4yMTI5OTMxMDAwMDQzODYlMjEzZDQ2LjQ4ODc4OTM5MTY2MzIyNSUyMTJtMyUyMTFmMCUyMTJmMCUyMTNmMCUyMTNtMiUyMTFpMTAyNCUyMTJpNzY4JTIxNGYxMy4xJTIxNG01NSUyMTNlMCUyMTRtNSUyMTFzMHg0NzgyODRiZjVhNjY5MTc1JTI1M0EweDU1ZjFhMDhmMTU0OTE1MyUyMTJzSG90ZWwlMkJXZWluZ2FydGVuJTI1MkMlMkJQaWFuaXp6YSUyQmRpJTJCU290dG8lMjUyQyUyQjklMjUyQyUyQjM5MDUyJTJCQ2FsZGFybyUyNTJDJTJCQm9semFubyUyQkJaJTIxM20yJTIxMWQ0Ni40MjUyMTUwOTk5OTk5OTYlMjEyZDExLjI1MjY5MTIlMjE0bTUlMjExczB4NDc3ODZhNjk0YWI2MmJjMyUyNTNBMHhjYjhlM2ZiNTUyYTRlN2U0JTIxMnNDYW5hemVpJTJCVE4lMjEzbTIlMjExZDQ2LjQ3Njc3ODMlMjEyZDExLjc3MDM2NDg5OTk5OTk5OSUyMTRtNSUyMTFzMHg0Nzc4NDAzNDgxMmMzOGQxJTI1M0EweDFkMDcwOTg4MmU4M2ViODAlMjEyc1Bhc3NvJTJCUG9yZG9pJTI1MkMlMkJDYW5hemVpJTJCVE4lMjEzbTIlMjExZDQ2LjQ4ODgxMjglMjEyZDExLjgxMTc1NjglMjE0bTUlMjExczB4NDc3ODQwYmY3ZmUxMDI5MSUyNTNBMHhmMGNhMmVhZDViNzNmNDMxJTIxMnNBcmFiYmElMjUyQyUyQkJMJTIxM20yJTIxMWQ0Ni40OTcxNjclMjEyZDExLjg3Mzc3MjElMjE0bTUlMjExczB4NDc3ODNmMDZlM2IxYTY5ZiUyNTNBMHhkY2FhNDMxOWU5Yzk3ODI0JTIxMnNDb3J2YXJhJTJCSW4lMkJCYWRpYSUyNTJDJTJCQlolMjEzbTIlMjExZDQ2LjU1MjU5MDUlMjEyZDExLjg3NDI3NDUlMjE0bTUlMjExczB4NDc3ODEyZjlhNzgwZGJiOSUyNTNBMHgzYWQ4MzViMjI4OTZhMDNiJTIxMnNPcnRpc2VpJTJCQlolMjEzbTIlMjExZDQ2LjU3MzQzNDglMjEyZDExLjY3NDIwMjUlMjE0bTUlMjExczB4NDc5ZDUzNDA5MTJiNGZlZCUyNTNBMHhlY2NmOTFkZTI5ZDZmY2Y5JTIxMnNWaXBpdGVubyUyQkJaJTIxM20yJTIxMWQ0Ni44OTI2NzI0OTk5OTk5OTYlMjEyZDExLjQzMzYxODU5OTk5OTk5OSUyMTRtNSUyMTFzMHg0NzgyYWI5Mzc1NjQ4NTVkJTI1M0EweDUxYWMwOWI1OTU3ZDc4OTclMjEyc1Bhc3NvJTJCZGklMkJQZW5uZXMlMjUyQyUyQkJvbHphbm8lMjUyQyUyQkJaJTIxM20yJTIxMWQ0Ni44MTg5NDgyOTk5OTk5OTUlMjEyZDExLjQ0MDQ4NTclMjE0bTUlMjExczB4NDc4Mjg0YmY1YTY2OTE3NSUyNTNBMHg1NWYxYTA4ZjE1NDkxNTMlMjEyc0hvdGVsJTJCV2VpbmdhcnRlbiUyNTJDJTJCWm9uYSUyQkluZHVzdHJpYWxlJTJCQXJ0aWdpYW5hbGUlMkJCWiUyMTNtMiUyMTFkNDYuNDI1MjE1MDk5OTk5OTk2JTIxMmQxMS4yNTI2OTEyJTIxNWUwJTIxM20yJTIxMXNpdCUyMTJzaXQlMjE0djE0NTM4MDQ1MDI0MjYlMjIlMjB3aWR0aCUzRCUyMjEwMCUyNSUyMiUyMGhlaWdodCUzRCUyMjYwMCUyMiUyMGZyYW1lYm9yZGVyJTNEJTIyMCUyMiUyMHN0eWxlJTNEJTIyYm9yZGVyJTNBMCUyMiUyMGFsbG93ZnVsbHNjcmVlbiUzRSUzQyUyRmlmcmFtZSUzRQ==[\/vc_raw_html][\/vc_column][\/vc_row][vc_row type=&#8220;full_width_content&#8220; scene_position=&#8220;center&#8220; text_color=&#8220;light&#8220; text_align=&#8220;center&#8220; color_overlay=&#8220;#9c9a73&#8243; overlay_strength=&#8220;1&#8243;][vc_column column_padding=&#8220;no-extra-padding&#8220; column_padding_position=&#8220;all&#8220; background_color_opacity=&#8220;1&#8243; background_hover_color_opacity=&#8220;1&#8243; width=&#8220;1\/1&#8243;][vc_column_text css=&#8220;.vc_custom_1459849608783{border-top-width: 1px !important;padding-top: 10% !important;}&#8220;]\n<h2>S\u00fcdtirols Highlights entdecken<\/h2>\n[\/vc_column_text][vc_column_text css=&#8220;.vc_custom_1464612667192{padding-top: 50px !important;padding-bottom: 10% !important;}&#8220;]<a class=\"nectar-button n-sc-button large see-through-2 has-icon\"  href=\"\/?page_id=6862\" data-color-override=\"false\" data-hover-color-override=\"false\" data-hover-text-color-override=\"#fff\"><span>Buchen Sie jetzt Ihren Urlaub im Hotel Weingarten!<\/span><i class=\"icon-button-arrow\"><\/i><\/a>[\/vc_column_text][\/vc_column][\/vc_row]\n","protected":false},"excerpt":{"rendered":"<p>[vc_row type=&#8220;in_container&#8220; full_screen_row_position=&#8220;middle&#8220; column_margin=&#8220;default&#8220; column_direction=&#8220;default&#8220; column_direction_tablet=&#8220;default&#8220; column_direction_phone=&#8220;default&#8220; scene_position=&#8220;center&#8220; text_color=&#8220;dark&#8220; text_align=&#8220;left&#8220; row_border_radius=&#8220;none&#8220; row_border_radius_applies=&#8220;bg&#8220; overflow=&#8220;visible&#8220; overlay_strength=&#8220;0.3&#8243; gradient_direction=&#8220;left_to_right&#8220; shape_divider_position=&#8220;bottom&#8220; bg_image_animation=&#8220;none&#8220;][vc_column column_padding=&#8220;no-extra-padding&#8220; column_padding_tablet=&#8220;inherit&#8220; column_padding_phone=&#8220;inherit&#8220; column_padding_position=&#8220;all&#8220; column_element_spacing=&#8220;default&#8220; background_color_opacity=&#8220;1&#8243; background_hover_color_opacity=&#8220;1&#8243; column_shadow=&#8220;none&#8220; column_border_radius=&#8220;none&#8220; column_link_target=&#8220;_self&#8220; column_position=&#8220;default&#8220; gradient_direction=&#8220;left_to_right&#8220; overlay_strength=&#8220;0.3&#8243;&#8230;<\/p>\n","protected":false},"author":6,"featured_media":0,"parent":7086,"menu_order":0,"comment_status":"closed","ping_status":"closed","template":"","meta":{"footnotes":""},"class_list":["post-7181","page","type-page","status-publish"],"yoast_head":"<!-- This site is optimized with the Yoast SEO plugin v27.5 - https:\/\/yoast.com\/product\/yoast-seo-wordpress\/ -->\n<title>Durch die Dolomiten und das Herz S\u00fcdtirols - Hotel Weingarten<\/title>\n<meta name=\"robots\" content=\"index, follow, max-snippet:-1, max-image-preview:large, max-video-preview:-1\" \/>\n<link rel=\"canonical\" href=\"https:\/\/hotel-weingarten.it\/de\/umgebung\/auto-und-motoradtouren\/durch-die-dolomiten-und-das-herz-suedtirols\/\" \/>\n<meta property=\"og:locale\" content=\"de_DE\" \/>\n<meta property=\"og:type\" content=\"article\" \/>\n<meta property=\"og:title\" content=\"Durch die Dolomiten und das Herz S\u00fcdtirols - Hotel Weingarten\" \/>\n<meta property=\"og:description\" content=\"[vc_row type=&#8220;in_container&#8220; full_screen_row_position=&#8220;middle&#8220; column_margin=&#8220;default&#8220; column_direction=&#8220;default&#8220; column_direction_tablet=&#8220;default&#8220; column_direction_phone=&#8220;default&#8220; scene_position=&#8220;center&#8220; text_color=&#8220;dark&#8220; text_align=&#8220;left&#8220; row_border_radius=&#8220;none&#8220; row_border_radius_applies=&#8220;bg&#8220; overflow=&#8220;visible&#8220; overlay_strength=&#8220;0.3&#8243; gradient_direction=&#8220;left_to_right&#8220; shape_divider_position=&#8220;bottom&#8220; bg_image_animation=&#8220;none&#8220;][vc_column column_padding=&#8220;no-extra-padding&#8220; column_padding_tablet=&#8220;inherit&#8220; column_padding_phone=&#8220;inherit&#8220; column_padding_position=&#8220;all&#8220; column_element_spacing=&#8220;default&#8220; background_color_opacity=&#8220;1&#8243; background_hover_color_opacity=&#8220;1&#8243; column_shadow=&#8220;none&#8220; column_border_radius=&#8220;none&#8220; column_link_target=&#8220;_self&#8220; column_position=&#8220;default&#8220; gradient_direction=&#8220;left_to_right&#8220; overlay_strength=&#8220;0.3&#8243;...\" \/>\n<meta property=\"og:url\" content=\"https:\/\/hotel-weingarten.it\/de\/umgebung\/auto-und-motoradtouren\/durch-die-dolomiten-und-das-herz-suedtirols\/\" \/>\n<meta property=\"og:site_name\" content=\"Hotel Weingarten\" \/>\n<meta property=\"article:publisher\" content=\"https:\/\/www.facebook.com\/Hotel.Weingarten\/\" \/>\n<meta property=\"article:modified_time\" content=\"2022-04-08T07:35:38+00:00\" \/>\n<meta name=\"twitter:card\" content=\"summary_large_image\" \/>\n<meta name=\"twitter:label1\" content=\"Gesch\u00e4tzte Lesezeit\" \/>\n\t<meta name=\"twitter:data1\" content=\"5\u00a0Minuten\" \/>\n<script type=\"application\/ld+json\" class=\"yoast-schema-graph\">{\"@context\":\"https:\\\/\\\/schema.org\",\"@graph\":[{\"@type\":\"WebPage\",\"@id\":\"https:\\\/\\\/hotel-weingarten.it\\\/de\\\/umgebung\\\/auto-und-motoradtouren\\\/durch-die-dolomiten-und-das-herz-suedtirols\\\/\",\"url\":\"https:\\\/\\\/hotel-weingarten.it\\\/de\\\/umgebung\\\/auto-und-motoradtouren\\\/durch-die-dolomiten-und-das-herz-suedtirols\\\/\",\"name\":\"Durch die Dolomiten und das Herz S\u00fcdtirols - Hotel Weingarten\",\"isPartOf\":{\"@id\":\"https:\\\/\\\/hotel-weingarten.it\\\/de\\\/#website\"},\"datePublished\":\"2016-04-05T09:47:53+00:00\",\"dateModified\":\"2022-04-08T07:35:38+00:00\",\"breadcrumb\":{\"@id\":\"https:\\\/\\\/hotel-weingarten.it\\\/de\\\/umgebung\\\/auto-und-motoradtouren\\\/durch-die-dolomiten-und-das-herz-suedtirols\\\/#breadcrumb\"},\"inLanguage\":\"de\",\"potentialAction\":[{\"@type\":\"ReadAction\",\"target\":[\"https:\\\/\\\/hotel-weingarten.it\\\/de\\\/umgebung\\\/auto-und-motoradtouren\\\/durch-die-dolomiten-und-das-herz-suedtirols\\\/\"]}]},{\"@type\":\"BreadcrumbList\",\"@id\":\"https:\\\/\\\/hotel-weingarten.it\\\/de\\\/umgebung\\\/auto-und-motoradtouren\\\/durch-die-dolomiten-und-das-herz-suedtirols\\\/#breadcrumb\",\"itemListElement\":[{\"@type\":\"ListItem\",\"position\":1,\"name\":\"Home\",\"item\":\"https:\\\/\\\/hotel-weingarten.it\\\/de\\\/\"},{\"@type\":\"ListItem\",\"position\":2,\"name\":\"Umgebung\",\"item\":\"https:\\\/\\\/hotel-weingarten.it\\\/de\\\/umgebung\\\/\"},{\"@type\":\"ListItem\",\"position\":3,\"name\":\"Auto- und Motorradtouren durch S\u00fcdtirol\",\"item\":\"https:\\\/\\\/hotel-weingarten.it\\\/de\\\/umgebung\\\/auto-und-motoradtouren\\\/\"},{\"@type\":\"ListItem\",\"position\":4,\"name\":\"Durch die Dolomiten und das Herz S\u00fcdtirols\"}]},{\"@type\":\"WebSite\",\"@id\":\"https:\\\/\\\/hotel-weingarten.it\\\/de\\\/#website\",\"url\":\"https:\\\/\\\/hotel-weingarten.it\\\/de\\\/\",\"name\":\"Hotel Weingarten\",\"description\":\"\",\"potentialAction\":[{\"@type\":\"SearchAction\",\"target\":{\"@type\":\"EntryPoint\",\"urlTemplate\":\"https:\\\/\\\/hotel-weingarten.it\\\/de\\\/?s={search_term_string}\"},\"query-input\":{\"@type\":\"PropertyValueSpecification\",\"valueRequired\":true,\"valueName\":\"search_term_string\"}}],\"inLanguage\":\"de\"}]}<\/script>\n<!-- \/ Yoast SEO plugin. -->","yoast_head_json":{"title":"Durch die Dolomiten und das Herz S\u00fcdtirols - Hotel Weingarten","robots":{"index":"index","follow":"follow","max-snippet":"max-snippet:-1","max-image-preview":"max-image-preview:large","max-video-preview":"max-video-preview:-1"},"canonical":"https:\/\/hotel-weingarten.it\/de\/umgebung\/auto-und-motoradtouren\/durch-die-dolomiten-und-das-herz-suedtirols\/","og_locale":"de_DE","og_type":"article","og_title":"Durch die Dolomiten und das Herz S\u00fcdtirols - Hotel Weingarten","og_description":"[vc_row type=&#8220;in_container&#8220; full_screen_row_position=&#8220;middle&#8220; column_margin=&#8220;default&#8220; column_direction=&#8220;default&#8220; column_direction_tablet=&#8220;default&#8220; column_direction_phone=&#8220;default&#8220; scene_position=&#8220;center&#8220; text_color=&#8220;dark&#8220; text_align=&#8220;left&#8220; row_border_radius=&#8220;none&#8220; row_border_radius_applies=&#8220;bg&#8220; overflow=&#8220;visible&#8220; overlay_strength=&#8220;0.3&#8243; gradient_direction=&#8220;left_to_right&#8220; shape_divider_position=&#8220;bottom&#8220; bg_image_animation=&#8220;none&#8220;][vc_column column_padding=&#8220;no-extra-padding&#8220; column_padding_tablet=&#8220;inherit&#8220; column_padding_phone=&#8220;inherit&#8220; column_padding_position=&#8220;all&#8220; column_element_spacing=&#8220;default&#8220; background_color_opacity=&#8220;1&#8243; background_hover_color_opacity=&#8220;1&#8243; column_shadow=&#8220;none&#8220; column_border_radius=&#8220;none&#8220; column_link_target=&#8220;_self&#8220; column_position=&#8220;default&#8220; gradient_direction=&#8220;left_to_right&#8220; overlay_strength=&#8220;0.3&#8243;...","og_url":"https:\/\/hotel-weingarten.it\/de\/umgebung\/auto-und-motoradtouren\/durch-die-dolomiten-und-das-herz-suedtirols\/","og_site_name":"Hotel Weingarten","article_publisher":"https:\/\/www.facebook.com\/Hotel.Weingarten\/","article_modified_time":"2022-04-08T07:35:38+00:00","twitter_card":"summary_large_image","twitter_misc":{"Gesch\u00e4tzte Lesezeit":"5\u00a0Minuten"},"schema":{"@context":"https:\/\/schema.org","@graph":[{"@type":"WebPage","@id":"https:\/\/hotel-weingarten.it\/de\/umgebung\/auto-und-motoradtouren\/durch-die-dolomiten-und-das-herz-suedtirols\/","url":"https:\/\/hotel-weingarten.it\/de\/umgebung\/auto-und-motoradtouren\/durch-die-dolomiten-und-das-herz-suedtirols\/","name":"Durch die Dolomiten und das Herz S\u00fcdtirols - Hotel Weingarten","isPartOf":{"@id":"https:\/\/hotel-weingarten.it\/de\/#website"},"datePublished":"2016-04-05T09:47:53+00:00","dateModified":"2022-04-08T07:35:38+00:00","breadcrumb":{"@id":"https:\/\/hotel-weingarten.it\/de\/umgebung\/auto-und-motoradtouren\/durch-die-dolomiten-und-das-herz-suedtirols\/#breadcrumb"},"inLanguage":"de","potentialAction":[{"@type":"ReadAction","target":["https:\/\/hotel-weingarten.it\/de\/umgebung\/auto-und-motoradtouren\/durch-die-dolomiten-und-das-herz-suedtirols\/"]}]},{"@type":"BreadcrumbList","@id":"https:\/\/hotel-weingarten.it\/de\/umgebung\/auto-und-motoradtouren\/durch-die-dolomiten-und-das-herz-suedtirols\/#breadcrumb","itemListElement":[{"@type":"ListItem","position":1,"name":"Home","item":"https:\/\/hotel-weingarten.it\/de\/"},{"@type":"ListItem","position":2,"name":"Umgebung","item":"https:\/\/hotel-weingarten.it\/de\/umgebung\/"},{"@type":"ListItem","position":3,"name":"Auto- und Motorradtouren durch S\u00fcdtirol","item":"https:\/\/hotel-weingarten.it\/de\/umgebung\/auto-und-motoradtouren\/"},{"@type":"ListItem","position":4,"name":"Durch die Dolomiten und das Herz S\u00fcdtirols"}]},{"@type":"WebSite","@id":"https:\/\/hotel-weingarten.it\/de\/#website","url":"https:\/\/hotel-weingarten.it\/de\/","name":"Hotel Weingarten","description":"","potentialAction":[{"@type":"SearchAction","target":{"@type":"EntryPoint","urlTemplate":"https:\/\/hotel-weingarten.it\/de\/?s={search_term_string}"},"query-input":{"@type":"PropertyValueSpecification","valueRequired":true,"valueName":"search_term_string"}}],"inLanguage":"de"}]}},"_links":{"self":[{"href":"https:\/\/hotel-weingarten.it\/de\/wp-json\/wp\/v2\/pages\/7181","targetHints":{"allow":["GET"]}}],"collection":[{"href":"https:\/\/hotel-weingarten.it\/de\/wp-json\/wp\/v2\/pages"}],"about":[{"href":"https:\/\/hotel-weingarten.it\/de\/wp-json\/wp\/v2\/types\/page"}],"author":[{"embeddable":true,"href":"https:\/\/hotel-weingarten.it\/de\/wp-json\/wp\/v2\/users\/6"}],"replies":[{"embeddable":true,"href":"https:\/\/hotel-weingarten.it\/de\/wp-json\/wp\/v2\/comments?post=7181"}],"version-history":[{"count":0,"href":"https:\/\/hotel-weingarten.it\/de\/wp-json\/wp\/v2\/pages\/7181\/revisions"}],"up":[{"embeddable":true,"href":"https:\/\/hotel-weingarten.it\/de\/wp-json\/wp\/v2\/pages\/7086"}],"wp:attachment":[{"href":"https:\/\/hotel-weingarten.it\/de\/wp-json\/wp\/v2\/media?parent=7181"}],"curies":[{"name":"wp","href":"https:\/\/api.w.org\/{rel}","templated":true}]}}