{"id":7201,"date":"2016-04-05T10:34:22","date_gmt":"2016-04-05T10:34:22","guid":{"rendered":"https:\/\/www.hotel-weingarten.it\/de\/?page_id=7201"},"modified":"2022-04-08T07:31:46","modified_gmt":"2022-04-08T07:31:46","slug":"paesse-rundtour-im-westen-mendel-tonale-und-stilfser-joch","status":"publish","type":"page","link":"https:\/\/hotel-weingarten.it\/de\/umgebung\/auto-und-motoradtouren\/paesse-rundtour-im-westen-mendel-tonale-und-stilfser-joch\/","title":{"rendered":"P\u00e4sse-Rundtour im Westen: Mendel, Tonale und Stilfser Joch"},"content":{"rendered":"[vc_row type=&#8220;in_container&#8220; full_screen_row_position=&#8220;middle&#8220; column_margin=&#8220;default&#8220; column_direction=&#8220;default&#8220; column_direction_tablet=&#8220;default&#8220; column_direction_phone=&#8220;default&#8220; scene_position=&#8220;center&#8220; text_color=&#8220;dark&#8220; text_align=&#8220;left&#8220; row_border_radius=&#8220;none&#8220; row_border_radius_applies=&#8220;bg&#8220; overflow=&#8220;visible&#8220; overlay_strength=&#8220;0.3&#8243; gradient_direction=&#8220;left_to_right&#8220; shape_divider_position=&#8220;bottom&#8220; bg_image_animation=&#8220;none&#8220;][vc_column column_padding=&#8220;no-extra-padding&#8220; column_padding_tablet=&#8220;inherit&#8220; column_padding_phone=&#8220;inherit&#8220; column_padding_position=&#8220;all&#8220; column_element_spacing=&#8220;default&#8220; background_color_opacity=&#8220;1&#8243; background_hover_color_opacity=&#8220;1&#8243; column_shadow=&#8220;none&#8220; column_border_radius=&#8220;none&#8220; column_link_target=&#8220;_self&#8220; column_position=&#8220;default&#8220; gradient_direction=&#8220;left_to_right&#8220; overlay_strength=&#8220;0.3&#8243; width=&#8220;1\/1&#8243; tablet_width_inherit=&#8220;default&#8220; tablet_text_alignment=&#8220;default&#8220; phone_text_alignment=&#8220;default&#8220; animation_type=&#8220;default&#8220; bg_image_animation=&#8220;none&#8220; border_type=&#8220;simple&#8220; column_border_width=&#8220;none&#8220; column_border_style=&#8220;solid&#8220;][page_submenu alignment=&#8220;center&#8220; sticky=&#8220;true&#8220; bg_color=&#8220;#303644&#8243; link_color=&#8220;#ffffff&#8220;][page_link title=&#8220;\u00dcber Andalo und Molveno an den Gardasee&#8220; tab_id=&#8220;1649402835642-5&#8243; link_url=&#8220;https:\/\/hotel-weingarten.it\/de\/umgebung\/auto-und-motoradtouren\/ueber-andalo-und-molveno-an-den-gardasee\/&#8220; id=&#8220;1649402835642-1&#8243;][\/page_link][page_link title=&#8220;\u00dcber Jaufenpass und Penser Joch&#8220; tab_id=&#8220;1649402835628-0&#8243; link_url=&#8220;https:\/\/hotel-weingarten.it\/de\/umgebung\/auto-und-motoradtouren\/ueber-jaufenpass-und-penser-joch\/&#8220; id=&#8220;1649402835628-7&#8243;][\/page_link][page_link link_url=&#8220;https:\/\/hotel-weingarten.it\/de\/umgebung\/auto-und-motoradtouren\/paesse-rundtour-im-westen-mendel-tonale-und-stilfser-joch\/&#8220; title=&#8220;Mendel, Tonale und Stilfser Joch&#8220; tab_id=&#8220;1649402835576-1&#8243; id=&#8220;1649402835575-8&#8243;] [\/page_link][page_link link_url=&#8220;https:\/\/hotel-weingarten.it\/de\/umgebung\/auto-und-motoradtouren\/auf-rundtour-durch-das-herz-der-dolomiten\/&#8220; title=&#8220;Durch das Herz der Dolomiten&#8220; tab_id=&#8220;1649402835599-7&#8243; id=&#8220;1649402835598-7&#8243;] [\/page_link][page_link title=&#8220;Das Herz S\u00fcdtirols&#8220; tab_id=&#8220;1649402835611-3&#8243; link_url=&#8220;https:\/\/hotel-weingarten.it\/de\/umgebung\/auto-und-motoradtouren\/durch-die-dolomiten-und-das-herz-suedtirols\/&#8220; id=&#8220;1649402835611-1&#8243;][\/page_link][page_link title=&#8220;Rund um den Gardasee&#8220; id=&#8220;1649402937867-6&#8243; tab_id=&#8220;1649402937868-3&#8243; link_url=&#8220;https:\/\/hotel-weingarten.it\/de\/umgebung\/auto-und-motoradtouren\/rund-um-den-gardasee\/&#8220;][\/page_link][\/page_submenu][\/vc_column][\/vc_row][vc_row type=&#8220;in_container&#8220; full_screen_row_position=&#8220;middle&#8220; scene_position=&#8220;center&#8220; text_color=&#8220;dark&#8220; text_align=&#8220;left&#8220; top_padding=&#8220;100&#8243; bottom_padding=&#8220;100&#8243; overlay_strength=&#8220;0.3&#8243;][vc_column column_padding=&#8220;no-extra-padding&#8220; column_padding_position=&#8220;all&#8220; background_color_opacity=&#8220;1&#8243; background_hover_color_opacity=&#8220;1&#8243; width=&#8220;1\/4&#8243; tablet_text_alignment=&#8220;default&#8220; phone_text_alignment=&#8220;default&#8220;][\/vc_column][vc_column column_padding=&#8220;no-extra-padding&#8220; column_padding_position=&#8220;all&#8220; background_color_opacity=&#8220;1&#8243; background_hover_color_opacity=&#8220;1&#8243; top_margin=&#8220;200px&#8220; bottom_margin=&#8220;200px&#8220; width=&#8220;1\/2&#8243; tablet_text_alignment=&#8220;default&#8220; phone_text_alignment=&#8220;default&#8220;][split_line_heading]\n<h1 class=\"western\">P\u00e4sse-Rundtour im Westen: Mendel, Tonale und Stilfser Joch<\/h1>\n[\/split_line_heading][vc_column_text]\n<p class=\"western\">Sie lieben Kurven und unschlagbare Aussichten? Dann haben wir den richtigen Tourenvorschlag f\u00fcr Sie. Zugegeben: Er verlangt den Fahrern einiges ab, es erwarten Sie allerdings auch einige der sch\u00f6nsten Landschaften S\u00fcdtirols und des Trentino.<\/p>\n<p>Los geht\u2019s vom Hotel Weingarten Richtung Bozen bis Sie auf der H\u00f6he des Einkaufszentrums \u201eMaxi Mode Center\u201c nach links auf die Mendelstra\u00dfe einbiegen. Diese einst f\u00fcr ihre Bergrennen ber\u00fchmte und heute noch bei Motorrad- und Radfahrern beliebte Stra\u00dfe bringt Sie Kehre um Kehre bis auf den Mendelpass, also bis in eine H\u00f6he von \u00fcber 1000 Metern. Hier ist die Luft im Sommer angenehm frisch, die Aussicht auf Latemar oder Lagorai geh\u00f6rt zu den beeindruckendsten Panoramen des Landes.<\/p>\n<p>Nun steht die erste Abfahrt des Tages auf dem Programm: \u00dcber den Nonsberg geht\u2019s durch W\u00e4lder und Weing\u00e4rten hinunter ins Trentino bis nach Cles. Von dort folgt man der Val di Sole (deutsch: Sulzberg) und der Passstra\u00dfe hinauf bis auf den Tonale.<\/p>\n<p>Vom Pass f\u00fchrt die Stra\u00dfe in die Lombardei, denn das n\u00e4chste Ziel ist Bormio, von wo aus man eine der spektakul\u00e4rsten Alpenstra\u00dfen unter die R\u00e4der nimmt: jene auf das Stilfser Joch, von dem aus man einen unschlagbaren Blick auf die Eisriesen des Ortlermassivs genie\u00dft. Hinunter geht\u2019s \u00fcber die historische Stilfser-Joch-Stra\u00dfe nach Trafoi, von dort nach Prad und talausw\u00e4rts auf die Vinschger Stra\u00dfe Richtung Meran.<\/p>\n<p>In der Kurstadt angekommen, nimmt man die Schnellstra\u00dfe MeBo Richtung Bozen, um \u00fcber die Ausfahrt Eppan und die \u00dcberetscher Stra\u00dfe wieder im Hotel Weingarten anzukommen \u2013 nach 300 phantastischen Kilometern.[\/vc_column_text][\/vc_column][vc_column column_padding=&#8220;no-extra-padding&#8220; column_padding_position=&#8220;all&#8220; background_color_opacity=&#8220;1&#8243; background_hover_color_opacity=&#8220;1&#8243; width=&#8220;1\/4&#8243; tablet_text_alignment=&#8220;default&#8220; phone_text_alignment=&#8220;default&#8220;][\/vc_column][\/vc_row][vc_row type=&#8220;full_width_content&#8220; full_screen_row_position=&#8220;middle&#8220; scene_position=&#8220;center&#8220; text_color=&#8220;dark&#8220; text_align=&#8220;left&#8220; overlay_strength=&#8220;0.3&#8243;][vc_column column_padding=&#8220;no-extra-padding&#8220; column_padding_position=&#8220;all&#8220; background_color_opacity=&#8220;1&#8243; background_hover_color_opacity=&#8220;1&#8243; width=&#8220;1\/1&#8243; tablet_text_alignment=&#8220;default&#8220; phone_text_alignment=&#8220;default&#8220;][vc_raw_html]JTNDaWZyYW1lJTIwc3JjJTNEJTIyaHR0cHMlM0ElMkYlMkZ3d3cuZ29vZ2xlLmNvbSUyRm1hcHMlMkZlbWJlZCUzRnBiJTNEJTIxMW01MCUyMTFtMTIlMjExbTMlMjExZDM1MTg5NS4zNzM3Nzc0MDA5JTIxMmQxMC40MzM0MzI2OTk2ODA2MDElMjEzZDQ2LjQ0NTA3ODY5OTAyNTYxJTIxMm0zJTIxMWYwJTIxMmYwJTIxM2YwJTIxM20yJTIxMWkxMDI0JTIxMmk3NjglMjE0ZjEzLjElMjE0bTM1JTIxM2UwJTIxNG01JTIxMXMweDQ3ODI4NGJmNWE2NjkxNzUlMjUzQTB4NTVmMWEwOGYxNTQ5MTUzJTIxMnNIb3RlbCUyQldlaW5nYXJ0ZW4lMjUyQyUyQlBpYW5penphJTJCZGklMkJTb3R0byUyNTJDJTJCOSUyNTJDJTJCMzkwNTIlMkJDYWxkYXJvJTI1MkMlMkJCb2x6YW5vJTJCQlolMjUyQyUyQkl0YWxpYSUyMTNtMiUyMTFkNDYuNDI1MjE1MDk5OTk5OTk2JTIxMmQxMS4yNTI2OTEyJTIxNG01JTIxMXMweDQ3ODI4NTI2YzRlMDY2OGQlMjUzQTB4YjAyNWNlOTFmYTEyNzNiYSUyMTJzUGFzc28lMkJNZW5kb2xhJTI1MkMlMkJDYWxkYXJvJTJCc3VsbGElMkJTdHJhZGElMkJkZWwlMkJWaW5vJTI1MkMlMkJCWiUyMTNtMiUyMTFkNDYuNDE2MDA4OTk5OTk5OTk1JTIxMmQxMS4yMDgxNTklMjE0bTUlMjExczB4NDc4MjU0NzU0N2MxMTMxNyUyNTNBMHhlOGMxZTI3ZjQyMzE2N2VmJTIxMnNQYXNzbyUyQmRlbCUyQlRvbmFsZSUyNTJDJTJCUG9udGUlMkJkaSUyQmxlZ25vJTI1MkMlMkJCUyUyMTNtMiUyMTFkNDYuMjU2NDM4MSUyMTJkMTAuNTgwODIzNSUyMTRtMyUyMTNtMiUyMTFkNDYuNDc2MzcyMSUyMTJkMTAuMzY3MTUwMiUyMTRtNSUyMTFzMHg0NzgyZTc1ZjYyMDFjYTA5JTI1M0EweDc1MjU3ZDk0YmZiOTY5ZTUlMjEyc1NpbGFuZHJvJTJCQlolMjEzbTIlMjExZDQ2LjYyNzY3NzElMjEyZDEwLjc3MzY4ODglMjE0bTUlMjExczB4NDc4Mjg0YmY1YTY2OTE3NSUyNTNBMHg1NWYxYTA4ZjE1NDkxNTMlMjEyc0hvdGVsJTJCV2VpbmdhcnRlbiUyNTJDJTJCUGlhbml6emElMkJkaSUyQlNvdHRvJTI1MkMlMkI5JTI1MkMlMkIzOTA1MiUyQkNhbGRhcm8lMjUyQyUyQkJvbHphbm8lMkJCWiUyMTNtMiUyMTFkNDYuNDI1MjE1MDk5OTk5OTk2JTIxMmQxMS4yNTI2OTEyJTIxNWUwJTIxM20yJTIxMXNpdCUyMTJzaXQlMjE0djE0NTM4MDMzMDQ2MzElMjIlMjB3aWR0aCUzRCUyMjEwMCUyNSUyMiUyMGhlaWdodCUzRCUyMjYwMCUyMiUyMGZyYW1lYm9yZGVyJTNEJTIyMCUyMiUyMHN0eWxlJTNEJTIyYm9yZGVyJTNBMCUyMiUyMGFsbG93ZnVsbHNjcmVlbiUzRSUzQyUyRmlmcmFtZSUzRQ==[\/vc_raw_html][\/vc_column][\/vc_row][vc_row type=&#8220;full_width_content&#8220; full_screen_row_position=&#8220;middle&#8220; scene_position=&#8220;center&#8220; text_color=&#8220;light&#8220; text_align=&#8220;center&#8220; color_overlay=&#8220;#9c9a73&#8243; overlay_strength=&#8220;1&#8243;][vc_column column_padding=&#8220;no-extra-padding&#8220; column_padding_position=&#8220;all&#8220; background_color_opacity=&#8220;1&#8243; background_hover_color_opacity=&#8220;1&#8243; width=&#8220;1\/1&#8243; tablet_text_alignment=&#8220;default&#8220; phone_text_alignment=&#8220;default&#8220;][vc_column_text css=&#8220;.vc_custom_1459852386836{border-top-width: 1px !important;padding-top: 10% !important;}&#8220;]\n<h2>Lieben Sie kurvige Passstra\u00dfen?<\/h2>\n[\/vc_column_text][vc_column_text css=&#8220;.vc_custom_1470313180551{padding-top: 50px !important;padding-bottom: 10% !important;}&#8220;]<a class=\"nectar-button n-sc-button large see-through-2 has-icon\"  href=\"https:\/\/hotel-weingarten.it\/de\/kontakt\/\" data-color-override=\"false\" data-hover-color-override=\"false\" data-hover-text-color-override=\"#fff\"><span>Das Hotel Weingarten bietet daf\u00fcr die beste Ausgangslage.<\/span><i class=\"icon-button-arrow\"><\/i><\/a>[\/vc_column_text][\/vc_column][\/vc_row]\n","protected":false},"excerpt":{"rendered":"<p>[vc_row type=&#8220;in_container&#8220; full_screen_row_position=&#8220;middle&#8220; column_margin=&#8220;default&#8220; column_direction=&#8220;default&#8220; column_direction_tablet=&#8220;default&#8220; column_direction_phone=&#8220;default&#8220; scene_position=&#8220;center&#8220; text_color=&#8220;dark&#8220; text_align=&#8220;left&#8220; row_border_radius=&#8220;none&#8220; row_border_radius_applies=&#8220;bg&#8220; overflow=&#8220;visible&#8220; overlay_strength=&#8220;0.3&#8243; gradient_direction=&#8220;left_to_right&#8220; shape_divider_position=&#8220;bottom&#8220; bg_image_animation=&#8220;none&#8220;][vc_column column_padding=&#8220;no-extra-padding&#8220; column_padding_tablet=&#8220;inherit&#8220; column_padding_phone=&#8220;inherit&#8220; column_padding_position=&#8220;all&#8220; column_element_spacing=&#8220;default&#8220; background_color_opacity=&#8220;1&#8243; background_hover_color_opacity=&#8220;1&#8243; column_shadow=&#8220;none&#8220; column_border_radius=&#8220;none&#8220; column_link_target=&#8220;_self&#8220; column_position=&#8220;default&#8220; gradient_direction=&#8220;left_to_right&#8220; overlay_strength=&#8220;0.3&#8243;&#8230;<\/p>\n","protected":false},"author":6,"featured_media":0,"parent":7086,"menu_order":0,"comment_status":"closed","ping_status":"closed","template":"","meta":{"footnotes":""},"class_list":["post-7201","page","type-page","status-publish"],"yoast_head":"<!-- This site is optimized with the Yoast SEO plugin v27.4 - https:\/\/yoast.com\/product\/yoast-seo-wordpress\/ -->\n<title>P\u00e4sse-Rundtour im Westen: Mendel, Tonale und Stilfser Joch - Hotel Weingarten<\/title>\n<meta name=\"robots\" content=\"index, follow, max-snippet:-1, max-image-preview:large, max-video-preview:-1\" \/>\n<link rel=\"canonical\" href=\"https:\/\/hotel-weingarten.it\/de\/umgebung\/auto-und-motoradtouren\/paesse-rundtour-im-westen-mendel-tonale-und-stilfser-joch\/\" \/>\n<meta property=\"og:locale\" content=\"de_DE\" \/>\n<meta property=\"og:type\" content=\"article\" \/>\n<meta property=\"og:title\" content=\"P\u00e4sse-Rundtour im Westen: Mendel, Tonale und Stilfser Joch - Hotel Weingarten\" \/>\n<meta property=\"og:description\" content=\"[vc_row type=&#8220;in_container&#8220; full_screen_row_position=&#8220;middle&#8220; column_margin=&#8220;default&#8220; column_direction=&#8220;default&#8220; column_direction_tablet=&#8220;default&#8220; column_direction_phone=&#8220;default&#8220; scene_position=&#8220;center&#8220; text_color=&#8220;dark&#8220; text_align=&#8220;left&#8220; row_border_radius=&#8220;none&#8220; row_border_radius_applies=&#8220;bg&#8220; overflow=&#8220;visible&#8220; overlay_strength=&#8220;0.3&#8243; gradient_direction=&#8220;left_to_right&#8220; shape_divider_position=&#8220;bottom&#8220; bg_image_animation=&#8220;none&#8220;][vc_column column_padding=&#8220;no-extra-padding&#8220; column_padding_tablet=&#8220;inherit&#8220; column_padding_phone=&#8220;inherit&#8220; column_padding_position=&#8220;all&#8220; column_element_spacing=&#8220;default&#8220; background_color_opacity=&#8220;1&#8243; background_hover_color_opacity=&#8220;1&#8243; column_shadow=&#8220;none&#8220; column_border_radius=&#8220;none&#8220; column_link_target=&#8220;_self&#8220; column_position=&#8220;default&#8220; gradient_direction=&#8220;left_to_right&#8220; overlay_strength=&#8220;0.3&#8243;...\" \/>\n<meta property=\"og:url\" content=\"https:\/\/hotel-weingarten.it\/de\/umgebung\/auto-und-motoradtouren\/paesse-rundtour-im-westen-mendel-tonale-und-stilfser-joch\/\" \/>\n<meta property=\"og:site_name\" content=\"Hotel Weingarten\" \/>\n<meta property=\"article:publisher\" content=\"https:\/\/www.facebook.com\/Hotel.Weingarten\/\" \/>\n<meta property=\"article:modified_time\" content=\"2022-04-08T07:31:46+00:00\" \/>\n<meta name=\"twitter:card\" content=\"summary_large_image\" \/>\n<meta name=\"twitter:label1\" content=\"Gesch\u00e4tzte Lesezeit\" \/>\n\t<meta name=\"twitter:data1\" content=\"5\u00a0Minuten\" \/>\n<script type=\"application\/ld+json\" class=\"yoast-schema-graph\">{\"@context\":\"https:\\\/\\\/schema.org\",\"@graph\":[{\"@type\":\"WebPage\",\"@id\":\"https:\\\/\\\/hotel-weingarten.it\\\/de\\\/umgebung\\\/auto-und-motoradtouren\\\/paesse-rundtour-im-westen-mendel-tonale-und-stilfser-joch\\\/\",\"url\":\"https:\\\/\\\/hotel-weingarten.it\\\/de\\\/umgebung\\\/auto-und-motoradtouren\\\/paesse-rundtour-im-westen-mendel-tonale-und-stilfser-joch\\\/\",\"name\":\"P\u00e4sse-Rundtour im Westen: Mendel, Tonale und Stilfser Joch - Hotel Weingarten\",\"isPartOf\":{\"@id\":\"https:\\\/\\\/hotel-weingarten.it\\\/de\\\/#website\"},\"datePublished\":\"2016-04-05T10:34:22+00:00\",\"dateModified\":\"2022-04-08T07:31:46+00:00\",\"breadcrumb\":{\"@id\":\"https:\\\/\\\/hotel-weingarten.it\\\/de\\\/umgebung\\\/auto-und-motoradtouren\\\/paesse-rundtour-im-westen-mendel-tonale-und-stilfser-joch\\\/#breadcrumb\"},\"inLanguage\":\"de\",\"potentialAction\":[{\"@type\":\"ReadAction\",\"target\":[\"https:\\\/\\\/hotel-weingarten.it\\\/de\\\/umgebung\\\/auto-und-motoradtouren\\\/paesse-rundtour-im-westen-mendel-tonale-und-stilfser-joch\\\/\"]}]},{\"@type\":\"BreadcrumbList\",\"@id\":\"https:\\\/\\\/hotel-weingarten.it\\\/de\\\/umgebung\\\/auto-und-motoradtouren\\\/paesse-rundtour-im-westen-mendel-tonale-und-stilfser-joch\\\/#breadcrumb\",\"itemListElement\":[{\"@type\":\"ListItem\",\"position\":1,\"name\":\"Home\",\"item\":\"https:\\\/\\\/hotel-weingarten.it\\\/de\\\/\"},{\"@type\":\"ListItem\",\"position\":2,\"name\":\"Umgebung\",\"item\":\"https:\\\/\\\/hotel-weingarten.it\\\/de\\\/umgebung\\\/\"},{\"@type\":\"ListItem\",\"position\":3,\"name\":\"Auto- und Motorradtouren durch S\u00fcdtirol\",\"item\":\"https:\\\/\\\/hotel-weingarten.it\\\/de\\\/umgebung\\\/auto-und-motoradtouren\\\/\"},{\"@type\":\"ListItem\",\"position\":4,\"name\":\"P\u00e4sse-Rundtour im Westen: Mendel, Tonale und Stilfser Joch\"}]},{\"@type\":\"WebSite\",\"@id\":\"https:\\\/\\\/hotel-weingarten.it\\\/de\\\/#website\",\"url\":\"https:\\\/\\\/hotel-weingarten.it\\\/de\\\/\",\"name\":\"Hotel Weingarten\",\"description\":\"\",\"potentialAction\":[{\"@type\":\"SearchAction\",\"target\":{\"@type\":\"EntryPoint\",\"urlTemplate\":\"https:\\\/\\\/hotel-weingarten.it\\\/de\\\/?s={search_term_string}\"},\"query-input\":{\"@type\":\"PropertyValueSpecification\",\"valueRequired\":true,\"valueName\":\"search_term_string\"}}],\"inLanguage\":\"de\"}]}<\/script>\n<!-- \/ Yoast SEO plugin. -->","yoast_head_json":{"title":"P\u00e4sse-Rundtour im Westen: Mendel, Tonale und Stilfser Joch - Hotel Weingarten","robots":{"index":"index","follow":"follow","max-snippet":"max-snippet:-1","max-image-preview":"max-image-preview:large","max-video-preview":"max-video-preview:-1"},"canonical":"https:\/\/hotel-weingarten.it\/de\/umgebung\/auto-und-motoradtouren\/paesse-rundtour-im-westen-mendel-tonale-und-stilfser-joch\/","og_locale":"de_DE","og_type":"article","og_title":"P\u00e4sse-Rundtour im Westen: Mendel, Tonale und Stilfser Joch - Hotel Weingarten","og_description":"[vc_row type=&#8220;in_container&#8220; full_screen_row_position=&#8220;middle&#8220; column_margin=&#8220;default&#8220; column_direction=&#8220;default&#8220; column_direction_tablet=&#8220;default&#8220; column_direction_phone=&#8220;default&#8220; scene_position=&#8220;center&#8220; text_color=&#8220;dark&#8220; text_align=&#8220;left&#8220; row_border_radius=&#8220;none&#8220; row_border_radius_applies=&#8220;bg&#8220; overflow=&#8220;visible&#8220; overlay_strength=&#8220;0.3&#8243; gradient_direction=&#8220;left_to_right&#8220; shape_divider_position=&#8220;bottom&#8220; bg_image_animation=&#8220;none&#8220;][vc_column column_padding=&#8220;no-extra-padding&#8220; column_padding_tablet=&#8220;inherit&#8220; column_padding_phone=&#8220;inherit&#8220; column_padding_position=&#8220;all&#8220; column_element_spacing=&#8220;default&#8220; background_color_opacity=&#8220;1&#8243; background_hover_color_opacity=&#8220;1&#8243; column_shadow=&#8220;none&#8220; column_border_radius=&#8220;none&#8220; column_link_target=&#8220;_self&#8220; column_position=&#8220;default&#8220; gradient_direction=&#8220;left_to_right&#8220; overlay_strength=&#8220;0.3&#8243;...","og_url":"https:\/\/hotel-weingarten.it\/de\/umgebung\/auto-und-motoradtouren\/paesse-rundtour-im-westen-mendel-tonale-und-stilfser-joch\/","og_site_name":"Hotel Weingarten","article_publisher":"https:\/\/www.facebook.com\/Hotel.Weingarten\/","article_modified_time":"2022-04-08T07:31:46+00:00","twitter_card":"summary_large_image","twitter_misc":{"Gesch\u00e4tzte Lesezeit":"5\u00a0Minuten"},"schema":{"@context":"https:\/\/schema.org","@graph":[{"@type":"WebPage","@id":"https:\/\/hotel-weingarten.it\/de\/umgebung\/auto-und-motoradtouren\/paesse-rundtour-im-westen-mendel-tonale-und-stilfser-joch\/","url":"https:\/\/hotel-weingarten.it\/de\/umgebung\/auto-und-motoradtouren\/paesse-rundtour-im-westen-mendel-tonale-und-stilfser-joch\/","name":"P\u00e4sse-Rundtour im Westen: Mendel, Tonale und Stilfser Joch - Hotel Weingarten","isPartOf":{"@id":"https:\/\/hotel-weingarten.it\/de\/#website"},"datePublished":"2016-04-05T10:34:22+00:00","dateModified":"2022-04-08T07:31:46+00:00","breadcrumb":{"@id":"https:\/\/hotel-weingarten.it\/de\/umgebung\/auto-und-motoradtouren\/paesse-rundtour-im-westen-mendel-tonale-und-stilfser-joch\/#breadcrumb"},"inLanguage":"de","potentialAction":[{"@type":"ReadAction","target":["https:\/\/hotel-weingarten.it\/de\/umgebung\/auto-und-motoradtouren\/paesse-rundtour-im-westen-mendel-tonale-und-stilfser-joch\/"]}]},{"@type":"BreadcrumbList","@id":"https:\/\/hotel-weingarten.it\/de\/umgebung\/auto-und-motoradtouren\/paesse-rundtour-im-westen-mendel-tonale-und-stilfser-joch\/#breadcrumb","itemListElement":[{"@type":"ListItem","position":1,"name":"Home","item":"https:\/\/hotel-weingarten.it\/de\/"},{"@type":"ListItem","position":2,"name":"Umgebung","item":"https:\/\/hotel-weingarten.it\/de\/umgebung\/"},{"@type":"ListItem","position":3,"name":"Auto- und Motorradtouren durch S\u00fcdtirol","item":"https:\/\/hotel-weingarten.it\/de\/umgebung\/auto-und-motoradtouren\/"},{"@type":"ListItem","position":4,"name":"P\u00e4sse-Rundtour im Westen: Mendel, Tonale und Stilfser Joch"}]},{"@type":"WebSite","@id":"https:\/\/hotel-weingarten.it\/de\/#website","url":"https:\/\/hotel-weingarten.it\/de\/","name":"Hotel Weingarten","description":"","potentialAction":[{"@type":"SearchAction","target":{"@type":"EntryPoint","urlTemplate":"https:\/\/hotel-weingarten.it\/de\/?s={search_term_string}"},"query-input":{"@type":"PropertyValueSpecification","valueRequired":true,"valueName":"search_term_string"}}],"inLanguage":"de"}]}},"_links":{"self":[{"href":"https:\/\/hotel-weingarten.it\/de\/wp-json\/wp\/v2\/pages\/7201","targetHints":{"allow":["GET"]}}],"collection":[{"href":"https:\/\/hotel-weingarten.it\/de\/wp-json\/wp\/v2\/pages"}],"about":[{"href":"https:\/\/hotel-weingarten.it\/de\/wp-json\/wp\/v2\/types\/page"}],"author":[{"embeddable":true,"href":"https:\/\/hotel-weingarten.it\/de\/wp-json\/wp\/v2\/users\/6"}],"replies":[{"embeddable":true,"href":"https:\/\/hotel-weingarten.it\/de\/wp-json\/wp\/v2\/comments?post=7201"}],"version-history":[{"count":0,"href":"https:\/\/hotel-weingarten.it\/de\/wp-json\/wp\/v2\/pages\/7201\/revisions"}],"up":[{"embeddable":true,"href":"https:\/\/hotel-weingarten.it\/de\/wp-json\/wp\/v2\/pages\/7086"}],"wp:attachment":[{"href":"https:\/\/hotel-weingarten.it\/de\/wp-json\/wp\/v2\/media?parent=7201"}],"curies":[{"name":"wp","href":"https:\/\/api.w.org\/{rel}","templated":true}]}}