{"id":7212,"date":"2016-04-05T15:07:31","date_gmt":"2016-04-05T15:07:31","guid":{"rendered":"https:\/\/www.hotel-weingarten.it\/de\/?page_id=7212"},"modified":"2022-04-07T16:30:39","modified_gmt":"2022-04-07T16:30:39","slug":"trient","status":"publish","type":"page","link":"https:\/\/hotel-weingarten.it\/de\/umgebung\/trient\/","title":{"rendered":"Trient"},"content":{"rendered":"[vc_row type=&#8220;in_container&#8220; full_screen_row_position=&#8220;middle&#8220; column_margin=&#8220;default&#8220; column_direction=&#8220;default&#8220; column_direction_tablet=&#8220;default&#8220; column_direction_phone=&#8220;default&#8220; scene_position=&#8220;center&#8220; text_color=&#8220;dark&#8220; text_align=&#8220;left&#8220; row_border_radius=&#8220;none&#8220; row_border_radius_applies=&#8220;bg&#8220; overflow=&#8220;visible&#8220; overlay_strength=&#8220;0.3&#8243; gradient_direction=&#8220;left_to_right&#8220; shape_divider_position=&#8220;bottom&#8220; bg_image_animation=&#8220;none&#8220;][vc_column column_padding=&#8220;no-extra-padding&#8220; column_padding_tablet=&#8220;inherit&#8220; column_padding_phone=&#8220;inherit&#8220; column_padding_position=&#8220;all&#8220; column_element_spacing=&#8220;default&#8220; background_color_opacity=&#8220;1&#8243; background_hover_color_opacity=&#8220;1&#8243; column_shadow=&#8220;none&#8220; column_border_radius=&#8220;none&#8220; column_link_target=&#8220;_self&#8220; column_position=&#8220;default&#8220; gradient_direction=&#8220;left_to_right&#8220; overlay_strength=&#8220;0.3&#8243; width=&#8220;1\/1&#8243; tablet_width_inherit=&#8220;default&#8220; tablet_text_alignment=&#8220;default&#8220; phone_text_alignment=&#8220;default&#8220; animation_type=&#8220;default&#8220; bg_image_animation=&#8220;none&#8220; border_type=&#8220;simple&#8220; column_border_width=&#8220;none&#8220; column_border_style=&#8220;solid&#8220;][page_submenu alignment=&#8220;center&#8220; sticky=&#8220;true&#8220; bg_color=&#8220;#303644&#8243; link_color=&#8220;#ffffff&#8220;][page_link link_url=&#8220;https:\/\/hotel-weingarten.it\/de\/umgebung\/merano-non-solo-terme-e-fiori-stupendi\/&#8220; title=&#8220;Meran&#8220; tab_id=&#8220;1649347978564-8&#8243; id=&#8220;1649347978564-0&#8243;] [\/page_link][page_link title=&#8220;Bozen&#8220; tab_id=&#8220;1649347978589-5&#8243; link_url=&#8220;https:\/\/hotel-weingarten.it\/de\/umgebung\/bozen-geschichte-kultur-shoppen\/&#8220; id=&#8220;1649347978588-2&#8243;][\/page_link][page_link title=&#8220;Trient&#8220; tab_id=&#8220;1649347978604-8&#8243; link_url=&#8220;https:\/\/hotel-weingarten.it\/de\/umgebung\/trient\/&#8220; id=&#8220;1649347978604-10&#8243;][\/page_link][page_link title=&#8220;Therme Meran&#8220; tab_id=&#8220;1649347978619-2&#8243; link_url=&#8220;https:\/\/hotel-weingarten.it\/de\/umgebung\/die-meraner-therme\/&#8220; id=&#8220;1649347978619-7&#8243;][\/page_link][page_link title=&#8220;Trauttmansdorff&#8220; tab_id=&#8220;1649347978629-3&#8243; link_url=&#8220;https:\/\/hotel-weingarten.it\/de\/umgebung\/giardini-castel-trauttmansdorff\/&#8220; id=&#8220;1649347978628-0&#8243;][\/page_link][page_link link_url=&#8220;https:\/\/hotel-weingarten.it\/de\/umgebung\/sellaronda\/&#8220; title=&#8220;Sellaronda&#8220; tab_id=&#8220;1649347978638-6&#8243; id=&#8220;1649347978637-10&#8243;] [\/page_link][page_link title=&#8220;Weinstra\u00dfe&#8220; tab_id=&#8220;1649347978655-10&#8243; link_url=&#8220;https:\/\/hotel-weingarten.it\/de\/umgebung\/strada-vino-caldaro\/&#8220; id=&#8220;1649347978654-5&#8243;][\/page_link][page_link title=&#8220;Auto Moto Tour&#8220; tab_id=&#8220;1649347978669-0&#8243; link_url=&#8220;https:\/\/hotel-weingarten.it\/de\/umgebung\/auto-moto-tour\/&#8220; id=&#8220;1649347978668-3&#8243;][\/page_link][\/page_submenu][\/vc_column][\/vc_row][vc_row type=&#8220;in_container&#8220; scene_position=&#8220;center&#8220; text_color=&#8220;dark&#8220; text_align=&#8220;left&#8220; top_padding=&#8220;100&#8243; bottom_padding=&#8220;100&#8243; overlay_strength=&#8220;0.3&#8243;][vc_column column_padding=&#8220;no-extra-padding&#8220; column_padding_position=&#8220;all&#8220; background_color_opacity=&#8220;1&#8243; background_hover_color_opacity=&#8220;1&#8243; width=&#8220;1\/4&#8243;][\/vc_column][vc_column column_padding=&#8220;no-extra-padding&#8220; column_padding_position=&#8220;all&#8220; background_color_opacity=&#8220;1&#8243; background_hover_color_opacity=&#8220;1&#8243; top_margin=&#8220;200px&#8220; bottom_margin=&#8220;200px&#8220; width=&#8220;1\/2&#8243;][split_line_heading]\n<h1 class=\"western\">Trient: Ein Ausflug in Geschichte und Kultur<\/h1>\n[\/split_line_heading][vc_column_text]\n<p class=\"western\">Trient ist zwar die Hauptstadt von S\u00fcdtirols Nachbarprovinz, trotzdem erreicht man sie vom Hotel Weingarten aus aber problemlos und in k\u00fcrzester Zeit. Daher ist ein Abstecher in die Konzil-Stadt durchaus eine \u00dcberlegung wert, auch weil sie einen einzigartigen Mix von Kultur und Geschichte bietet.<\/p>\n<p class=\"western\">Gelegen ist Trient an der Etsch, im Osten wird die Stadt von den H\u00fcgeln umschlossen, durch die man in die Valsugana gelangt, im Westen liegt ein mit einer Seilbahn erschlossenes Hochplateau.<\/p>\n<p class=\"western\"><strong>Die Stadtmitte und das Castello del Buonconsiglio<\/strong><\/p>\n<p class=\"western\">Dass Trient eine lange Geschichte hat und \u00fcber lange Zeit eine wichtige Stellung innehatte, zeigt sich am Stadtzentrum, in dem sich viele mittelalterliche Bauten erhalten haben.\u00a0\u00dcber lange Jahre Sitz des F\u00fcrstbischofs, hat es die Stadt vor allem wegen des nach ihr benannten Konzils in die Geschichtsb\u00fccher geschafft. Alles, was damals in der katholischen Kirche Rang und Namen hatte, war in Trient zusammengekommen, um eine einheitliche und schlagkr\u00e4ftige Antwort auf die Reformation zu finden.<\/p>\n<p class=\"western\">Kein Wunder also, dass sakrale Bauten das Stadtbild dominieren: Kirchen, Glockent\u00fcrme, vor allem aber der Dom, der ein absolutes Must bei einem Stadtrundgang darstellt.<\/p>\n<p class=\"western\">Weltlichen Ursprungs ist dagegen das eindrucksvolle Castello del Buonconsiglio, der wohl besterhaltene mittelalterliche Bau in Trient. Unweit der Stadtmauern erbaut, beherrscht es Stadt und Stadtbild, wunderbare Fresken haben sich in seinem Inneren erhalten.<\/p>\n<p class=\"western\"><strong>Le Albere und das MUSE<\/strong><\/p>\n<p class=\"western\">Das Kontrastprogramm zu so viel Geschichte bietet das moderne Viertel Le Albere mit seinen avantgardistischen Bauten, die zeigen, dass Trient nicht in der Vergangenheit verharrt, sondern seinen Blick auch nach vorne wirft.<\/p>\n<p class=\"western\">\u00c4hnliches gilt f\u00fcr das naturwissenschaftliche Museum MUSE, das im Viertel Le Albere entstanden ist. Schon f\u00fcr sich genommen ein architektonisches Juwel, wei\u00df das MUSE auch durch seine Ausstellungen zu \u00fcberzeugen, in denen die Entwicklung der Trentiner Landschaft nachgezeichnet werden.<\/p>\n<p class=\"western\"><strong>Wie kommt man nach Trient?<\/strong><\/p>\n<p class=\"western\">Vom Hotel Weingarten nach Trient zu kommen, ist kinderleicht. Vom Hotel aus geht&#8217;s zuerst hinab ins Tal nach Auer, wo man auf die Brennerautobahn auffahren kann. Auf dieser wendet man sich nach S\u00fcden und gelangt so ohne Probleme nach Trient. Wer dagegen einen entspanntere Anreise w\u00e4hlen will, nimmt die S\u00fcdtiroler Weinstra\u00dfe und dann die\u00a0Landstra\u00dfe der Etsch entlang.<\/p>\n[\/vc_column_text][\/vc_column][vc_column column_padding=&#8220;no-extra-padding&#8220; column_padding_position=&#8220;all&#8220; background_color_opacity=&#8220;1&#8243; background_hover_color_opacity=&#8220;1&#8243; width=&#8220;1\/4&#8243;][\/vc_column][\/vc_row][vc_row type=&#8220;full_width_content&#8220; scene_position=&#8220;center&#8220; text_color=&#8220;dark&#8220; text_align=&#8220;left&#8220; overlay_strength=&#8220;0.3&#8243;][vc_column column_padding=&#8220;no-extra-padding&#8220; column_padding_position=&#8220;all&#8220; background_color_opacity=&#8220;1&#8243; background_hover_color_opacity=&#8220;1&#8243; width=&#8220;1\/1&#8243;][vc_raw_html]JTNDaWZyYW1lJTIwc3JjJTNEJTIyaHR0cHMlM0ElMkYlMkZ3d3cuZ29vZ2xlLmNvbSUyRm1hcHMlMkZlbWJlZCUzRnBiJTNEJTIxMW0yOCUyMTFtMTIlMjExbTMlMjExZDM1MzE0Ny42Mzk5MDE5NDc1JTIxMmQxMC45MDA0MTk1NDQ5MDM0MDQlMjEzZDQ2LjI1MDkwNDk2NDA0ODA3JTIxMm0zJTIxMWYwJTIxMmYwJTIxM2YwJTIxM20yJTIxMWkxMDI0JTIxMmk3NjglMjE0ZjEzLjElMjE0bTEzJTIxM2U2JTIxNG01JTIxMXMweDQ3ODI4NGJmNWE2NjkxNzUlMjUzQTB4NTVmMWEwOGYxNTQ5MTUzJTIxMnNIb3RlbCUyQldlaW5nYXJ0ZW4lMjUyQyUyQlpvbmElMkJJbmR1c3RyaWFsZSUyQkFydGlnaWFuYWxlJTJCQlolMjEzbTIlMjExZDQ2LjQyNTIxNTA5OTk5OTk5NiUyMTJkMTEuMjUyNjkxMiUyMTRtNSUyMTFzMHg0NzgyNzZjYWM5Y2U5ZGRiJTI1M0EweDI3YzZhMjk5MTM5ZmY1NDclMjEyc1RyZW50byUyMTNtMiUyMTFkNDYuMDc0Nzc5Mjk5OTk5OTk2JTIxMmQxMS4xMjE3NDg2JTIxNWUwJTIxM20yJTIxMXNpdCUyMTJzaXQlMjE0djE0NTg4MTEwMzg0MTYlMjIlMjB3aWR0aCUzRCUyMjEwMCUyNSUyMiUyMGhlaWdodCUzRCUyMjYwMCUyMiUyMGZyYW1lYm9yZGVyJTNEJTIyMCUyMiUyMHN0eWxlJTNEJTIyYm9yZGVyJTNBMCUyMiUyMGFsbG93ZnVsbHNjcmVlbiUzRSUzQyUyRmlmcmFtZSUzRQ==[\/vc_raw_html][\/vc_column][\/vc_row][vc_row type=&#8220;full_width_content&#8220; scene_position=&#8220;center&#8220; text_color=&#8220;light&#8220; text_align=&#8220;center&#8220; color_overlay=&#8220;#9c9a73&#8243; overlay_strength=&#8220;1&#8243;][vc_column column_padding=&#8220;no-extra-padding&#8220; column_padding_position=&#8220;all&#8220; background_color_opacity=&#8220;1&#8243; background_hover_color_opacity=&#8220;1&#8243; width=&#8220;1\/1&#8243;][vc_column_text css=&#8220;.vc_custom_1459868793208{border-top-width: 1px !important;padding-top: 10% !important;}&#8220;]\n<h2>Waren Sie schon einmal in Trient?<\/h2>\n[\/vc_column_text][vc_column_text css=&#8220;.vc_custom_1464625245938{padding-top: 50px !important;padding-bottom: 10% !important;}&#8220;]<a class=\"nectar-button n-sc-button large see-through-2 has-icon\"  href=\"\/?page_id=6862\" data-color-override=\"false\" data-hover-color-override=\"false\" data-hover-text-color-override=\"#fff\"><span>Wenn nicht, dann bietet das Hotel Weingarten idealen Ausgangspunkt.<\/span><i class=\"icon-button-arrow\"><\/i><\/a>[\/vc_column_text][\/vc_column][\/vc_row]\n","protected":false},"excerpt":{"rendered":"<p>[vc_row type=&#8220;in_container&#8220; full_screen_row_position=&#8220;middle&#8220; column_margin=&#8220;default&#8220; column_direction=&#8220;default&#8220; column_direction_tablet=&#8220;default&#8220; column_direction_phone=&#8220;default&#8220; scene_position=&#8220;center&#8220; text_color=&#8220;dark&#8220; text_align=&#8220;left&#8220; row_border_radius=&#8220;none&#8220; row_border_radius_applies=&#8220;bg&#8220; overflow=&#8220;visible&#8220; overlay_strength=&#8220;0.3&#8243; gradient_direction=&#8220;left_to_right&#8220; shape_divider_position=&#8220;bottom&#8220; bg_image_animation=&#8220;none&#8220;][vc_column column_padding=&#8220;no-extra-padding&#8220; column_padding_tablet=&#8220;inherit&#8220; column_padding_phone=&#8220;inherit&#8220; column_padding_position=&#8220;all&#8220; column_element_spacing=&#8220;default&#8220; background_color_opacity=&#8220;1&#8243; background_hover_color_opacity=&#8220;1&#8243; column_shadow=&#8220;none&#8220; column_border_radius=&#8220;none&#8220; column_link_target=&#8220;_self&#8220; column_position=&#8220;default&#8220; gradient_direction=&#8220;left_to_right&#8220; overlay_strength=&#8220;0.3&#8243;&#8230;<\/p>\n","protected":false},"author":6,"featured_media":0,"parent":7100,"menu_order":0,"comment_status":"closed","ping_status":"closed","template":"","meta":{"footnotes":""},"class_list":["post-7212","page","type-page","status-publish"],"yoast_head":"<!-- This site is optimized with the Yoast SEO plugin v27.5 - https:\/\/yoast.com\/product\/yoast-seo-wordpress\/ -->\n<title>Trient - Hotel Weingarten<\/title>\n<meta name=\"robots\" content=\"index, follow, max-snippet:-1, max-image-preview:large, max-video-preview:-1\" \/>\n<link rel=\"canonical\" href=\"https:\/\/hotel-weingarten.it\/de\/umgebung\/trient\/\" \/>\n<meta property=\"og:locale\" content=\"de_DE\" \/>\n<meta property=\"og:type\" content=\"article\" \/>\n<meta property=\"og:title\" content=\"Trient - Hotel Weingarten\" \/>\n<meta property=\"og:description\" content=\"[vc_row type=&#8220;in_container&#8220; full_screen_row_position=&#8220;middle&#8220; column_margin=&#8220;default&#8220; column_direction=&#8220;default&#8220; column_direction_tablet=&#8220;default&#8220; column_direction_phone=&#8220;default&#8220; scene_position=&#8220;center&#8220; text_color=&#8220;dark&#8220; text_align=&#8220;left&#8220; row_border_radius=&#8220;none&#8220; row_border_radius_applies=&#8220;bg&#8220; overflow=&#8220;visible&#8220; overlay_strength=&#8220;0.3&#8243; gradient_direction=&#8220;left_to_right&#8220; shape_divider_position=&#8220;bottom&#8220; bg_image_animation=&#8220;none&#8220;][vc_column column_padding=&#8220;no-extra-padding&#8220; column_padding_tablet=&#8220;inherit&#8220; column_padding_phone=&#8220;inherit&#8220; column_padding_position=&#8220;all&#8220; column_element_spacing=&#8220;default&#8220; background_color_opacity=&#8220;1&#8243; background_hover_color_opacity=&#8220;1&#8243; column_shadow=&#8220;none&#8220; column_border_radius=&#8220;none&#8220; column_link_target=&#8220;_self&#8220; column_position=&#8220;default&#8220; gradient_direction=&#8220;left_to_right&#8220; overlay_strength=&#8220;0.3&#8243;...\" \/>\n<meta property=\"og:url\" content=\"https:\/\/hotel-weingarten.it\/de\/umgebung\/trient\/\" \/>\n<meta property=\"og:site_name\" content=\"Hotel Weingarten\" \/>\n<meta property=\"article:publisher\" content=\"https:\/\/www.facebook.com\/Hotel.Weingarten\/\" \/>\n<meta property=\"article:modified_time\" content=\"2022-04-07T16:30:39+00:00\" \/>\n<meta name=\"twitter:card\" content=\"summary_large_image\" \/>\n<meta name=\"twitter:label1\" content=\"Gesch\u00e4tzte Lesezeit\" \/>\n\t<meta name=\"twitter:data1\" content=\"5\u00a0Minuten\" \/>\n<script type=\"application\/ld+json\" class=\"yoast-schema-graph\">{\"@context\":\"https:\\\/\\\/schema.org\",\"@graph\":[{\"@type\":\"WebPage\",\"@id\":\"https:\\\/\\\/hotel-weingarten.it\\\/de\\\/umgebung\\\/trient\\\/\",\"url\":\"https:\\\/\\\/hotel-weingarten.it\\\/de\\\/umgebung\\\/trient\\\/\",\"name\":\"Trient - Hotel Weingarten\",\"isPartOf\":{\"@id\":\"https:\\\/\\\/hotel-weingarten.it\\\/de\\\/#website\"},\"datePublished\":\"2016-04-05T15:07:31+00:00\",\"dateModified\":\"2022-04-07T16:30:39+00:00\",\"breadcrumb\":{\"@id\":\"https:\\\/\\\/hotel-weingarten.it\\\/de\\\/umgebung\\\/trient\\\/#breadcrumb\"},\"inLanguage\":\"de\",\"potentialAction\":[{\"@type\":\"ReadAction\",\"target\":[\"https:\\\/\\\/hotel-weingarten.it\\\/de\\\/umgebung\\\/trient\\\/\"]}]},{\"@type\":\"BreadcrumbList\",\"@id\":\"https:\\\/\\\/hotel-weingarten.it\\\/de\\\/umgebung\\\/trient\\\/#breadcrumb\",\"itemListElement\":[{\"@type\":\"ListItem\",\"position\":1,\"name\":\"Home\",\"item\":\"https:\\\/\\\/hotel-weingarten.it\\\/de\\\/\"},{\"@type\":\"ListItem\",\"position\":2,\"name\":\"Umgebung\",\"item\":\"https:\\\/\\\/hotel-weingarten.it\\\/de\\\/umgebung\\\/\"},{\"@type\":\"ListItem\",\"position\":3,\"name\":\"Trient\"}]},{\"@type\":\"WebSite\",\"@id\":\"https:\\\/\\\/hotel-weingarten.it\\\/de\\\/#website\",\"url\":\"https:\\\/\\\/hotel-weingarten.it\\\/de\\\/\",\"name\":\"Hotel Weingarten\",\"description\":\"\",\"potentialAction\":[{\"@type\":\"SearchAction\",\"target\":{\"@type\":\"EntryPoint\",\"urlTemplate\":\"https:\\\/\\\/hotel-weingarten.it\\\/de\\\/?s={search_term_string}\"},\"query-input\":{\"@type\":\"PropertyValueSpecification\",\"valueRequired\":true,\"valueName\":\"search_term_string\"}}],\"inLanguage\":\"de\"}]}<\/script>\n<!-- \/ Yoast SEO plugin. -->","yoast_head_json":{"title":"Trient - Hotel Weingarten","robots":{"index":"index","follow":"follow","max-snippet":"max-snippet:-1","max-image-preview":"max-image-preview:large","max-video-preview":"max-video-preview:-1"},"canonical":"https:\/\/hotel-weingarten.it\/de\/umgebung\/trient\/","og_locale":"de_DE","og_type":"article","og_title":"Trient - Hotel Weingarten","og_description":"[vc_row type=&#8220;in_container&#8220; full_screen_row_position=&#8220;middle&#8220; column_margin=&#8220;default&#8220; column_direction=&#8220;default&#8220; column_direction_tablet=&#8220;default&#8220; column_direction_phone=&#8220;default&#8220; scene_position=&#8220;center&#8220; text_color=&#8220;dark&#8220; text_align=&#8220;left&#8220; row_border_radius=&#8220;none&#8220; row_border_radius_applies=&#8220;bg&#8220; overflow=&#8220;visible&#8220; overlay_strength=&#8220;0.3&#8243; gradient_direction=&#8220;left_to_right&#8220; shape_divider_position=&#8220;bottom&#8220; bg_image_animation=&#8220;none&#8220;][vc_column column_padding=&#8220;no-extra-padding&#8220; column_padding_tablet=&#8220;inherit&#8220; column_padding_phone=&#8220;inherit&#8220; column_padding_position=&#8220;all&#8220; column_element_spacing=&#8220;default&#8220; background_color_opacity=&#8220;1&#8243; background_hover_color_opacity=&#8220;1&#8243; column_shadow=&#8220;none&#8220; column_border_radius=&#8220;none&#8220; column_link_target=&#8220;_self&#8220; column_position=&#8220;default&#8220; gradient_direction=&#8220;left_to_right&#8220; overlay_strength=&#8220;0.3&#8243;...","og_url":"https:\/\/hotel-weingarten.it\/de\/umgebung\/trient\/","og_site_name":"Hotel Weingarten","article_publisher":"https:\/\/www.facebook.com\/Hotel.Weingarten\/","article_modified_time":"2022-04-07T16:30:39+00:00","twitter_card":"summary_large_image","twitter_misc":{"Gesch\u00e4tzte Lesezeit":"5\u00a0Minuten"},"schema":{"@context":"https:\/\/schema.org","@graph":[{"@type":"WebPage","@id":"https:\/\/hotel-weingarten.it\/de\/umgebung\/trient\/","url":"https:\/\/hotel-weingarten.it\/de\/umgebung\/trient\/","name":"Trient - Hotel Weingarten","isPartOf":{"@id":"https:\/\/hotel-weingarten.it\/de\/#website"},"datePublished":"2016-04-05T15:07:31+00:00","dateModified":"2022-04-07T16:30:39+00:00","breadcrumb":{"@id":"https:\/\/hotel-weingarten.it\/de\/umgebung\/trient\/#breadcrumb"},"inLanguage":"de","potentialAction":[{"@type":"ReadAction","target":["https:\/\/hotel-weingarten.it\/de\/umgebung\/trient\/"]}]},{"@type":"BreadcrumbList","@id":"https:\/\/hotel-weingarten.it\/de\/umgebung\/trient\/#breadcrumb","itemListElement":[{"@type":"ListItem","position":1,"name":"Home","item":"https:\/\/hotel-weingarten.it\/de\/"},{"@type":"ListItem","position":2,"name":"Umgebung","item":"https:\/\/hotel-weingarten.it\/de\/umgebung\/"},{"@type":"ListItem","position":3,"name":"Trient"}]},{"@type":"WebSite","@id":"https:\/\/hotel-weingarten.it\/de\/#website","url":"https:\/\/hotel-weingarten.it\/de\/","name":"Hotel Weingarten","description":"","potentialAction":[{"@type":"SearchAction","target":{"@type":"EntryPoint","urlTemplate":"https:\/\/hotel-weingarten.it\/de\/?s={search_term_string}"},"query-input":{"@type":"PropertyValueSpecification","valueRequired":true,"valueName":"search_term_string"}}],"inLanguage":"de"}]}},"_links":{"self":[{"href":"https:\/\/hotel-weingarten.it\/de\/wp-json\/wp\/v2\/pages\/7212","targetHints":{"allow":["GET"]}}],"collection":[{"href":"https:\/\/hotel-weingarten.it\/de\/wp-json\/wp\/v2\/pages"}],"about":[{"href":"https:\/\/hotel-weingarten.it\/de\/wp-json\/wp\/v2\/types\/page"}],"author":[{"embeddable":true,"href":"https:\/\/hotel-weingarten.it\/de\/wp-json\/wp\/v2\/users\/6"}],"replies":[{"embeddable":true,"href":"https:\/\/hotel-weingarten.it\/de\/wp-json\/wp\/v2\/comments?post=7212"}],"version-history":[{"count":0,"href":"https:\/\/hotel-weingarten.it\/de\/wp-json\/wp\/v2\/pages\/7212\/revisions"}],"up":[{"embeddable":true,"href":"https:\/\/hotel-weingarten.it\/de\/wp-json\/wp\/v2\/pages\/7100"}],"wp:attachment":[{"href":"https:\/\/hotel-weingarten.it\/de\/wp-json\/wp\/v2\/media?parent=7212"}],"curies":[{"name":"wp","href":"https:\/\/api.w.org\/{rel}","templated":true}]}}