{"id":8804,"date":"2016-05-31T16:23:17","date_gmt":"2016-05-31T16:23:17","guid":{"rendered":"https:\/\/www.hotel-weingarten.it\/privacy\/"},"modified":"2018-05-31T10:11:29","modified_gmt":"2018-05-31T10:11:29","slug":"privacy","status":"publish","type":"page","link":"https:\/\/hotel-weingarten.it\/en\/privacy\/","title":{"rendered":"Privacy"},"content":{"rendered":"<p lang=\"it-IT\"><strong>PRIVACY POLICY DEL SITO WWW.HOTEL-WEINGARTEN.IT<\/strong><\/p>\n<p lang=\"it-IT\">Salus Sas di Giuliani F. &amp; C. illustra, nella presente pagina, come tratta i dati degli utenti che visitano il suo sito e come agiscono i cookie che vengono installati dal sito stesso.<\/p>\n<p lang=\"it-IT\">La presente Privacy Policy \u00e8 resa nel rispetto dell\u2019articolo 13 del GDPR 2016\/679 (General Data Protection Regulation, Regolamento europeo in materia di protezione dei dati personali), della Raccomandazione n. 2\/2001 del Gruppo di lavoro ex art. 29 e del Provvedimento generale del Garante Privacy in materia di cookie dell\u20198 maggio 2014, n. 229.<\/p>\n<p lang=\"it-IT\">Quanto segue si applica unicamente al sito www.hotel-weingarten.it; il Titolare del trattamento non \u00e8 responsabile dei dati inseriti e dei cookie installati da parte di altri siti eventualmente consultati tramite link.<\/p>\n<p lang=\"it-IT\"><strong>Finalit\u00e0 del trattamento e obbligatoriet\u00e0 del conferimento<\/strong><\/p>\n<p lang=\"it-IT\">Salus Sas di Giuliani F. &amp; C. tratta i dati che l\u2019utente inserisce spontaneamente attraverso i form presenti nel sito (Contatti, iscrizione alla newsletter etc.) unicamente per rispondere alla Sua richiesta. Eventuali ulteriori finalit\u00e0 (a titolo esemplificativo e non esaustivo finalit\u00e0 di marketing o comunicazione dei Suoi dati a societ\u00e0 con cui abbiamo una partnership per finalit\u00e0 di marketing loro proprie) saranno oggetto di esplicita e motivata richiesta e di un Suo consenso specifico, facoltativo e separato rispetto a quello richiesto per rispondere alle Sue domande.<\/p>\n<p lang=\"it-IT\">Il conferimento dei dati e il consenso al trattamento sono necessari per dare seguito alle Sue richieste; il consenso al trattamento per le ulteriori finalit\u00e0 \u00e8 facoltativo.<\/p>\n<p lang=\"it-IT\">Per i dati acquisiti dal nostro sito mediante l\u2019installazione dei cookie si rimanda invece alla specifica sezione (\u201cI cookie del nostro sito\u201d).<\/p>\n<p lang=\"it-IT\"><strong>Modalit\u00e0 di trattamento, processi decisionali automatizzati e tempi di conservazione dei dati.<\/strong><\/p>\n<p lang=\"it-IT\">Il trattamento dei Suoi dati si svolge in modalit\u00e0 informatiche, seppur non si escludono potenziali trattamenti in modalit\u00e0 cartacea. Non vengono utilizzati processi decisionali automatizzati per trattare i Suoi dati personali.<\/p>\n<p lang=\"it-IT\">I dati personali che La riguardano, raccolti attraverso i form del nostro sito, verranno conservati per il tempo necessario a dare riscontro alle Sue richieste. Laddove sussistesse una normativa ulteriore ad imporre un tempo di conservazione pi\u00f9 lungo, tale normativa verr\u00e0 da noi rispettata. I dati raccolti attraverso i cookie verranno conservati per il periodo di tempo stabilito dal singolo cookie.<\/p>\n<p lang=\"it-IT\"><strong>Comunicazione, diffusione e trasferimento dei dati a Paesi terzi od organizzazioni internazionali<\/strong><\/p>\n<p lang=\"it-IT\">I suoi dati non saranno comunicati n\u00e9 diffusi, senza il suo Specifico e facoltativo consenso, a soggetti terzi rispetto a Salus Sas di Giuliani F. &amp; C. . I dati da Lei comunicati non saranno da noi trasferiti verso Paesi terzi o organizzazioni internazionali extra UE.<\/p>\n<p lang=\"it-IT\"><strong>Diritti dell\u2019interessato e reclamo al Garante Privacy<\/strong>. Lei ha diritto di richiederci in qualsiasi momento l\u2019accesso ai dati che La riguardano, la loro modifica, integrazione o cancellazione, la limitazione o l\u2019opposizione al loro trattamento, laddove vi siano motivi legittimi, nonch\u00e9 la portabilit\u00e0 dei suddetti dati presso un altro Titolare del trattamento. Le forniremo risposta in forma scritta entro 30 giorni. Potr\u00e0 revocare, in qualsiasi momento, i consensi prestati sul presente sito, contattando uno dei recapiti indicati nel paragrafo \u201cInformazioni sul Titolare del trattamento e sull\u2019eventuale Responsabile della protezione dei dati\u201d. Le \u00e8 possibile inoltre proporre reclamo all\u2019Autorit\u00e0 di controllo nazionale, laddove reputi che i Suoi dati siano stati trattati illegittimamente.<\/p>\n<p lang=\"it-IT\"><strong>Informazioni sul Titolare del trattamento. <\/strong>Il Titolare del Trattamento \u00e8 Salus Sas di Giuliani F. &amp; C., con sede legale in Pianizza di sotto 9, 39052 Caldaro (BZ). Per esercitare i diritti previsti dalla normativa e meglio specificati sopra \u00e8 possibile contattare il Titolare presso la sua sede oppure telefonando al numero 0471 965063 o scrivendo a info@biergarten-kaltern.it.<\/p>\n<p><strong>Cookie Policy Salus SAS:<\/strong>\u00a0Al fine di rendere pi\u00f9 comoda possibile la Sua visita al nostro sito web, per la presentazione del nostro assortimento di prodotti utilizziamo dei cookies. Si tratta di piccoli aggregati di testo registrati localmente nella memoria temporanea del Suo browser, e quindi nel Suo computer, per periodi di tempo variabili in funzione dell\u2019esigenza e generalmente compresi tra poche ore ad alcuni anni, con l\u2019eccezione dei cookie di profilazione la cui durata massima \u00e8 di 365 giorni solari.<br \/>\nMediante i cookie \u00e8 possibile registrare in modo semi-permanente informazioni relative alle Sue preferenze e altri dati tecnici che permettono una navigazione pi\u00f9 agevole e una maggiore facilit\u00e0 d\u2019uso e efficacia del sito stesso. Ad esempio, i cookies possono essere usati per determinare se \u00e8 gi\u00e0 stata effettuata una connessione fra il Suo computer e i nostri siti per evidenziare le novit\u00e0 o mantenere le informazioni di \u201clogin\u201d. A Sua garanzia, viene identificato solo il cookie memorizzato sul suo computer.<br \/>\nIl presente utilizzo non fa assolutamente utilizzo di cd. cookie di profilazione. Nessun dato in ordine ai suoi gusti, preferenze, hobby e passioni o qualsiasi altra informazione utile a fini commerciali o latamente tali viene memorizzato o analizzato.<\/p>\n<p><strong>Tipologie di Cookie implementati:\u00a0<\/strong><br \/>\nQuesto sito fa uso di due diverse tipologie di cookie:<\/p>\n<p><strong>A) Cookie tecnici essenziali:\u00a0<\/strong><br \/>\nQuesti cookie sono necessari al corretto funzionamento del sito. Consentono la navigazione delle pagine, la condivisione dei nostri contenuti, la memorizzazione delle Sue credenziali di accesso per rendere pi\u00f9 rapido l\u2019ingresso nel sito e per mantenere attive le Sue preferenze e credenziali durante la navigazione. Senza questi cookie non potremmo fornire i servizi per i quali gli utenti accedono al sito.<\/p>\n<p><strong>B) Cookie statistici e prestazionali:\u00a0<\/strong><br \/>\nQuesti cookie ci permettono di sapere in che modo i visitatori utilizzano il sito, per poterne cos\u00ec valutare e migliorare il funzionamento e privilegiare la produzione di contenuti che meglio incontrano i bisogni informativi dei nostri utenti. Ad esempio, consentono di sapere quali sono le pagine pi\u00f9 e meno frequentate. Tengono conto, tra le altre cose, del numero di visitatori, del tempo trascorso sul sito dalla media degli utenti e delle modalit\u00e0 di arrivo di questi. In questo modo, possiamo sapere che cosa funziona bene e che cosa migliorare, oltre ad assicurarci che le pagine si carichino velocemente e siano visualizzate correttamente. Tutte le informazioni e i dati raccolti da questi cookie sono anonime e non collegate ai dati personali dell\u2019utente e vengono gestiti dal sito in maniera aggregata. Per eseguire queste funzioni nei nostri siti utilizziamo i servizi di terze parti che anonimizzano i dati rendendoli non riconducibili a singoli individui (cosiddetto \u201csingle-in\u201d). Laddove siano presenti servizi non completamente anonimizzati, Puoi trovarli elencati tra i cookie di terze parti per i quali \u00e8 possibile negare il consenso, a garanzia della Sua privacy.<br \/>\nIn tal senso il presente sito utilizza Google Analytics. Google Analytics \u00e8 un servizio di analisi web fornito da Google, Inc. (\u201cGoogle\u201d). Google Analytics utilizza dei \u201ccookies\u201d, per consentire al sito web di analizzare come gli utenti utilizzano il sito. Le informazioni generate dal cookie sull\u2019utilizzo del sito web da parte Vostra (compreso il Vostro indirizzo IP) verranno trasmesse a, e depositate presso i server di Google negli Stati Uniti. Google utilizzer\u00e0 queste informazioni allo scopo di tracciare ed esaminare il Vostro utilizzo del sito web, compilare report sulle attivit\u00e0 del sito web per gli operatori del sito web e fornire altri servizi relativi alle attivit\u00e0 del sito web e all\u2019utilizzo di Internet. Google pu\u00f2 anche trasferire queste informazioni a terzi ove ci\u00f2 sia imposto dalla legge o laddove tali terzi trattino le suddette informazioni per conto di Google. Google non assocer\u00e0 il vostro indirizzo IP a nessun altro dato posseduto da Google.<\/p>\n<p>Le funzioni materialmente svolte dai Cookie presenti sul sito sono le seguenti:<\/p>\n<p><strong>Preferenze<\/strong><br \/>\nLa perdita delle informazioni memorizzate in un cookie delle preferenze potrebbe rendere meno funzionale l\u2019esperienza sul sito web ma non dovrebbe comprometterne il funzionamento. La maggior parte degli utenti di Google ha un cookie delle preferenze chiamato \u201cPREF\u201d nei browser. Un browser invia questo cookie con le richieste ai siti di Google. Il cookie PREF potrebbe memorizzare le tue preferenze e altre informazioni, in particolare la tua lingua preferita (ad esempio l\u2019italiano), il numero di risultati di ricerca che desideri visualizzare per ogni pagina (ad esempio 10 o 20) e la tua preferenza di attivazione del filtro SafeSearch di Google.<\/p>\n<p><strong>Sicurezza<\/strong><br \/>\nUtilizziamo i cookie di sicurezza per autenticare gli utenti, prevenire l\u2019uso fraudolento delle credenziali di accesso e proteggere i dati degli utenti da soggetti non autorizzati.<br \/>\nAd esempio, utilizziamo cookie chiamati \u201cSID\u201d e \u201cHSID\u201d contenenti record con firma digitale e crittografati per l\u2019ID dell\u2019account Google di un utente e per la sua data di accesso pi\u00f9 recente. La combinazione di questi due cookie ci permette di bloccare molti tipi di attacchi, ad esempio i tentativi di rubare i contenuti dei moduli che completi sulle pagine web.<\/p>\n<p><strong>Processi<\/strong><br \/>\nI cookie dei processi contribuiscono al funzionamento dei siti web e all\u2019offerta dei servizi che i visitatori si aspettano di trovarvi, ad esempio la possibilit\u00e0 di navigare tra le pagine o di accedere ad aree protette del sito. Senza questi cookie, il sito non pu\u00f2 funzionare correttamente.<br \/>\nAd esempio, utilizziamo un cookie chiamato \u201clbcs\u201d che consente a Google Documenti di aprire molti documenti in un unico browser. Il blocco di questo cookie potrebbe compromettere il corretto funzionamento di Google Documenti.<\/p>\n<p><strong>Analytics<\/strong><br \/>\nGoogle Analytics \u00e8 uno strumento di analisi di Google che aiuta i proprietari di siti web e app a capire come i visitatori interagiscono con i contenuti di loro propriet\u00e0. Si pu\u00f2 utilizzare un set di cookie per raccogliere informazioni e generare statistiche di utilizzo del sito web senza identificazione personale dei singoli visitatori da parte di Google.<br \/>\nOltre a generare rapporti sulle statistiche di utilizzo dei siti web, il tag pixel di Google Analytics pu\u00f2 essere utilizzato, insieme ad alcuni cookie per la pubblicit\u00e0 descritti sopra, per consentirci di mostrare risultati pi\u00f9 pertinenti nelle propriet\u00e0 di Google (come la Ricerca Google) e in tutto il Web.<br \/>\n<u><a href=\"http:\/\/developers.google.com\/analytics\/resources\/concepts\/gaConceptsCookies\" target=\"_blank\" rel=\"noopener\">Se vuoi conoscerne di pi\u00f9 leggi ulteriori informazioni su cookie di Analytics e privacy.<\/a><\/u><\/p>\n<p><strong>Gestione dei cookie e preferenze:<\/strong><br \/>\nNel caso in cui Tu abbia dubbi o preoccupazioni in merito all\u2019utilizzo dei cookie \u00e8 sempre possibile intervenire per impedirne l\u2019impostazione e la lettura, ad esempio modificando le impostazioni sulla privacy all\u2019interno del Suo browser al fine di bloccarne determinati tipi.\u00a0Poich\u00e9 ciascun browser \u2013 e spesso diverse versioni dello stesso browser \u2013 differiscono anche sensibilmente le une dalle altre se preferisce agire autonomamente mediante le preferenze del Suo browser pu\u00f2 trovare informazioni dettagliate sulla procedura necessaria nella guida del Suo browser. Per una panoramica delle modalit\u00e0 di azione per i browser pi\u00f9 comuni, pu\u00f2 visitare l\u2019indirizzo <u><a href=\"http:\/\/www.cookiepedia.co.uk\/\" target=\"_blank\" rel=\"noopener\">www.cookiepedia.co.uk\u00a0<\/a><\/u><br \/>\nLa maggior parte dei browser consentono di gestire le preferenze relative ai cookies. \u00c8 possibile impostare il proprio browser per rifiutare i cookies o per cancellarne solo alcuni. Allo stesso modo in cui si disabilita l\u2019utilizzo dei cookies, si possono disabilitare le altre tecnologie similari.<\/p>\n<p>I seguenti link mostrano come \u00e8 possibile impostare le preferenze sui browser utilizzati pi\u00f9 comunemente:<\/p>\n<p><u><a href=\"http:\/\/goo.gl\/hwvr9\" target=\"_blank\" rel=\"noopener\">Internet Explorer\u00a0<\/a><\/u><br \/>\n<u><a href=\"https:\/\/goo.gl\/Oh7kxR\" target=\"_blank\" rel=\"noopener\">Firefox\u00a0<\/a><\/u><br \/>\n<u><a href=\"https:\/\/goo.gl\/2u1O5w\" target=\"_blank\" rel=\"noopener\">Safari\u00a0<\/a><\/u><br \/>\n<u><a href=\"https:\/\/goo.gl\/r5618P\" target=\"_blank\" rel=\"noopener\">Chrome<\/a><\/u><\/p>\n<p>Per maggiori informazioni e possibilit\u00e0 di rinuncia, visita l\u2019indirizzo\u00a0<u><a href=\"http:\/\/www.youronlinechoices.eu\/\" target=\"_blank\" rel=\"noopener\">www.youronlinechoices.eu<\/a><\/u><br \/>\nLe societ\u00e0 pubblicitarie consentono inoltre di rinunciare alla ricezione di annunci mirati, se lo si desidera. Ci\u00f2 non impedisce l\u2019impostazione dei cookie, ma interrompe l\u2019utilizzo e la raccolta di alcuni dati da parte di tali societ\u00e0.<br \/>\nPotete rifiutarvi di usare i cookies selezionando l\u2019impostazione appropriata sul vostro browser, ma ci\u00f2 potrebbe impedirvi di utilizzare tutte le funzionalit\u00e0 di questo sito web. Utilizzando il presente sito web, voi acconsentite al trattamento dei Vostri dati da parte di Google per le modalit\u00e0 e i fini sopraindicati.<br \/>\nL\u2019installazione dei cookie pu\u00f2 essere bloccata mediante l\u2019apposita impostazione del browser; tuttavia, occorre tenere presente che abilitando il blocco, alcune funzioni di questo sito web potrebbero non essere pienamente utilizzabili. \u00c8 possibile impedire la registrazione e il trattamento delle informazioni generate dai cookies (incl. l\u2019indirizzo IP) da parte di Google.<\/p>\n<p><strong>Accettazione e rinuncia dei cookie:<\/strong>\u00a0Proseguendo nella navigazione su questo sito chiudendo la fascetta informativa o facendo click in una qualsiasi parte della pagina o scorrendola per evidenziare ulteriore contenuto, si accetta la Cookie Policy del sito hotel-weingarten.it\u00a0di Salus SAS\u00a0e verranno impostati e raccolti i cookie. Avrai sempre la possibilit\u00e0 di rimuovere tali cookie in qualsiasi momento attraverso le modalit\u00e0 di cui ai siti citati nel paragrafo \u201cGestione dei cookie\u201d.<\/p>\n<p><strong>DIRITTI DEGLI INTERESSATI:<\/strong>\u00a0L\u2019interessato ha il diritto di ottenere l\u2019aggiornamento, la rettificazione, l\u2019integrazione, la cancellazione, la trasformazione in via anonima o il blocco dei dati trattati in violazione di legge. L\u2019interessato ha diritto di opporsi, in tutto o in parte, per motivi legittimi al trattamento dei dati personali che lo riguardano, ancorch\u00e9 pertinenti allo scopo della raccolta, e senza motivo al trattamento che lo riguarda a fini di invio di materiale pubblicitario e di vendita diretta o per il compimento di ricerche di mercato o di comunicazione commerciale. I diritti in oggetto possono essere esercitati, anche per il tramite di un incaricato, mediante richiesta rivolta a: Flavio Giuliani,\u00a0Salus SAS, Pianizza di Sotto 9, con lettera raccomandata o e-mail all\u2019indirizzo: info@hotel-weingarten.it<\/p>\n<p>Il foglio HTML cheat ha il suo editor incorporato in cui \u00e8 possibile visualizzare in anteprima il documento in cui si lavora. <a href=\"http:\/\/htmlcheatsheet.com\/\">Clicca qui<\/a> per provarlo.<\/p>\n","protected":false},"excerpt":{"rendered":"<p>PRIVACY POLICY DEL SITO WWW.HOTEL-WEINGARTEN.IT Salus Sas di Giuliani F. &amp; C. illustra, nella presente pagina, come tratta i dati degli utenti che visitano il suo sito e come agiscono&#8230;<\/p>\n","protected":false},"author":6,"featured_media":0,"parent":0,"menu_order":0,"comment_status":"closed","ping_status":"closed","template":"","meta":{"footnotes":""},"class_list":["post-8804","page","type-page","status-publish"],"yoast_head":"<!-- This site is optimized with the Yoast SEO plugin v27.4 - https:\/\/yoast.com\/product\/yoast-seo-wordpress\/ -->\n<title>Privacy - Hotel Weingarten<\/title>\n<meta name=\"robots\" content=\"index, follow, max-snippet:-1, max-image-preview:large, max-video-preview:-1\" \/>\n<link rel=\"canonical\" href=\"https:\/\/hotel-weingarten.it\/en\/privacy\/\" \/>\n<meta property=\"og:locale\" content=\"en_US\" \/>\n<meta property=\"og:type\" content=\"article\" \/>\n<meta property=\"og:title\" content=\"Privacy - Hotel Weingarten\" \/>\n<meta property=\"og:description\" content=\"PRIVACY POLICY DEL SITO WWW.HOTEL-WEINGARTEN.IT Salus Sas di Giuliani F. &amp; C. illustra, nella presente pagina, come tratta i dati degli utenti che visitano il suo sito e come agiscono...\" \/>\n<meta property=\"og:url\" content=\"https:\/\/hotel-weingarten.it\/en\/privacy\/\" \/>\n<meta property=\"og:site_name\" content=\"Hotel Weingarten\" \/>\n<meta property=\"article:publisher\" content=\"https:\/\/www.facebook.com\/Hotel.Weingarten\/\" \/>\n<meta property=\"article:modified_time\" content=\"2018-05-31T10:11:29+00:00\" \/>\n<meta name=\"twitter:card\" content=\"summary_large_image\" \/>\n<meta name=\"twitter:label1\" content=\"Est. reading time\" \/>\n\t<meta name=\"twitter:data1\" content=\"11 minutes\" \/>\n<script type=\"application\/ld+json\" class=\"yoast-schema-graph\">{\"@context\":\"https:\\\/\\\/schema.org\",\"@graph\":[{\"@type\":\"WebPage\",\"@id\":\"https:\\\/\\\/hotel-weingarten.it\\\/en\\\/privacy\\\/\",\"url\":\"https:\\\/\\\/hotel-weingarten.it\\\/en\\\/privacy\\\/\",\"name\":\"Privacy - Hotel Weingarten\",\"isPartOf\":{\"@id\":\"https:\\\/\\\/hotel-weingarten.it\\\/en\\\/#website\"},\"datePublished\":\"2016-05-31T16:23:17+00:00\",\"dateModified\":\"2018-05-31T10:11:29+00:00\",\"breadcrumb\":{\"@id\":\"https:\\\/\\\/hotel-weingarten.it\\\/en\\\/privacy\\\/#breadcrumb\"},\"inLanguage\":\"en-US\",\"potentialAction\":[{\"@type\":\"ReadAction\",\"target\":[\"https:\\\/\\\/hotel-weingarten.it\\\/en\\\/privacy\\\/\"]}]},{\"@type\":\"BreadcrumbList\",\"@id\":\"https:\\\/\\\/hotel-weingarten.it\\\/en\\\/privacy\\\/#breadcrumb\",\"itemListElement\":[{\"@type\":\"ListItem\",\"position\":1,\"name\":\"Home\",\"item\":\"https:\\\/\\\/hotel-weingarten.it\\\/en\\\/\"},{\"@type\":\"ListItem\",\"position\":2,\"name\":\"Privacy\"}]},{\"@type\":\"WebSite\",\"@id\":\"https:\\\/\\\/hotel-weingarten.it\\\/en\\\/#website\",\"url\":\"https:\\\/\\\/hotel-weingarten.it\\\/en\\\/\",\"name\":\"Hotel Weingarten\",\"description\":\"\",\"potentialAction\":[{\"@type\":\"SearchAction\",\"target\":{\"@type\":\"EntryPoint\",\"urlTemplate\":\"https:\\\/\\\/hotel-weingarten.it\\\/en\\\/?s={search_term_string}\"},\"query-input\":{\"@type\":\"PropertyValueSpecification\",\"valueRequired\":true,\"valueName\":\"search_term_string\"}}],\"inLanguage\":\"en-US\"}]}<\/script>\n<!-- \/ Yoast SEO plugin. -->","yoast_head_json":{"title":"Privacy - Hotel Weingarten","robots":{"index":"index","follow":"follow","max-snippet":"max-snippet:-1","max-image-preview":"max-image-preview:large","max-video-preview":"max-video-preview:-1"},"canonical":"https:\/\/hotel-weingarten.it\/en\/privacy\/","og_locale":"en_US","og_type":"article","og_title":"Privacy - Hotel Weingarten","og_description":"PRIVACY POLICY DEL SITO WWW.HOTEL-WEINGARTEN.IT Salus Sas di Giuliani F. &amp; C. illustra, nella presente pagina, come tratta i dati degli utenti che visitano il suo sito e come agiscono...","og_url":"https:\/\/hotel-weingarten.it\/en\/privacy\/","og_site_name":"Hotel Weingarten","article_publisher":"https:\/\/www.facebook.com\/Hotel.Weingarten\/","article_modified_time":"2018-05-31T10:11:29+00:00","twitter_card":"summary_large_image","twitter_misc":{"Est. reading time":"11 minutes"},"schema":{"@context":"https:\/\/schema.org","@graph":[{"@type":"WebPage","@id":"https:\/\/hotel-weingarten.it\/en\/privacy\/","url":"https:\/\/hotel-weingarten.it\/en\/privacy\/","name":"Privacy - Hotel Weingarten","isPartOf":{"@id":"https:\/\/hotel-weingarten.it\/en\/#website"},"datePublished":"2016-05-31T16:23:17+00:00","dateModified":"2018-05-31T10:11:29+00:00","breadcrumb":{"@id":"https:\/\/hotel-weingarten.it\/en\/privacy\/#breadcrumb"},"inLanguage":"en-US","potentialAction":[{"@type":"ReadAction","target":["https:\/\/hotel-weingarten.it\/en\/privacy\/"]}]},{"@type":"BreadcrumbList","@id":"https:\/\/hotel-weingarten.it\/en\/privacy\/#breadcrumb","itemListElement":[{"@type":"ListItem","position":1,"name":"Home","item":"https:\/\/hotel-weingarten.it\/en\/"},{"@type":"ListItem","position":2,"name":"Privacy"}]},{"@type":"WebSite","@id":"https:\/\/hotel-weingarten.it\/en\/#website","url":"https:\/\/hotel-weingarten.it\/en\/","name":"Hotel Weingarten","description":"","potentialAction":[{"@type":"SearchAction","target":{"@type":"EntryPoint","urlTemplate":"https:\/\/hotel-weingarten.it\/en\/?s={search_term_string}"},"query-input":{"@type":"PropertyValueSpecification","valueRequired":true,"valueName":"search_term_string"}}],"inLanguage":"en-US"}]}},"_links":{"self":[{"href":"https:\/\/hotel-weingarten.it\/en\/wp-json\/wp\/v2\/pages\/8804","targetHints":{"allow":["GET"]}}],"collection":[{"href":"https:\/\/hotel-weingarten.it\/en\/wp-json\/wp\/v2\/pages"}],"about":[{"href":"https:\/\/hotel-weingarten.it\/en\/wp-json\/wp\/v2\/types\/page"}],"author":[{"embeddable":true,"href":"https:\/\/hotel-weingarten.it\/en\/wp-json\/wp\/v2\/users\/6"}],"replies":[{"embeddable":true,"href":"https:\/\/hotel-weingarten.it\/en\/wp-json\/wp\/v2\/comments?post=8804"}],"version-history":[{"count":0,"href":"https:\/\/hotel-weingarten.it\/en\/wp-json\/wp\/v2\/pages\/8804\/revisions"}],"wp:attachment":[{"href":"https:\/\/hotel-weingarten.it\/en\/wp-json\/wp\/v2\/media?parent=8804"}],"curies":[{"name":"wp","href":"https:\/\/api.w.org\/{rel}","templated":true}]}}